{"id":26312,"date":"2022-07-17T11:51:31","date_gmt":"2022-07-17T09:51:31","guid":{"rendered":"https:\/\/arturosanchez.com\/?post_type=product&#038;p=26312"},"modified":"2023-04-19T09:25:42","modified_gmt":"2023-04-19T09:25:42","slug":"half-loin-of-bellota-100-iberian-roscal","status":"publish","type":"product","link":"https:\/\/arturosanchez.com\/en\/buy\/half-loin-of-bellota-100-iberian-roscal\/","title":{"rendered":"Half Loin of Bellota 100% Iberian"},"content":{"rendered":"<p>Arturo S\u00e1nchez&#8217;s Lomo de bellota ib\u00e9rico de Arturo S\u00e1nchez is a natural enchantment: enchanting, because it is instantly captivating, and natural, because it is captivating per se, without trying to be. The very condition of this piece means that it has a great infiltration of fat that gives it that peculiar and unmistakable marbling.<\/p>\n<p>Only the best loins reach this process. They must be impeccable pieces when fresh which, after marinating, are stuffed and dried in a hood in the heat of holm oak wood.<\/p>\n<ul>\n<li>Lomo (Iberico Pork Loin) 1-1.3 kg.<\/li>\n<li>Minimum 6 months natural curing process<\/li>\n<li>Acorn-fed iberico certified<\/li>\n<li>Iberian pork with double montanera acorn-fed pigs<\/li>\n<\/ul>\n<p>&nbsp;<\/p>\n<p><img decoding=\"async\" src=\"https:\/\/arturosanchez.com\/tienda\/img\/cms\/Gluten-free-AS.png\" alt=\"-\" width=\"60\" height=\"60\" title=\"-\"><img decoding=\"async\" src=\"https:\/\/arturosanchez.com\/tienda\/img\/cms\/Lactose-free-AS.png\" alt=\"-\" width=\"60\" height=\"60\" title=\"-\"><\/p>\n","protected":false},"excerpt":{"rendered":"<p>Arturo S\u00e1nchez&#8217;s Lomo de bellota ib\u00e9rico de Arturo S\u00e1nchez is a natural enchantment: enchanting, because it is instantly captivating, and natural, because it is captivating per se, without trying to be. The very condition of this piece means that it has a great infiltration of fat that gives it that peculiar and unmistakable marbling. Only [&hellip;]<\/p>\n","protected":false},"featured_media":25411,"comment_status":"open","ping_status":"closed","template":"","meta":{"wprm-recipe-roundup-name":"","wprm-recipe-roundup-description":""},"product_brand":[],"product_cat":[888,918,867],"product_tag":[],"class_list":{"0":"post-26312","1":"product","2":"type-product","3":"status-publish","4":"has-post-thumbnail","6":"product_cat-special-gifts","7":"product_cat-loin","8":"product_cat-cold-meats-iberian-products-en","10":"first","11":"instock","12":"taxable","13":"shipping-taxable","14":"purchasable","15":"product-type-simple"},"_links":{"self":[{"href":"https:\/\/arturosanchez.com\/en\/wp-json\/wp\/v2\/product\/26312","targetHints":{"allow":["GET"]}}],"collection":[{"href":"https:\/\/arturosanchez.com\/en\/wp-json\/wp\/v2\/product"}],"about":[{"href":"https:\/\/arturosanchez.com\/en\/wp-json\/wp\/v2\/types\/product"}],"replies":[{"embeddable":true,"href":"https:\/\/arturosanchez.com\/en\/wp-json\/wp\/v2\/comments?post=26312"}],"wp:featuredmedia":[{"embeddable":true,"href":"https:\/\/arturosanchez.com\/en\/wp-json\/wp\/v2\/media\/25411"}],"wp:attachment":[{"href":"https:\/\/arturosanchez.com\/en\/wp-json\/wp\/v2\/media?parent=26312"}],"wp:term":[{"taxonomy":"product_brand","embeddable":true,"href":"https:\/\/arturosanchez.com\/en\/wp-json\/wp\/v2\/product_brand?post=26312"},{"taxonomy":"product_cat","embeddable":true,"href":"https:\/\/arturosanchez.com\/en\/wp-json\/wp\/v2\/product_cat?post=26312"},{"taxonomy":"product_tag","embeddable":true,"href":"https:\/\/arturosanchez.com\/en\/wp-json\/wp\/v2\/product_tag?post=26312"}],"curies":[{"name":"wp","href":"https:\/\/api.w.org\/{rel}","templated":true}]}}