{"id":25540,"date":"2022-07-06T11:10:42","date_gmt":"2022-07-06T09:10:42","guid":{"rendered":"https:\/\/arturosanchez.com\/?page_id=25540"},"modified":"2022-10-17T13:12:58","modified_gmt":"2022-10-17T13:12:58","slug":"cochon-unique","status":"publish","type":"page","link":"https:\/\/arturosanchez.com\/fr\/cochon-unique\/","title":{"rendered":"Cochon unique"},"content":{"rendered":"\t\t<div data-elementor-type=\"wp-page\" data-elementor-id=\"25540\" class=\"elementor elementor-25540 elementor-25\" data-elementor-post-type=\"page\">\n\t\t\t\t\t\t<section class=\"elementor-section elementor-top-section elementor-element elementor-element-273196e elementor-section-height-min-height elementor-section-boxed elementor-section-height-default elementor-section-items-middle\" data-id=\"273196e\" data-element_type=\"section\" data-settings=\"{&quot;background_background&quot;:&quot;classic&quot;}\">\n\t\t\t\t\t\t\t<div class=\"elementor-background-overlay\"><\/div>\n\t\t\t\t\t\t\t<div class=\"elementor-container elementor-column-gap-wider\">\n\t\t\t\t\t<div class=\"elementor-column elementor-col-50 elementor-top-column elementor-element elementor-element-353d46e\" data-id=\"353d46e\" data-element_type=\"column\">\n\t\t\t<div class=\"elementor-widget-wrap elementor-element-populated\">\n\t\t\t\t\t\t<div class=\"elementor-element elementor-element-fa6e3dd elementor-hidden-mobile elementor-widget elementor-widget-heading\" data-id=\"fa6e3dd\" data-element_type=\"widget\" data-widget_type=\"heading.default\">\n\t\t\t\t<div class=\"elementor-widget-container\">\n\t\t\t<h2 class=\"elementor-heading-title elementor-size-default\">Doble montanera <span class=\"dorado\">  de Bellota  <\/span><\/h2>\t\t<\/div>\n\t\t\t\t<\/div>\n\t\t\t\t<div class=\"elementor-element elementor-element-9fa932a elementor-hidden-desktop elementor-hidden-tablet elementor-widget elementor-widget-heading\" data-id=\"9fa932a\" data-element_type=\"widget\" data-widget_type=\"heading.default\">\n\t\t\t\t<div class=\"elementor-widget-container\">\n\t\t\t<h2 class=\"elementor-heading-title elementor-size-default\">Double montanera de Bellota<\/h2>\t\t<\/div>\n\t\t\t\t<\/div>\n\t\t\t\t<div class=\"elementor-element elementor-element-50fdbc6 pp-dual-heading-inline elementor-widget elementor-widget-pp-dual-heading\" data-id=\"50fdbc6\" data-element_type=\"widget\" data-widget_type=\"pp-dual-heading.default\">\n\t\t\t\t<div class=\"elementor-widget-container\">\n\t\t\t<h2 class=\"pp-dual-heading\"><span class=\"pp-first-text\">La base <\/span><span class=\"pp-second-text\">de la production de produits uniques parmi les produits ib\u00e9riques.<\/span><\/h2>\t\t<\/div>\n\t\t\t\t<\/div>\n\t\t\t\t<div class=\"elementor-element elementor-element-e4beec5 elementor-hidden-mobile elementor-widget-divider--view-line elementor-widget elementor-widget-divider\" data-id=\"e4beec5\" data-element_type=\"widget\" data-widget_type=\"divider.default\">\n\t\t\t\t<div class=\"elementor-widget-container\">\n\t\t\t\t\t<div class=\"elementor-divider\">\n\t\t\t<span class=\"elementor-divider-separator\">\n\t\t\t\t\t\t<\/span>\n\t\t<\/div>\n\t\t\t\t<\/div>\n\t\t\t\t<\/div>\n\t\t\t\t\t<\/div>\n\t\t<\/div>\n\t\t\t\t<div class=\"elementor-column elementor-col-50 elementor-top-column elementor-element elementor-element-bc58da1\" data-id=\"bc58da1\" data-element_type=\"column\">\n\t\t\t<div class=\"elementor-widget-wrap\">\n\t\t\t\t\t\t\t<\/div>\n\t\t<\/div>\n\t\t\t\t\t<\/div>\n\t\t<\/section>\n\t\t\t\t<section class=\"elementor-section elementor-top-section elementor-element elementor-element-be8677c elementor-section-boxed elementor-section-height-default elementor-section-height-default\" data-id=\"be8677c\" data-element_type=\"section\">\n\t\t\t\t\t\t<div class=\"elementor-container elementor-column-gap-wider\">\n\t\t\t\t\t<div class=\"elementor-column elementor-col-50 elementor-top-column elementor-element elementor-element-4de8d57\" data-id=\"4de8d57\" data-element_type=\"column\">\n\t\t\t<div class=\"elementor-widget-wrap elementor-element-populated\">\n\t\t\t\t\t\t<div class=\"elementor-element elementor-element-0b9433f elementor-widget elementor-widget-heading\" data-id=\"0b9433f\" data-element_type=\"widget\" data-widget_type=\"heading.default\">\n\t\t\t\t<div class=\"elementor-widget-container\">\n\t\t\t<h2 class=\"elementor-heading-title elementor-size-default\">Un cochon unique<\/h2>\t\t<\/div>\n\t\t\t\t<\/div>\n\t\t\t\t<div class=\"elementor-element elementor-element-fae9dd7 elementor-widget elementor-widget-heading\" data-id=\"fae9dd7\" data-element_type=\"widget\" data-widget_type=\"heading.default\">\n\t\t\t\t<div class=\"elementor-widget-container\">\n\t\t\t<h2 class=\"elementor-heading-title elementor-size-default\">Seulement le meilleur ib\u00e9rique\nLes cochons ib\u00e9riques sont \u00e9lev\u00e9s dans les\nmeilleurs p\u00e2turages<\/h2>\t\t<\/div>\n\t\t\t\t<\/div>\n\t\t\t\t<div class=\"elementor-element elementor-element-6b40777 elementor-hidden-tablet elementor-widget elementor-widget-spacer\" data-id=\"6b40777\" data-element_type=\"widget\" data-widget_type=\"spacer.default\">\n\t\t\t\t<div class=\"elementor-widget-container\">\n\t\t\t\t\t<div class=\"elementor-spacer\">\n\t\t\t<div class=\"elementor-spacer-inner\"><\/div>\n\t\t<\/div>\n\t\t\t\t<\/div>\n\t\t\t\t<\/div>\n\t\t\t\t<div class=\"elementor-element elementor-element-cb1555f elementor-hidden-tablet elementor-widget elementor-widget-image\" data-id=\"cb1555f\" data-element_type=\"widget\" data-widget_type=\"image.default\">\n\t\t\t\t<div class=\"elementor-widget-container\">\n\t\t\t\t\t\t\t\t\t\t\t\t\t<img fetchpriority=\"high\" decoding=\"async\" width=\"393\" height=\"283\" src=\"https:\/\/arturosanchez.com\/wp-content\/uploads\/2022\/07\/unnamed.jpg\" class=\"attachment-large size-large wp-image-20406\" alt=\"-\" srcset=\"https:\/\/arturosanchez.com\/wp-content\/uploads\/2022\/07\/unnamed.jpg 393w, https:\/\/arturosanchez.com\/wp-content\/uploads\/2022\/07\/unnamed-300x216.jpg 300w\" sizes=\"(max-width: 393px) 100vw, 393px\" title=\"-\">\t\t\t\t\t\t\t\t\t\t\t\t\t<\/div>\n\t\t\t\t<\/div>\n\t\t\t\t<div class=\"elementor-element elementor-element-4f89d6c elementor-absolute elementor-hidden-mobile elementor-widget-divider--view-line elementor-widget elementor-widget-divider\" data-id=\"4f89d6c\" data-element_type=\"widget\" data-settings=\"{&quot;_position&quot;:&quot;absolute&quot;}\" data-widget_type=\"divider.default\">\n\t\t\t\t<div class=\"elementor-widget-container\">\n\t\t\t\t\t<div class=\"elementor-divider\">\n\t\t\t<span class=\"elementor-divider-separator\">\n\t\t\t\t\t\t<\/span>\n\t\t<\/div>\n\t\t\t\t<\/div>\n\t\t\t\t<\/div>\n\t\t\t\t\t<\/div>\n\t\t<\/div>\n\t\t\t\t<div class=\"elementor-column elementor-col-50 elementor-top-column elementor-element elementor-element-25635fa\" data-id=\"25635fa\" data-element_type=\"column\">\n\t\t\t<div class=\"elementor-widget-wrap elementor-element-populated\">\n\t\t\t\t\t\t<div class=\"elementor-element elementor-element-25cc774 elementor-hidden-mobile elementor-widget elementor-widget-image\" data-id=\"25cc774\" data-element_type=\"widget\" data-widget_type=\"image.default\">\n\t\t\t\t<div class=\"elementor-widget-container\">\n\t\t\t\t\t\t\t\t\t\t\t\t\t<img decoding=\"async\" width=\"706\" height=\"469\" src=\"https:\/\/arturosanchez.com\/wp-content\/uploads\/2022\/07\/unnamed2.jpg\" class=\"attachment-large size-large wp-image-20411\" alt=\"-\" srcset=\"https:\/\/arturosanchez.com\/wp-content\/uploads\/2022\/07\/unnamed2.jpg 706w, https:\/\/arturosanchez.com\/wp-content\/uploads\/2022\/07\/unnamed2-300x199.jpg 300w, https:\/\/arturosanchez.com\/wp-content\/uploads\/2022\/07\/unnamed2-600x399.jpg 600w\" sizes=\"(max-width: 706px) 100vw, 706px\" title=\"-\">\t\t\t\t\t\t\t\t\t\t\t\t\t<\/div>\n\t\t\t\t<\/div>\n\t\t\t\t<div class=\"elementor-element elementor-element-22dded5 elementor-widget elementor-widget-heading\" data-id=\"22dded5\" data-element_type=\"widget\" data-widget_type=\"heading.default\">\n\t\t\t\t<div class=\"elementor-widget-container\">\n\t\t\t<p class=\"elementor-heading-title elementor-size-default\">Nous commen\u00e7ons par une mati\u00e8re premi\u00e8re unique, \u00e9lev\u00e9e en exclusivit\u00e9 pour Arturo S\u00e1nchez par\nexclusivement pour Arturo S\u00e1nchez par de v\u00e9ritables experts en la mati\u00e8re.<\/p>\t\t<\/div>\n\t\t\t\t<\/div>\n\t\t\t\t<div class=\"elementor-element elementor-element-ac75c05 elementor-widget elementor-widget-spacer\" data-id=\"ac75c05\" data-element_type=\"widget\" data-widget_type=\"spacer.default\">\n\t\t\t\t<div class=\"elementor-widget-container\">\n\t\t\t\t\t<div class=\"elementor-spacer\">\n\t\t\t<div class=\"elementor-spacer-inner\"><\/div>\n\t\t<\/div>\n\t\t\t\t<\/div>\n\t\t\t\t<\/div>\n\t\t\t\t<section class=\"elementor-section elementor-inner-section elementor-element elementor-element-f72542f elementor-section-boxed elementor-section-height-default elementor-section-height-default\" data-id=\"f72542f\" data-element_type=\"section\">\n\t\t\t\t\t\t<div class=\"elementor-container elementor-column-gap-default\">\n\t\t\t\t\t<div class=\"elementor-column elementor-col-50 elementor-inner-column elementor-element elementor-element-fa1e68b\" data-id=\"fa1e68b\" data-element_type=\"column\">\n\t\t\t<div class=\"elementor-widget-wrap elementor-element-populated\">\n\t\t\t\t\t\t<div class=\"elementor-element elementor-element-9f83f75 elementor-widget elementor-widget-text-editor\" data-id=\"9f83f75\" data-element_type=\"widget\" data-widget_type=\"text-editor.default\">\n\t\t\t\t<div class=\"elementor-widget-container\">\n\t\t\t\t\t\t\t<p>Nous s\u00e9lectionnons les porcs en fonction de nos besoins en termes de race, d&rsquo;\u00e2ge et d&rsquo;alimentation. Nous savons ce que nous voulons et nous travaillons exclusivement avec des agriculteurs auxquels nous faisons absolument confiance dans les meilleurs p\u00e2turages du nord de S\u00e9ville et du sud de l&rsquo;Estr\u00e9madure. Ce sont de v\u00e9ritables experts de l&rsquo;\u00e9levage de porcs ib\u00e9riques et, comme nous, ils sont passionn\u00e9s par leur travail : ils voient le lever et le coucher du soleil dans les p\u00e2turages, veillant \u00e0 ce que nos animaux soient nourris correctement et se d\u00e9veloppent en libert\u00e9.<\/p>\t\t\t\t\t\t<\/div>\n\t\t\t\t<\/div>\n\t\t\t\t\t<\/div>\n\t\t<\/div>\n\t\t\t\t<div class=\"elementor-column elementor-col-50 elementor-inner-column elementor-element elementor-element-7c438b2\" data-id=\"7c438b2\" data-element_type=\"column\">\n\t\t\t<div class=\"elementor-widget-wrap elementor-element-populated\">\n\t\t\t\t\t\t<div class=\"elementor-element elementor-element-05c0574 elementor-widget elementor-widget-text-editor\" data-id=\"05c0574\" data-element_type=\"widget\" data-widget_type=\"text-editor.default\">\n\t\t\t\t<div class=\"elementor-widget-container\">\n\t\t\t\t\t\t\t<p>Nous sommes les seuls \u00e0 attendre, saison apr\u00e8s saison, que nos porcs nourris aux glands 100% ib\u00e9riques atteignent l&rsquo;\u00e2ge de deux ans et, par cons\u00e9quent, qu&rsquo;ils puissent se nourrir de glands pendant deux montaneras.<\/p><p>Nous veillons ainsi \u00e0 ce que leur d\u00e9veloppement musculaire et osseux soit complet, avec une infiltration de graisses bonnes pour le c\u0153ur, dont la teneur en acide ol\u00e9ique n&rsquo;est d\u00e9pass\u00e9e que par l&rsquo;huile d&rsquo;olive.<\/p>\t\t\t\t\t\t<\/div>\n\t\t\t\t<\/div>\n\t\t\t\t\t<\/div>\n\t\t<\/div>\n\t\t\t\t\t<\/div>\n\t\t<\/section>\n\t\t\t\t\t<\/div>\n\t\t<\/div>\n\t\t\t\t\t<\/div>\n\t\t<\/section>\n\t\t\t\t<section class=\"elementor-section elementor-top-section elementor-element elementor-element-bf8568a elementor-reverse-tablet elementor-section-boxed elementor-section-height-default elementor-section-height-default\" data-id=\"bf8568a\" data-element_type=\"section\" data-settings=\"{&quot;background_background&quot;:&quot;classic&quot;}\">\n\t\t\t\t\t\t<div class=\"elementor-container elementor-column-gap-wider\">\n\t\t\t\t\t<div class=\"elementor-column elementor-col-50 elementor-top-column elementor-element elementor-element-986357f elementor-hidden-mobile\" data-id=\"986357f\" data-element_type=\"column\">\n\t\t\t<div class=\"elementor-widget-wrap elementor-element-populated\">\n\t\t\t\t\t\t<div class=\"elementor-element elementor-element-0787b13 elementor-widget elementor-widget-image\" data-id=\"0787b13\" data-element_type=\"widget\" data-widget_type=\"image.default\">\n\t\t\t\t<div class=\"elementor-widget-container\">\n\t\t\t\t\t\t\t\t\t\t\t\t\t<img decoding=\"async\" width=\"480\" height=\"682\" src=\"https:\/\/arturosanchez.com\/wp-content\/uploads\/2022\/07\/004.jpg\" class=\"attachment-large size-large wp-image-20416\" alt=\"-\" srcset=\"https:\/\/arturosanchez.com\/wp-content\/uploads\/2022\/07\/004.jpg 480w, https:\/\/arturosanchez.com\/wp-content\/uploads\/2022\/07\/004-211x300.jpg 211w\" sizes=\"(max-width: 480px) 100vw, 480px\" title=\"-\">\t\t\t\t\t\t\t\t\t\t\t\t\t<\/div>\n\t\t\t\t<\/div>\n\t\t\t\t<div class=\"elementor-element elementor-element-a2e1115 elementor-widget elementor-widget-spacer\" data-id=\"a2e1115\" data-element_type=\"widget\" data-widget_type=\"spacer.default\">\n\t\t\t\t<div class=\"elementor-widget-container\">\n\t\t\t\t\t<div class=\"elementor-spacer\">\n\t\t\t<div class=\"elementor-spacer-inner\"><\/div>\n\t\t<\/div>\n\t\t\t\t<\/div>\n\t\t\t\t<\/div>\n\t\t\t\t\t<\/div>\n\t\t<\/div>\n\t\t\t\t<div class=\"elementor-column elementor-col-50 elementor-top-column elementor-element elementor-element-045b22c\" data-id=\"045b22c\" data-element_type=\"column\">\n\t\t\t<div class=\"elementor-widget-wrap elementor-element-populated\">\n\t\t\t\t\t\t<div class=\"elementor-element elementor-element-b94e2cc elementor-widget elementor-widget-heading\" data-id=\"b94e2cc\" data-element_type=\"widget\" data-widget_type=\"heading.default\">\n\t\t\t\t<div class=\"elementor-widget-container\">\n\t\t\t<h5 class=\"elementor-heading-title elementor-size-default\">Nous sommes ce <\/br>\nque nous mangeons \n<\/h5>\t\t<\/div>\n\t\t\t\t<\/div>\n\t\t\t\t<div class=\"elementor-element elementor-element-7bed1bc elementor-hidden-desktop elementor-hidden-tablet elementor-widget elementor-widget-image\" data-id=\"7bed1bc\" data-element_type=\"widget\" data-widget_type=\"image.default\">\n\t\t\t\t<div class=\"elementor-widget-container\">\n\t\t\t\t\t\t\t\t\t\t\t\t\t<img loading=\"lazy\" decoding=\"async\" width=\"426\" height=\"258\" src=\"https:\/\/arturosanchez.com\/wp-content\/uploads\/2022\/07\/004-2.jpg\" class=\"attachment-large size-large wp-image-25217\" alt=\"-\" srcset=\"https:\/\/arturosanchez.com\/wp-content\/uploads\/2022\/07\/004-2.jpg 426w, https:\/\/arturosanchez.com\/wp-content\/uploads\/2022\/07\/004-2-300x182.jpg 300w\" sizes=\"(max-width: 426px) 100vw, 426px\" title=\"-\">\t\t\t\t\t\t\t\t\t\t\t\t\t<\/div>\n\t\t\t\t<\/div>\n\t\t\t\t<div class=\"elementor-element elementor-element-bb6410c elementor-widget elementor-widget-text-editor\" data-id=\"bb6410c\" data-element_type=\"widget\" data-widget_type=\"text-editor.default\">\n\t\t\t\t<div class=\"elementor-widget-container\">\n\t\t\t\t\t\t\t<p>Nous et eux. C&rsquo;est pourquoi, apr\u00e8s avoir choisi les meilleurs animaux, nous surveillons de pr\u00e8s ce qu&rsquo;ils mangent. Leur alimentation, \u00e0 base de glands qui viennent de tomber du ch\u00eane vert et du ch\u00eane-li\u00e8ge pendant deux longues p\u00e9riodes d&rsquo;\u00e9levage en montagne, nous permet d&rsquo;obtenir une qualit\u00e9 bien sup\u00e9rieure dans tous nos produits.<\/p>\t\t\t\t\t\t<\/div>\n\t\t\t\t<\/div>\n\t\t\t\t<div class=\"elementor-element elementor-element-4ff7885 elementor-widget elementor-widget-text-editor\" data-id=\"4ff7885\" data-element_type=\"widget\" data-widget_type=\"text-editor.default\">\n\t\t\t\t<div class=\"elementor-widget-container\">\n\t\t\t\t\t\t\t<p>La combinaison de la puret\u00e9 de la race ib\u00e9rique 100% pure, de l&rsquo;\u00e2ge (qui est presque deux fois plus \u00e9lev\u00e9 que d&rsquo;habitude) et d&rsquo;une alimentation \u00e0 base de glands pendant deux longues \u00ab\u00a0montaneras\u00a0\u00bb, donne une qualit\u00e9 de viande et de graisse infiltr\u00e9e unique.<\/p>\t\t\t\t\t\t<\/div>\n\t\t\t\t<\/div>\n\t\t\t\t<div class=\"elementor-element elementor-element-9cf423e elementor-widget elementor-widget-text-editor\" data-id=\"9cf423e\" data-element_type=\"widget\" data-widget_type=\"text-editor.default\">\n\t\t\t\t<div class=\"elementor-widget-container\">\n\t\t\t\t\t\t\t<p>C&rsquo;est la base de l&rsquo;\u00e9laboration de nos jambons ib\u00e9riques, uniques parmi les jambons ib\u00e9riques, car nous sommes diff\u00e9rents d\u00e8s le d\u00e9part.<\/p>\t\t\t\t\t\t<\/div>\n\t\t\t\t<\/div>\n\t\t\t\t\t<\/div>\n\t\t<\/div>\n\t\t\t\t\t<\/div>\n\t\t<\/section>\n\t\t\t\t<section class=\"elementor-section elementor-top-section elementor-element elementor-element-ca45f62 elementor-section-boxed elementor-section-height-default elementor-section-height-default\" data-id=\"ca45f62\" data-element_type=\"section\">\n\t\t\t\t\t\t<div class=\"elementor-container elementor-column-gap-wider\">\n\t\t\t\t\t<div class=\"elementor-column elementor-col-50 elementor-top-column elementor-element elementor-element-4679fd1\" data-id=\"4679fd1\" data-element_type=\"column\">\n\t\t\t<div class=\"elementor-widget-wrap elementor-element-populated\">\n\t\t\t\t\t\t<div class=\"elementor-element elementor-element-447d959 elementor-widget elementor-widget-heading\" data-id=\"447d959\" data-element_type=\"widget\" data-widget_type=\"heading.default\">\n\t\t\t\t<div class=\"elementor-widget-container\">\n\t\t\t<h3 class=\"elementor-heading-title elementor-size-default\">Articles\narticles de fond sur\nla nutrition et la sant\u00e9<\/h3>\t\t<\/div>\n\t\t\t\t<\/div>\n\t\t\t\t<div class=\"elementor-element elementor-element-451a348 elementor-widget elementor-widget-spacer\" data-id=\"451a348\" data-element_type=\"widget\" data-widget_type=\"spacer.default\">\n\t\t\t\t<div class=\"elementor-widget-container\">\n\t\t\t\t\t<div class=\"elementor-spacer\">\n\t\t\t<div class=\"elementor-spacer-inner\"><\/div>\n\t\t<\/div>\n\t\t\t\t<\/div>\n\t\t\t\t<\/div>\n\t\t\t\t<div class=\"elementor-element elementor-element-ce7a4d9 elementor-align-right elementor-widget elementor-widget-button\" data-id=\"ce7a4d9\" data-element_type=\"widget\" data-widget_type=\"button.default\">\n\t\t\t\t<div class=\"elementor-widget-container\">\n\t\t\t\t\t\t\t<div class=\"elementor-button-wrapper\">\n\t\t\t\t\t<a class=\"elementor-button elementor-button-link elementor-size-sm\" href=\"https:\/\/arturosanchez.com\/comunidad-arturo-sanchez\/\">\n\t\t\t\t\t\t<span class=\"elementor-button-content-wrapper\">\n\t\t\t\t\t\t\t\t\t<span class=\"elementor-button-text\">Saber m\u00e1s<\/span>\n\t\t\t\t\t<\/span>\n\t\t\t\t\t<\/a>\n\t\t\t\t<\/div>\n\t\t\t\t\t\t<\/div>\n\t\t\t\t<\/div>\n\t\t\t\t\t<\/div>\n\t\t<\/div>\n\t\t\t\t<div class=\"elementor-column elementor-col-50 elementor-top-column elementor-element elementor-element-f028e0f\" data-id=\"f028e0f\" data-element_type=\"column\">\n\t\t\t<div class=\"elementor-widget-wrap elementor-element-populated\">\n\t\t\t\t\t\t<div class=\"elementor-element elementor-element-9841d8e elementor-grid-3 elementor-grid-tablet-2 elementor-grid-mobile-1 pp-equal-height-yes elementor-widget elementor-widget-pp-posts\" data-id=\"9841d8e\" data-element_type=\"widget\" data-widget_type=\"pp-posts.portfolio\">\n\t\t\t\t<div class=\"elementor-widget-container\">\n\t\t\t\t\t<div class=\"pp-posts-container swiper-container-wrap swiper-container-wrap-dots-outside\">\n\t\t\t\n\t\t\t\n\t\t\t<div class=\"pp-posts pp-posts-skin-portfolio pp-posts-carousel pp-swiper-slider swiper\" data-equal-height=\"yes\" data-query-type=\"custom\" data-layout=\"carousel\" data-page=\"25540\" data-skin=\"portfolio\" data-slider-settings=\"{&quot;direction&quot;:&quot;horizontal&quot;,&quot;effect&quot;:&quot;slide&quot;,&quot;speed&quot;:1200,&quot;slides_per_view&quot;:3,&quot;slides_to_scroll&quot;:1,&quot;centered_slides&quot;:false,&quot;loop&quot;:true,&quot;autoplay&quot;:&quot;yes&quot;,&quot;autoplay_speed&quot;:3600,&quot;pause_on_hover&quot;:&quot;yes&quot;,&quot;show_arrows&quot;:true,&quot;slides_per_view_mobile&quot;:1,&quot;slides_to_scroll_mobile&quot;:1,&quot;slides_per_view_tablet&quot;:2,&quot;slides_to_scroll_tablet&quot;:1}\">\n\t\t\t\t<div class=\"swiper-wrapper\">\t\t\t\t\t\t\t<div class=\"pp-post-wrap pp-carousel-item-wrap swiper-slide post-7689 post type-post status-publish format-standard has-post-thumbnail hentry category-non-classifiee\">\n\t\t\t\t\t\t<div class=\"pp-post pp-carousel-item\">\n\t\t\t\t<div class=\"pp-post-content pp-content-always\">\n\t\t\t\t\t\t\t\t\t\t<div class=\"pp-image-overlay\">\n\t\t\t\t\t<\/div>\n\t\t\t\t\t<div class=\"pp-post-thumb-content-wrap\">\n\t\t\t\t\t\t<div class=\"pp-post-thumb-content\">\n\t\t\t\t\t\t\t\t\t\t\t<div class=\"pp-post-terms-wrap\">\n\t\t\t<span class=\"pp-post-terms\">\n\t\t\t\t<span class=\"pp-post-term\"><a href=\"https:\/\/arturosanchez.com\/fr\/blog\/non-classifiee\/\">Non classifi\u00e9(e)<\/a><\/span>\t\t\t<\/span>\n\t\t<\/div>\n\t\t\t\t\t\t\t\t\t\t<h3 class=\"pp-post-title\">\n\t\t\t\t<a href=\"https:\/\/arturosanchez.com\/fr\/jambons-iberiques-recherche\/\">Tous les Jambons ib\u00e9riques ne sont pas identiques, nous sommes ce que nous mangeons<\/a>\t\t\t<\/h3>\n\t\t\t\t\t\t\t\t\t<div class=\"pp-post-meta\">\n\t\t\t\t\t\t\t\t<span class=\"pp-post-date\">\n\t\t\t\t\t\t<span class=\"pp-meta-text\">\n\t\t\t\t16 de juillet de 2020\t\t\t<\/span>\n\t\t<\/span>\n\t\t<span class=\"pp-meta-separator\"><\/span>\n\t\t\t\t\t\t\t<\/div>\n\t\t\t\t\t\t\t<div class=\"pp-post-excerpt\">\n\t\t\t<p>Notre entreprise familiale \u00e9labore depuis 100 ans des produits ib\u00e9riques \u00e0 Guijuelo avec des principes fondamentaux : une \u00e9laboration artisanale ...<\/p>\n\t\t<\/div>\n\t\t\t\t\t\t\t\t\t\t<\/div>\n\t\t\t\t\t<\/div>\n\t\t\t\t<\/div>\n\t\t\t<\/div>\n\t\t\t\t\t<\/div>\n\t\t\t\t\t\t<\/div>\t\t\t<\/div>\n\t\t\t\n\t\t\t\n\t\t\t\n\t\t\t\n\t\t\t\t\t<\/div>\n\n\t\t\n\t\t\t\t<\/div>\n\t\t\t\t<\/div>\n\t\t\t\t\t<\/div>\n\t\t<\/div>\n\t\t\t\t\t<\/div>\n\t\t<\/section>\n\t\t\t\t<\/div>\n\t\t","protected":false},"excerpt":{"rendered":"<p>Doble montanera de Bellota Double montanera de Bellota La base de la production de produits uniques parmi les produits ib\u00e9riques. Un cochon unique Seulement le meilleur ib\u00e9rique Les cochons ib\u00e9riques sont \u00e9lev\u00e9s dans les meilleurs p\u00e2turages Nous commen\u00e7ons par une mati\u00e8re premi\u00e8re unique, \u00e9lev\u00e9e en exclusivit\u00e9 pour Arturo S\u00e1nchez par exclusivement pour Arturo S\u00e1nchez par [&hellip;]<\/p>\n","protected":false},"author":3,"featured_media":0,"parent":0,"menu_order":0,"comment_status":"closed","ping_status":"closed","template":"","meta":{"wprm-recipe-roundup-name":"","wprm-recipe-roundup-description":"","footnotes":""},"class_list":["post-25540","page","type-page","status-publish","hentry"],"_links":{"self":[{"href":"https:\/\/arturosanchez.com\/fr\/wp-json\/wp\/v2\/pages\/25540","targetHints":{"allow":["GET"]}}],"collection":[{"href":"https:\/\/arturosanchez.com\/fr\/wp-json\/wp\/v2\/pages"}],"about":[{"href":"https:\/\/arturosanchez.com\/fr\/wp-json\/wp\/v2\/types\/page"}],"author":[{"embeddable":true,"href":"https:\/\/arturosanchez.com\/fr\/wp-json\/wp\/v2\/users\/3"}],"replies":[{"embeddable":true,"href":"https:\/\/arturosanchez.com\/fr\/wp-json\/wp\/v2\/comments?post=25540"}],"version-history":[{"count":0,"href":"https:\/\/arturosanchez.com\/fr\/wp-json\/wp\/v2\/pages\/25540\/revisions"}],"wp:attachment":[{"href":"https:\/\/arturosanchez.com\/fr\/wp-json\/wp\/v2\/media?parent=25540"}],"curies":[{"name":"wp","href":"https:\/\/api.w.org\/{rel}","templated":true}]}}