{"id":25684,"date":"2022-07-06T11:09:41","date_gmt":"2022-07-06T09:09:41","guid":{"rendered":"https:\/\/arturosanchez.com\/?page_id=25684"},"modified":"2022-10-17T12:15:41","modified_gmt":"2022-10-17T12:15:41","slug":"nous-sommes-artisans-du-jambon-iberique-depuis-1917","status":"publish","type":"page","link":"https:\/\/arturosanchez.com\/fr\/nous-sommes-artisans-du-jambon-iberique-depuis-1917\/","title":{"rendered":"Nous sommes artisans du jambon ib\u00e9rique depuis 1917"},"content":{"rendered":"\t\t<div data-elementor-type=\"wp-page\" data-elementor-id=\"25684\" class=\"elementor elementor-25684 elementor-19\" data-elementor-post-type=\"page\">\n\t\t\t\t\t\t<section class=\"elementor-section elementor-top-section elementor-element elementor-element-77d9e2b elementor-section-height-min-height elementor-section-boxed elementor-section-height-default elementor-section-items-middle\" data-id=\"77d9e2b\" data-element_type=\"section\" data-settings=\"{&quot;background_background&quot;:&quot;classic&quot;}\">\n\t\t\t\t\t\t\t<div class=\"elementor-background-overlay\"><\/div>\n\t\t\t\t\t\t\t<div class=\"elementor-container elementor-column-gap-wider\">\n\t\t\t\t\t<div class=\"elementor-column elementor-col-50 elementor-top-column elementor-element elementor-element-a76d8a9\" data-id=\"a76d8a9\" data-element_type=\"column\">\n\t\t\t<div class=\"elementor-widget-wrap elementor-element-populated\">\n\t\t\t\t\t\t<div class=\"elementor-element elementor-element-48ea573 elementor-hidden-mobile elementor-widget elementor-widget-heading\" data-id=\"48ea573\" data-element_type=\"widget\" data-widget_type=\"heading.default\">\n\t\t\t\t<div class=\"elementor-widget-container\">\n\t\t\t<h2 class=\"elementor-heading-title elementor-size-default\">Nous sommes des artisans ib\u00e9riques<\/h2>\t\t<\/div>\n\t\t\t\t<\/div>\n\t\t\t\t<div class=\"elementor-element elementor-element-34c0163 elementor-hidden-desktop elementor-hidden-tablet elementor-widget elementor-widget-heading\" data-id=\"34c0163\" data-element_type=\"widget\" data-widget_type=\"heading.default\">\n\t\t\t\t<div class=\"elementor-widget-container\">\n\t\t\t<h2 class=\"elementor-heading-title elementor-size-default\">Nous sommes des artisans ib\u00e9riques<\/h2>\t\t<\/div>\n\t\t\t\t<\/div>\n\t\t\t\t<div class=\"elementor-element elementor-element-bbaaa4a pp-dual-heading-inline elementor-widget elementor-widget-pp-dual-heading\" data-id=\"bbaaa4a\" data-element_type=\"widget\" data-widget_type=\"pp-dual-heading.default\">\n\t\t\t\t<div class=\"elementor-widget-container\">\n\t\t\t<h2 class=\"pp-dual-heading\"><span class=\"pp-second-text\">Nous sommes anim\u00e9s par la passion, l&rsquo;honn\u00eatet\u00e9 et la recherche de l&rsquo;excellence.<\/span><\/h2>\t\t<\/div>\n\t\t\t\t<\/div>\n\t\t\t\t<div class=\"elementor-element elementor-element-a0ad42a elementor-hidden-mobile elementor-widget-divider--view-line elementor-widget elementor-widget-divider\" data-id=\"a0ad42a\" data-element_type=\"widget\" data-widget_type=\"divider.default\">\n\t\t\t\t<div class=\"elementor-widget-container\">\n\t\t\t\t\t<div class=\"elementor-divider\">\n\t\t\t<span class=\"elementor-divider-separator\">\n\t\t\t\t\t\t<\/span>\n\t\t<\/div>\n\t\t\t\t<\/div>\n\t\t\t\t<\/div>\n\t\t\t\t\t<\/div>\n\t\t<\/div>\n\t\t\t\t<div class=\"elementor-column elementor-col-50 elementor-top-column elementor-element elementor-element-58f66c8\" data-id=\"58f66c8\" data-element_type=\"column\">\n\t\t\t<div class=\"elementor-widget-wrap\">\n\t\t\t\t\t\t\t<\/div>\n\t\t<\/div>\n\t\t\t\t\t<\/div>\n\t\t<\/section>\n\t\t\t\t<section class=\"elementor-section elementor-top-section elementor-element elementor-element-6147646 elementor-section-boxed elementor-section-height-default elementor-section-height-default\" data-id=\"6147646\" data-element_type=\"section\">\n\t\t\t\t\t\t<div class=\"elementor-container elementor-column-gap-wider\">\n\t\t\t\t\t<div class=\"elementor-column elementor-col-100 elementor-top-column elementor-element elementor-element-2ee3f4b\" data-id=\"2ee3f4b\" data-element_type=\"column\">\n\t\t\t<div class=\"elementor-widget-wrap elementor-element-populated\">\n\t\t\t\t\t\t<div class=\"elementor-element elementor-element-806ff59 elementor-widget elementor-widget-heading\" data-id=\"806ff59\" data-element_type=\"widget\" data-widget_type=\"heading.default\">\n\t\t\t\t<div class=\"elementor-widget-container\">\n\t\t\t<h2 class=\"elementor-heading-title elementor-size-default\">Quatre g\u00e9n\u00e9rations<\/h2>\t\t<\/div>\n\t\t\t\t<\/div>\n\t\t\t\t<div class=\"elementor-element elementor-element-11b0378 elementor-widget elementor-widget-heading\" data-id=\"11b0378\" data-element_type=\"widget\" data-widget_type=\"heading.default\">\n\t\t\t\t<div class=\"elementor-widget-container\">\n\t\t\t<h2 class=\"elementor-heading-title elementor-size-default\">Plus de cent ans \u00e0 cr\u00e9er des bijoux\nde la gastronomie<\/h2>\t\t<\/div>\n\t\t\t\t<\/div>\n\t\t\t\t\t<\/div>\n\t\t<\/div>\n\t\t\t\t\t<\/div>\n\t\t<\/section>\n\t\t\t\t<section class=\"elementor-section elementor-top-section elementor-element elementor-element-aa389f0 elementor-section-boxed elementor-section-height-default elementor-section-height-default\" data-id=\"aa389f0\" data-element_type=\"section\">\n\t\t\t\t\t\t<div class=\"elementor-container elementor-column-gap-wider\">\n\t\t\t\t\t<div class=\"elementor-column elementor-col-50 elementor-top-column elementor-element elementor-element-a6c6e6c\" data-id=\"a6c6e6c\" data-element_type=\"column\">\n\t\t\t<div class=\"elementor-widget-wrap elementor-element-populated\">\n\t\t\t\t\t\t<div class=\"elementor-element elementor-element-8346a28 elementor-widget elementor-widget-text-editor\" data-id=\"8346a28\" data-element_type=\"widget\" data-widget_type=\"text-editor.default\">\n\t\t\t\t<div class=\"elementor-widget-container\">\n\t\t\t\t\t\t\t<p>L&rsquo;histoire de notre entreprise familiale commence \u00e0 la fin du XIXe si\u00e8cle, lorsque la premi\u00e8re g\u00e9n\u00e9ration a appris les bases du m\u00e9tier dans les montagnes de Candelario, o\u00f9 elle fabriquait des jambons et des saucisses pour la maison royale, avant de d\u00e9m\u00e9nager et de cr\u00e9er la premi\u00e8re entreprise \u00e0 Campillo de Salvatierra.<\/p>\t\t\t\t\t\t<\/div>\n\t\t\t\t<\/div>\n\t\t\t\t\t<\/div>\n\t\t<\/div>\n\t\t\t\t<div class=\"elementor-column elementor-col-50 elementor-top-column elementor-element elementor-element-f62e048\" data-id=\"f62e048\" data-element_type=\"column\">\n\t\t\t<div class=\"elementor-widget-wrap elementor-element-populated\">\n\t\t\t\t\t\t<div class=\"elementor-element elementor-element-d91fdf1 elementor-widget elementor-widget-text-editor\" data-id=\"d91fdf1\" data-element_type=\"widget\" data-widget_type=\"text-editor.default\">\n\t\t\t\t<div class=\"elementor-widget-container\">\n\t\t\t\t\t\t\t<p>Plus d&rsquo;un si\u00e8cle plus tard, l&rsquo;h\u00e9ritage de notre entreprise situ\u00e9e \u00e0 Guijuelo est aujourd&rsquo;hui entre les mains d&rsquo;Arturo S\u00e1nchez, petit-fils du fondateur et troisi\u00e8me g\u00e9n\u00e9ration, qui a \u00e9t\u00e9 rejoint par ses fils Ricardo et Arturo, quatri\u00e8me g\u00e9n\u00e9ration de cette famille dont l&rsquo;histoire, depuis ses origines, est d\u00e9di\u00e9e \u00e0 la recherche de l&rsquo;excellence, mais qui conserve intactes toutes les valeurs transmises et qui sont \u00e0 la base du succ\u00e8s obtenu jusqu&rsquo;\u00e0 aujourd&rsquo;hui.<\/p>\t\t\t\t\t\t<\/div>\n\t\t\t\t<\/div>\n\t\t\t\t\t<\/div>\n\t\t<\/div>\n\t\t\t\t\t<\/div>\n\t\t<\/section>\n\t\t\t\t<section class=\"elementor-section elementor-top-section elementor-element elementor-element-74f3cd5 elementor-section-full_width elementor-hidden-desktop elementor-hidden-tablet elementor-hidden-mobile elementor-section-height-default elementor-section-height-default\" data-id=\"74f3cd5\" data-element_type=\"section\" data-settings=\"{&quot;background_background&quot;:&quot;classic&quot;}\">\n\t\t\t\t\t\t<div class=\"elementor-container elementor-column-gap-no\">\n\t\t\t\t\t<div class=\"elementor-column elementor-col-100 elementor-top-column elementor-element elementor-element-4d88b7b\" data-id=\"4d88b7b\" data-element_type=\"column\">\n\t\t\t<div class=\"elementor-widget-wrap elementor-element-populated\">\n\t\t\t\t\t\t<div class=\"elementor-element elementor-element-651878b elementor-widget-divider--view-line elementor-widget elementor-widget-divider\" data-id=\"651878b\" data-element_type=\"widget\" data-widget_type=\"divider.default\">\n\t\t\t\t<div class=\"elementor-widget-container\">\n\t\t\t\t\t<div class=\"elementor-divider\">\n\t\t\t<span class=\"elementor-divider-separator\">\n\t\t\t\t\t\t<\/span>\n\t\t<\/div>\n\t\t\t\t<\/div>\n\t\t\t\t<\/div>\n\t\t\t\t<div class=\"elementor-element elementor-element-53558cf elementor-widget elementor-widget-spacer\" data-id=\"53558cf\" data-element_type=\"widget\" data-widget_type=\"spacer.default\">\n\t\t\t\t<div class=\"elementor-widget-container\">\n\t\t\t\t\t<div class=\"elementor-spacer\">\n\t\t\t<div class=\"elementor-spacer-inner\"><\/div>\n\t\t<\/div>\n\t\t\t\t<\/div>\n\t\t\t\t<\/div>\n\t\t\t\t\t<\/div>\n\t\t<\/div>\n\t\t\t\t\t<\/div>\n\t\t<\/section>\n\t\t\t\t<section class=\"elementor-section elementor-top-section elementor-element elementor-element-b56d941 elementor-hidden-desktop elementor-hidden-tablet elementor-hidden-mobile elementor-section-boxed elementor-section-height-default elementor-section-height-default\" data-id=\"b56d941\" data-element_type=\"section\">\n\t\t\t\t\t\t<div class=\"elementor-container elementor-column-gap-wider\">\n\t\t\t\t\t<div class=\"elementor-column elementor-col-50 elementor-top-column elementor-element elementor-element-c89cb92\" data-id=\"c89cb92\" data-element_type=\"column\">\n\t\t\t<div class=\"elementor-widget-wrap elementor-element-populated\">\n\t\t\t\t\t\t<div class=\"elementor-element elementor-element-3e7e8a8 elementor-widget elementor-widget-heading\" data-id=\"3e7e8a8\" data-element_type=\"widget\" data-widget_type=\"heading.default\">\n\t\t\t\t<div class=\"elementor-widget-container\">\n\t\t\t<h2 class=\"elementor-heading-title elementor-size-default\">Nous sommes des artisans\nde jambon ib\u00e9rique.<\/h2>\t\t<\/div>\n\t\t\t\t<\/div>\n\t\t\t\t<div class=\"elementor-element elementor-element-b32d9c8 elementor-widget elementor-widget-heading\" data-id=\"b32d9c8\" data-element_type=\"widget\" data-widget_type=\"heading.default\">\n\t\t\t\t<div class=\"elementor-widget-container\">\n\t\t\t<h2 class=\"elementor-heading-title elementor-size-default\">Nous avons appris \u00e0 traiter chaque pi\u00e8ce\ncomme le bijou unique qu'il est.<\/h2>\t\t<\/div>\n\t\t\t\t<\/div>\n\t\t\t\t\t<\/div>\n\t\t<\/div>\n\t\t\t\t<div class=\"elementor-column elementor-col-50 elementor-top-column elementor-element elementor-element-ad664c4\" data-id=\"ad664c4\" data-element_type=\"column\">\n\t\t\t<div class=\"elementor-widget-wrap elementor-element-populated\">\n\t\t\t\t\t\t<div class=\"elementor-element elementor-element-dd146f8 elementor-widget elementor-widget-text-editor\" data-id=\"dd146f8\" data-element_type=\"widget\" data-widget_type=\"text-editor.default\">\n\t\t\t\t<div class=\"elementor-widget-container\">\n\t\t\t\t\t\t\t<p>Notre passion depuis plus de 100 ans est de cr\u00e9er ann\u00e9e apr\u00e8s ann\u00e9e le meilleur produit ib\u00e9rique, unique parmi les produits ib\u00e9riques. Nous sommes fid\u00e8les \u00e0 l&rsquo;h\u00e9ritage re\u00e7u, am\u00e9lior\u00e9 par le savoir-faire de quatre g\u00e9n\u00e9rations, qui n&rsquo;est autre que de partir d&rsquo;un porc ib\u00e9rique unique et exclusif et de cr\u00e9er chaque pi\u00e8ce par un processus traditionnel, en sachant agir en symbiose avec la nature.<\/p>\t\t\t\t\t\t<\/div>\n\t\t\t\t<\/div>\n\t\t\t\t\t<\/div>\n\t\t<\/div>\n\t\t\t\t\t<\/div>\n\t\t<\/section>\n\t\t\t\t<section class=\"elementor-section elementor-top-section elementor-element elementor-element-3c3c768 elementor-hidden-tablet elementor-hidden-mobile elementor-section-boxed elementor-section-height-default elementor-section-height-default\" data-id=\"3c3c768\" data-element_type=\"section\">\n\t\t\t\t\t\t<div class=\"elementor-container elementor-column-gap-wider\">\n\t\t\t\t\t<div class=\"elementor-column elementor-col-50 elementor-top-column elementor-element elementor-element-9b20f4d\" data-id=\"9b20f4d\" data-element_type=\"column\">\n\t\t\t<div class=\"elementor-widget-wrap elementor-element-populated\">\n\t\t\t\t\t\t<div class=\"elementor-element elementor-element-847f553 elementor-widget elementor-widget-image\" data-id=\"847f553\" data-element_type=\"widget\" data-widget_type=\"image.default\">\n\t\t\t\t<div class=\"elementor-widget-container\">\n\t\t\t\t\t\t\t\t\t\t\t\t\t<img fetchpriority=\"high\" decoding=\"async\" width=\"434\" height=\"581\" src=\"https:\/\/arturosanchez.com\/wp-content\/uploads\/2022\/07\/Arturo-perfil-jamones.jpg\" class=\"attachment-full size-full wp-image-20391\" alt=\"Arturo S\u00e1nchez en una bodega de jamones ib\u00e9ricos\" srcset=\"https:\/\/arturosanchez.com\/wp-content\/uploads\/2022\/07\/Arturo-perfil-jamones.jpg 434w, https:\/\/arturosanchez.com\/wp-content\/uploads\/2022\/07\/Arturo-perfil-jamones-224x300.jpg 224w\" sizes=\"(max-width: 434px) 100vw, 434px\" title=\"-\">\t\t\t\t\t\t\t\t\t\t\t\t\t<\/div>\n\t\t\t\t<\/div>\n\t\t\t\t\t<\/div>\n\t\t<\/div>\n\t\t\t\t<div class=\"elementor-column elementor-col-50 elementor-top-column elementor-element elementor-element-845055b\" data-id=\"845055b\" data-element_type=\"column\">\n\t\t\t<div class=\"elementor-widget-wrap elementor-element-populated\">\n\t\t\t\t\t\t<div class=\"elementor-element elementor-element-a200a43 elementor-widget elementor-widget-heading\" data-id=\"a200a43\" data-element_type=\"widget\" data-widget_type=\"heading.default\">\n\t\t\t\t<div class=\"elementor-widget-container\">\n\t\t\t<h2 class=\"elementor-heading-title elementor-size-default\">\u201c\u201d<\/h2>\t\t<\/div>\n\t\t\t\t<\/div>\n\t\t\t\t<div class=\"elementor-element elementor-element-53362ce elementor-widget elementor-widget-heading\" data-id=\"53362ce\" data-element_type=\"widget\" data-widget_type=\"heading.default\">\n\t\t\t\t<div class=\"elementor-widget-container\">\n\t\t\t<h2 class=\"elementor-heading-title elementor-size-default\">Pour cr\u00e9er un produit unique, il faut le vivre. Sans passion, vous ne faites que vous obtenez juste un produit normal.<\/h2>\t\t<\/div>\n\t\t\t\t<\/div>\n\t\t\t\t<div class=\"elementor-element elementor-element-33ad8f7 elementor-widget elementor-widget-heading\" data-id=\"33ad8f7\" data-element_type=\"widget\" data-widget_type=\"heading.default\">\n\t\t\t\t<div class=\"elementor-widget-container\">\n\t\t\t<h2 class=\"elementor-heading-title elementor-size-default\">Arturo S\u00e1nchez<\/h2>\t\t<\/div>\n\t\t\t\t<\/div>\n\t\t\t\t<div class=\"elementor-element elementor-element-f55fe6b elementor-widget elementor-widget-text-editor\" data-id=\"f55fe6b\" data-element_type=\"widget\" data-widget_type=\"text-editor.default\">\n\t\t\t\t<div class=\"elementor-widget-container\">\n\t\t\t\t\t\t\t<p>Nous sommes des artisans du jambon ib\u00e9rique. Nous avons appris \u00e0 traiter chaque pi\u00e8ce comme le bijou unique qu&rsquo;elle est.<\/p>\t\t\t\t\t\t<\/div>\n\t\t\t\t<\/div>\n\t\t\t\t\t<\/div>\n\t\t<\/div>\n\t\t\t\t\t<\/div>\n\t\t<\/section>\n\t\t\t\t<section class=\"elementor-section elementor-top-section elementor-element elementor-element-b61fd02 elementor-hidden-desktop elementor-section-boxed elementor-section-height-default elementor-section-height-default\" data-id=\"b61fd02\" data-element_type=\"section\" data-settings=\"{&quot;background_background&quot;:&quot;classic&quot;}\">\n\t\t\t\t\t\t\t<div class=\"elementor-background-overlay\"><\/div>\n\t\t\t\t\t\t\t<div class=\"elementor-container elementor-column-gap-wider\">\n\t\t\t\t\t<div class=\"elementor-column elementor-col-100 elementor-top-column elementor-element elementor-element-71d3795\" data-id=\"71d3795\" data-element_type=\"column\">\n\t\t\t<div class=\"elementor-widget-wrap elementor-element-populated\">\n\t\t\t\t\t\t<div class=\"elementor-element elementor-element-f3a8531 elementor-widget elementor-widget-heading\" data-id=\"f3a8531\" data-element_type=\"widget\" data-widget_type=\"heading.default\">\n\t\t\t\t<div class=\"elementor-widget-container\">\n\t\t\t<h2 class=\"elementor-heading-title elementor-size-default\">\u201c\u201d<\/h2>\t\t<\/div>\n\t\t\t\t<\/div>\n\t\t\t\t<div class=\"elementor-element elementor-element-d5bbdea elementor-widget elementor-widget-heading\" data-id=\"d5bbdea\" data-element_type=\"widget\" data-widget_type=\"heading.default\">\n\t\t\t\t<div class=\"elementor-widget-container\">\n\t\t\t<h2 class=\"elementor-heading-title elementor-size-default\">Pour cr\u00e9er un produit unique, il faut le vivre. Sans passion, vous ne faites que vous obtenez juste un produit normal.<\/h2>\t\t<\/div>\n\t\t\t\t<\/div>\n\t\t\t\t<div class=\"elementor-element elementor-element-b33f592 elementor-widget elementor-widget-heading\" data-id=\"b33f592\" data-element_type=\"widget\" data-widget_type=\"heading.default\">\n\t\t\t\t<div class=\"elementor-widget-container\">\n\t\t\t<p class=\"elementor-heading-title elementor-size-default\">Arturo S\u00e1nchez<\/p>\t\t<\/div>\n\t\t\t\t<\/div>\n\t\t\t\t<div class=\"elementor-element elementor-element-d420f7b elementor-widget elementor-widget-text-editor\" data-id=\"d420f7b\" data-element_type=\"widget\" data-widget_type=\"text-editor.default\">\n\t\t\t\t<div class=\"elementor-widget-container\">\n\t\t\t\t\t\t\t<p>CEO. 3\u00e8me g\u00e9n\u00e9ration<\/p>\t\t\t\t\t\t<\/div>\n\t\t\t\t<\/div>\n\t\t\t\t\t<\/div>\n\t\t<\/div>\n\t\t\t\t\t<\/div>\n\t\t<\/section>\n\t\t\t\t<section class=\"elementor-section elementor-top-section elementor-element elementor-element-c39c19e elementor-section-boxed elementor-section-height-default elementor-section-height-default\" data-id=\"c39c19e\" data-element_type=\"section\">\n\t\t\t\t\t\t<div class=\"elementor-container elementor-column-gap-wider\">\n\t\t\t\t\t<div class=\"elementor-column elementor-col-100 elementor-top-column elementor-element elementor-element-f15d112\" data-id=\"f15d112\" data-element_type=\"column\">\n\t\t\t<div class=\"elementor-widget-wrap elementor-element-populated\">\n\t\t\t\t\t\t<div class=\"elementor-element elementor-element-c11e46d elementor-widget elementor-widget-heading\" data-id=\"c11e46d\" data-element_type=\"widget\" data-widget_type=\"heading.default\">\n\t\t\t\t<div class=\"elementor-widget-container\">\n\t\t\t<h2 class=\"elementor-heading-title elementor-size-default\">H\u00e9ritage<\/h2>\t\t<\/div>\n\t\t\t\t<\/div>\n\t\t\t\t\t<\/div>\n\t\t<\/div>\n\t\t\t\t\t<\/div>\n\t\t<\/section>\n\t\t\t\t<section class=\"elementor-section elementor-top-section elementor-element elementor-element-cc24fc3 elementor-section-boxed elementor-section-height-default elementor-section-height-default\" data-id=\"cc24fc3\" data-element_type=\"section\" data-settings=\"{&quot;background_background&quot;:&quot;classic&quot;}\">\n\t\t\t\t\t\t<div class=\"elementor-container elementor-column-gap-wider\">\n\t\t\t\t\t<div class=\"elementor-column elementor-col-100 elementor-top-column elementor-element elementor-element-12c56b7\" data-id=\"12c56b7\" data-element_type=\"column\">\n\t\t\t<div class=\"elementor-widget-wrap elementor-element-populated\">\n\t\t\t\t\t\t<div class=\"elementor-element elementor-element-cbbbccc elementor-widget elementor-widget-heading\" data-id=\"cbbbccc\" data-element_type=\"widget\" data-widget_type=\"heading.default\">\n\t\t\t\t<div class=\"elementor-widget-container\">\n\t\t\t<h2 class=\"elementor-heading-title elementor-size-default\">Les principes qui\nnous caract\u00e9risent :<\/h2>\t\t<\/div>\n\t\t\t\t<\/div>\n\t\t\t\t<div class=\"elementor-element elementor-element-5ba9670 elementor-widget elementor-widget-text-editor\" data-id=\"5ba9670\" data-element_type=\"widget\" data-widget_type=\"text-editor.default\">\n\t\t\t\t<div class=\"elementor-widget-container\">\n\t\t\t\t\t\t\t<p>Nous sommes des artisans du jambon ib\u00e9rique. Nous avons appris \u00e0 traiter chaque pi\u00e8ce comme le bijou unique qu&rsquo;elle est.<\/p>\t\t\t\t\t\t<\/div>\n\t\t\t\t<\/div>\n\t\t\t\t<div class=\"elementor-element elementor-element-c3a75f0 elementor-widget elementor-widget-text-editor\" data-id=\"c3a75f0\" data-element_type=\"widget\" data-widget_type=\"text-editor.default\">\n\t\t\t\t<div class=\"elementor-widget-container\">\n\t\t\t\t\t\t\t<p>Il n&rsquo;y a pas de raccourcis ou d&rsquo;astuces possibles, il s&rsquo;agit seulement de comprendre, de respecter et de favoriser le travail de la nature pour obtenir des produits uniques en suivant nos principes, l&rsquo;h\u00e9ritage d&rsquo;Arturo S\u00e1nchez, qui est transmis \u00e0 tous ceux qui travaillent dans cette entreprise.<\/p>\t\t\t\t\t\t<\/div>\n\t\t\t\t<\/div>\n\t\t\t\t\t<\/div>\n\t\t<\/div>\n\t\t\t\t\t<\/div>\n\t\t<\/section>\n\t\t\t\t<section class=\"elementor-section elementor-top-section elementor-element elementor-element-9699c33 elementor-section-full_width elementor-section-height-min-height elementor-section-height-default elementor-section-items-middle\" data-id=\"9699c33\" data-element_type=\"section\" data-settings=\"{&quot;background_background&quot;:&quot;classic&quot;}\">\n\t\t\t\t\t\t\t<div class=\"elementor-background-overlay\"><\/div>\n\t\t\t\t\t\t\t<div class=\"elementor-container elementor-column-gap-no\">\n\t\t\t\t\t<div class=\"elementor-column elementor-col-100 elementor-top-column elementor-element elementor-element-2cb8475\" data-id=\"2cb8475\" data-element_type=\"column\">\n\t\t\t<div class=\"elementor-widget-wrap elementor-element-populated\">\n\t\t\t\t\t\t<div class=\"elementor-element elementor-element-98f60e2 elementor-widget elementor-widget-heading\" data-id=\"98f60e2\" data-element_type=\"widget\" data-widget_type=\"heading.default\">\n\t\t\t\t<div class=\"elementor-widget-container\">\n\t\t\t<p class=\"elementor-heading-title elementor-size-default\">Nos dix principes auxquels on ne peut renoncer<\/p>\t\t<\/div>\n\t\t\t\t<\/div>\n\t\t\t\t<div class=\"elementor-element elementor-element-4c44c27 elementor-align-center elementor-widget elementor-widget-button\" data-id=\"4c44c27\" data-element_type=\"widget\" data-widget_type=\"button.default\">\n\t\t\t\t<div class=\"elementor-widget-container\">\n\t\t\t\t\t\t\t<div class=\"elementor-button-wrapper\">\n\t\t\t\t\t<a class=\"elementor-button elementor-button-link elementor-size-sm\" href=\"https:\/\/arturosanchez.com\/fr\/lheritage-darturo-sanchez\/\">\n\t\t\t\t\t\t<span class=\"elementor-button-content-wrapper\">\n\t\t\t\t\t\t<span class=\"elementor-button-icon\">\n\t\t\t\t<svg xmlns=\"http:\/\/www.w3.org\/2000\/svg\" xmlns:xlink=\"http:\/\/www.w3.org\/1999\/xlink\" id=\"Grupo_728\" data-name=\"Grupo 728\" width=\"25.768\" height=\"23.298\" viewBox=\"0 0 25.768 23.298\"><defs><clipPath id=\"clip-path\"><rect id=\"Rect\u00e1ngulo_217\" data-name=\"Rect\u00e1ngulo 217\" width=\"25.768\" height=\"23.298\" fill=\"#fff\"><\/rect><\/clipPath><\/defs><path id=\"Trazado_318\" data-name=\"Trazado 318\" d=\"M146.366,0V23.3l2.177-2.285-.03-18.854Z\" transform=\"translate(-130.984 0)\" fill=\"#fff\"><\/path><path id=\"Trazado_319\" data-name=\"Trazado 319\" d=\"M188.039,41.757V52.281l-2.142,2.25V39.544Z\" transform=\"translate(-166.36 -35.388)\" fill=\"#fff\"><\/path><path id=\"Trazado_320\" data-name=\"Trazado 320\" d=\"M225.428,85.759l2.077-2.077V81.157l-2.077-2.077Z\" transform=\"translate(-201.737 -70.769)\" fill=\"#fff\"><\/path><g id=\"Grupo_657\" data-name=\"Grupo 657\"><g id=\"Grupo_656\" data-name=\"Grupo 656\" clip-path=\"url(#clip-path)\"><path id=\"Trazado_321\" data-name=\"Trazado 321\" d=\"M7.158,24.468l.289-.537c1.647-3.051,4.056-2.754,4.158-2.74l.17-1.133c-.133-.02-3.292-.459-5.336,3.329l-.29.539C4.461,27.07,3.351,29.147.662,29.1l-.486-.008-.087.479c-.067.368-.35,2.237.649,2.852A20.95,20.95,0,0,1,2.7,33.978l.942.837.031-3.6L2.523,31.2l-.01,1.12c-.138-.113-.283-.228-.426-.339l.01-1.336-.647,0-.006.875-.105-.067c-.149-.092-.219-.638-.179-1.214,3.011-.2,4.339-2.677,6-5.766\" transform=\"translate(0 -17.928)\" fill=\"#fff\"><\/path><path id=\"Trazado_322\" data-name=\"Trazado 322\" d=\"M50.6,127.052a37.041,37.041,0,0,0-3.177-2.546c.828-1.393,2-3.418,2.01-3.442l-.873-.5c-.017.029-1.661,2.879-2.422,4.128a1.646,1.646,0,0,1-.108.158,1.7,1.7,0,0,1-.13-.345l-.005-.02c-.011-.039-1.1-3.867-1.322-4.681a.872.872,0,0,1-.038-.292l2.332.152.066-1.006-2.61-.17-.07.016a.931.931,0,0,0-.566.425,1.427,1.427,0,0,0-.087,1.135c.11.411.43,1.546.729,2.6a2.224,2.224,0,0,0-1.218-.431v.917c.631,0,1.426.884,1.72,1.277l.094.329c.066.267.319,1.086.96,1.186a.824.824,0,0,0,.128.01,1.181,1.181,0,0,0,.939-.655,35.53,35.53,0,0,1,3.044,2.448Z\" transform=\"translate(-38.577 -106.032)\" fill=\"#fff\"><\/path><path id=\"Trazado_323\" data-name=\"Trazado 323\" d=\"M72.334,62.707h2.011a.91.91,0,0,0,.687-.416,1.141,1.141,0,0,0,0-1.067c-.312-.757-1.335-2.719-1.378-2.8l-.023-.039a1.087,1.087,0,0,0-.836-.518H72.79a.891.891,0,0,0-.754.482c-.331.538-.405.65-.407.653l.836.563c.007-.01.072-.108.355-.566.221.426,1.029,1.993,1.283,2.612a.981.981,0,0,1,.034.093h-1.8Z\" transform=\"translate(-64.101 -51.782)\" fill=\"#fff\"><\/path><\/g><\/g><\/svg>\t\t\t<\/span>\n\t\t\t\t\t\t\t\t\t<span class=\"elementor-button-text\">Visitez<\/span>\n\t\t\t\t\t<\/span>\n\t\t\t\t\t<\/a>\n\t\t\t\t<\/div>\n\t\t\t\t\t\t<\/div>\n\t\t\t\t<\/div>\n\t\t\t\t\t<\/div>\n\t\t<\/div>\n\t\t\t\t\t<\/div>\n\t\t<\/section>\n\t\t\t\t<\/div>\n\t\t","protected":false},"excerpt":{"rendered":"<p>Nous sommes des artisans ib\u00e9riques Nous sommes des artisans ib\u00e9riques Nous sommes anim\u00e9s par la passion, l\u2019honn\u00eatet\u00e9 et la recherche de l\u2019excellence. Quatre g\u00e9n\u00e9rations Plus de cent ans \u00e0 cr\u00e9er des bijoux de la gastronomie L&rsquo;histoire de notre entreprise familiale commence \u00e0 la fin du XIXe si\u00e8cle, lorsque la premi\u00e8re g\u00e9n\u00e9ration a appris les bases [&hellip;]<\/p>\n","protected":false},"author":3,"featured_media":0,"parent":0,"menu_order":0,"comment_status":"closed","ping_status":"closed","template":"","meta":{"wprm-recipe-roundup-name":"","wprm-recipe-roundup-description":"","footnotes":""},"class_list":["post-25684","page","type-page","status-publish","hentry"],"_links":{"self":[{"href":"https:\/\/arturosanchez.com\/fr\/wp-json\/wp\/v2\/pages\/25684","targetHints":{"allow":["GET"]}}],"collection":[{"href":"https:\/\/arturosanchez.com\/fr\/wp-json\/wp\/v2\/pages"}],"about":[{"href":"https:\/\/arturosanchez.com\/fr\/wp-json\/wp\/v2\/types\/page"}],"author":[{"embeddable":true,"href":"https:\/\/arturosanchez.com\/fr\/wp-json\/wp\/v2\/users\/3"}],"replies":[{"embeddable":true,"href":"https:\/\/arturosanchez.com\/fr\/wp-json\/wp\/v2\/comments?post=25684"}],"version-history":[{"count":0,"href":"https:\/\/arturosanchez.com\/fr\/wp-json\/wp\/v2\/pages\/25684\/revisions"}],"wp:attachment":[{"href":"https:\/\/arturosanchez.com\/fr\/wp-json\/wp\/v2\/media?parent=25684"}],"curies":[{"name":"wp","href":"https:\/\/api.w.org\/{rel}","templated":true}]}}