{"id":26241,"date":"2022-08-24T10:49:32","date_gmt":"2022-08-24T08:49:32","guid":{"rendered":"https:\/\/arturosanchez.com\/?post_type=product&#038;p=26241"},"modified":"2023-01-26T09:12:17","modified_gmt":"2023-01-26T09:12:17","slug":"jambon-100-iberique-nourri-aux-glands","status":"publish","type":"product","link":"https:\/\/arturosanchez.com\/fr\/acheter\/jambon-100-iberique-nourri-aux-glands\/","title":{"rendered":"Jambon 100% Ib\u00e9rique de Bellota"},"content":{"rendered":"<p>Porte-drapeau du joyau de la gastronomie, car chaque pi\u00e8ce de jambon de gland 100% ib\u00e9rique est unique : l&rsquo;aboutissement de la confluence de la meilleure mati\u00e8re premi\u00e8re, \u00e9lev\u00e9e en race pure dans les meilleurs p\u00e2turages, et du processus naturel de maturation dans nos caves de Guijuelo.<\/p>\n<ul>\n<li>Pi\u00e8ce enti\u00e8re 6,5-7,5 kg.<\/li>\n<li>Minimum 48 mois de maturation naturelle<\/li>\n<li>Porc nourri aux glands certifi\u00e9 100% ib\u00e9rique<\/li>\n<li>Porc ib\u00e9rique avec une double \u00ab\u00a0montanera\u00a0\u00bb.<\/li>\n<\/ul>\n<p>&nbsp;<\/p>\n<p><img decoding=\"async\" src=\"https:\/\/arturosanchez.com\/tienda\/img\/cms\/Sin-gluten-AS.png\" alt=\"-\" width=\"60\" height=\"60\" title=\"-\"><img decoding=\"async\" src=\"https:\/\/arturosanchez.com\/tienda\/img\/cms\/Sin-lactosa-AS.png\" alt=\"-\" width=\"60\" height=\"60\" title=\"-\"><\/p>\n","protected":false},"excerpt":{"rendered":"<p>Porte-drapeau du joyau de la gastronomie, car chaque pi\u00e8ce de jambon de gland 100% ib\u00e9rique est unique : l&rsquo;aboutissement de la confluence de la meilleure mati\u00e8re premi\u00e8re, \u00e9lev\u00e9e en race pure dans les meilleurs p\u00e2turages, et du processus naturel de maturation dans nos caves de Guijuelo. Pi\u00e8ce enti\u00e8re 6,5-7,5 kg. Minimum 48 mois de maturation [&hellip;]<\/p>\n","protected":false},"featured_media":20491,"comment_status":"open","ping_status":"closed","template":"","meta":{"wprm-recipe-roundup-name":"","wprm-recipe-roundup-description":""},"product_brand":[],"product_cat":[873],"product_tag":[],"class_list":{"0":"post-26241","1":"product","2":"type-product","3":"status-publish","4":"has-post-thumbnail","6":"product_cat-jambon-iberique-nourri-aux-glands","8":"first","9":"instock","10":"taxable","11":"shipping-taxable","12":"purchasable","13":"product-type-simple"},"_links":{"self":[{"href":"https:\/\/arturosanchez.com\/fr\/wp-json\/wp\/v2\/product\/26241","targetHints":{"allow":["GET"]}}],"collection":[{"href":"https:\/\/arturosanchez.com\/fr\/wp-json\/wp\/v2\/product"}],"about":[{"href":"https:\/\/arturosanchez.com\/fr\/wp-json\/wp\/v2\/types\/product"}],"replies":[{"embeddable":true,"href":"https:\/\/arturosanchez.com\/fr\/wp-json\/wp\/v2\/comments?post=26241"}],"wp:featuredmedia":[{"embeddable":true,"href":"https:\/\/arturosanchez.com\/fr\/wp-json\/wp\/v2\/media\/20491"}],"wp:attachment":[{"href":"https:\/\/arturosanchez.com\/fr\/wp-json\/wp\/v2\/media?parent=26241"}],"wp:term":[{"taxonomy":"product_brand","embeddable":true,"href":"https:\/\/arturosanchez.com\/fr\/wp-json\/wp\/v2\/product_brand?post=26241"},{"taxonomy":"product_cat","embeddable":true,"href":"https:\/\/arturosanchez.com\/fr\/wp-json\/wp\/v2\/product_cat?post=26241"},{"taxonomy":"product_tag","embeddable":true,"href":"https:\/\/arturosanchez.com\/fr\/wp-json\/wp\/v2\/product_tag?post=26241"}],"curies":[{"name":"wp","href":"https:\/\/api.w.org\/{rel}","templated":true}]}}