{"id":26246,"date":"2022-08-23T08:14:58","date_gmt":"2022-08-23T06:14:58","guid":{"rendered":"https:\/\/arturosanchez.com\/?post_type=product&#038;p=26246"},"modified":"2022-10-26T14:31:49","modified_gmt":"2022-10-26T14:31:49","slug":"jambon-100-iberique-nourri-au-gland","status":"publish","type":"product","link":"https:\/\/arturosanchez.com\/fr\/acheter\/jambon-100-iberique-nourri-au-gland\/","title":{"rendered":"Jambon D\u00e9soss\u00e9 100% Ib\u00e9rique de Bellota"},"content":{"rendered":"<p>Porte-drapeau du joyau de la gastronomie, car chaque pi\u00e8ce de jambon de gland 100% ib\u00e9rique est unique : l&rsquo;aboutissement de la confluence de la meilleure mati\u00e8re premi\u00e8re, \u00e9lev\u00e9e en race pure dans les meilleurs p\u00e2turages, et du processus naturel de maturation dans nos caves de Guijuelo.<\/p>\n<ul>\n<li>D\u00e9soss\u00e9 2,8-3,6 kg.<\/li>\n<li>Minimum 40 mois de maturation naturelle.<\/li>\n<li>Porc nourri aux glands certifi\u00e9 100% ib\u00e9rique<\/li>\n<li>Porc ib\u00e9rique avec des porcs nourris aux glands doubles.<\/li>\n<\/ul>\n<p>&nbsp;<\/p>\n<p><img decoding=\"async\" src=\"https:\/\/arturosanchez.com\/tienda\/img\/cms\/Sin-gluten-AS.png\" alt=\"-\" width=\"60\" height=\"60\" title=\"-\"><img decoding=\"async\" src=\"https:\/\/arturosanchez.com\/tienda\/img\/cms\/Sin-lactosa-AS.png\" alt=\"-\" width=\"60\" height=\"60\" title=\"-\"><\/p>\n","protected":false},"excerpt":{"rendered":"<p>Porte-drapeau du joyau de la gastronomie, car chaque pi\u00e8ce de jambon de gland 100% ib\u00e9rique est unique : l&rsquo;aboutissement de la confluence de la meilleure mati\u00e8re premi\u00e8re, \u00e9lev\u00e9e en race pure dans les meilleurs p\u00e2turages, et du processus naturel de maturation dans nos caves de Guijuelo. D\u00e9soss\u00e9 2,8-3,6 kg. Minimum 40 mois de maturation naturelle. [&hellip;]<\/p>\n","protected":false},"featured_media":25477,"comment_status":"open","ping_status":"closed","template":"","meta":{"wprm-recipe-roundup-name":"","wprm-recipe-roundup-description":""},"product_brand":[],"product_cat":[873],"product_tag":[],"class_list":{"0":"post-26246","1":"product","2":"type-product","3":"status-publish","4":"has-post-thumbnail","6":"product_cat-jambon-iberique-nourri-aux-glands","8":"first","9":"instock","10":"taxable","11":"shipping-taxable","12":"purchasable","13":"product-type-simple"},"_links":{"self":[{"href":"https:\/\/arturosanchez.com\/fr\/wp-json\/wp\/v2\/product\/26246","targetHints":{"allow":["GET"]}}],"collection":[{"href":"https:\/\/arturosanchez.com\/fr\/wp-json\/wp\/v2\/product"}],"about":[{"href":"https:\/\/arturosanchez.com\/fr\/wp-json\/wp\/v2\/types\/product"}],"replies":[{"embeddable":true,"href":"https:\/\/arturosanchez.com\/fr\/wp-json\/wp\/v2\/comments?post=26246"}],"wp:featuredmedia":[{"embeddable":true,"href":"https:\/\/arturosanchez.com\/fr\/wp-json\/wp\/v2\/media\/25477"}],"wp:attachment":[{"href":"https:\/\/arturosanchez.com\/fr\/wp-json\/wp\/v2\/media?parent=26246"}],"wp:term":[{"taxonomy":"product_brand","embeddable":true,"href":"https:\/\/arturosanchez.com\/fr\/wp-json\/wp\/v2\/product_brand?post=26246"},{"taxonomy":"product_cat","embeddable":true,"href":"https:\/\/arturosanchez.com\/fr\/wp-json\/wp\/v2\/product_cat?post=26246"},{"taxonomy":"product_tag","embeddable":true,"href":"https:\/\/arturosanchez.com\/fr\/wp-json\/wp\/v2\/product_tag?post=26246"}],"curies":[{"name":"wp","href":"https:\/\/api.w.org\/{rel}","templated":true}]}}