{"id":26275,"date":"2022-08-22T08:24:59","date_gmt":"2022-08-22T06:24:59","guid":{"rendered":"https:\/\/arturosanchez.com\/?post_type=product&#038;p=26275"},"modified":"2022-10-26T14:41:46","modified_gmt":"2022-10-26T14:41:46","slug":"100-jambon-iberique-nourri-au-gland-en-tranches-80gr","status":"publish","type":"product","link":"https:\/\/arturosanchez.com\/fr\/acheter\/100-jambon-iberique-nourri-au-gland-en-tranches-80gr\/","title":{"rendered":"Blister 100% jambon ib\u00e9rique nourri au gland 80gr"},"content":{"rendered":"<p>L&rsquo;\u00e2me d&rsquo;Arturo S\u00e1nchez. L&rsquo;insigne des piliers qui soutiennent notre entreprise depuis 1917 : excellence, artisanat, honn\u00eatet\u00e9, tradition.<br \/>\nLe porte-drapeau du joyau de la gastronomie, car chaque pi\u00e8ce de jambon ib\u00e9rique est unique : l&rsquo;aboutissement de la confluence de la meilleure mati\u00e8re premi\u00e8re, de race pure et \u00e9lev\u00e9e dans les meilleurs p\u00e2turages, et du processus naturel de maturation dans nos caves de Guijuelo.<\/p>\n<ul>\n<li>Blister de 80gr coup\u00e9s au couteau<\/li>\n<li>Minimum de 48 mois de maturation naturelle.<\/li>\n<li>Porc nourri aux glands certifi\u00e9 100% ib\u00e9rique<\/li>\n<li>Porc ib\u00e9rique de double montanera<\/li>\n<\/ul>\n<p>&nbsp;<\/p>\n<p><img decoding=\"async\" src=\"https:\/\/arturosanchez.com\/tienda\/img\/cms\/Sin-gluten-AS.png\" alt=\"-\" width=\"60\" height=\"60\" title=\"-\"><img decoding=\"async\" src=\"https:\/\/arturosanchez.com\/tienda\/img\/cms\/Sin-lactosa-AS.png\" alt=\"-\" width=\"60\" height=\"60\" title=\"-\"><img decoding=\"async\" src=\"https:\/\/arturosanchez.com\/tienda\/img\/cms\/Corte-cuchillo-Arturo.png\" alt=\"-\" width=\"68\" height=\"60\" title=\"-\"><\/p>\n","protected":false},"excerpt":{"rendered":"<p>L&rsquo;\u00e2me d&rsquo;Arturo S\u00e1nchez. L&rsquo;insigne des piliers qui soutiennent notre entreprise depuis 1917 : excellence, artisanat, honn\u00eatet\u00e9, tradition. Le porte-drapeau du joyau de la gastronomie, car chaque pi\u00e8ce de jambon ib\u00e9rique est unique : l&rsquo;aboutissement de la confluence de la meilleure mati\u00e8re premi\u00e8re, de race pure et \u00e9lev\u00e9e dans les meilleurs p\u00e2turages, et du processus naturel [&hellip;]<\/p>\n","protected":false},"featured_media":25462,"comment_status":"open","ping_status":"closed","template":"","meta":{"wprm-recipe-roundup-name":"","wprm-recipe-roundup-description":""},"product_brand":[],"product_cat":[873,885],"product_tag":[],"class_list":{"0":"post-26275","1":"product","2":"type-product","3":"status-publish","4":"has-post-thumbnail","6":"product_cat-jambon-iberique-nourri-aux-glands","7":"product_cat-tranches","9":"first","10":"instock","11":"taxable","12":"shipping-taxable","13":"purchasable","14":"product-type-simple"},"_links":{"self":[{"href":"https:\/\/arturosanchez.com\/fr\/wp-json\/wp\/v2\/product\/26275","targetHints":{"allow":["GET"]}}],"collection":[{"href":"https:\/\/arturosanchez.com\/fr\/wp-json\/wp\/v2\/product"}],"about":[{"href":"https:\/\/arturosanchez.com\/fr\/wp-json\/wp\/v2\/types\/product"}],"replies":[{"embeddable":true,"href":"https:\/\/arturosanchez.com\/fr\/wp-json\/wp\/v2\/comments?post=26275"}],"wp:featuredmedia":[{"embeddable":true,"href":"https:\/\/arturosanchez.com\/fr\/wp-json\/wp\/v2\/media\/25462"}],"wp:attachment":[{"href":"https:\/\/arturosanchez.com\/fr\/wp-json\/wp\/v2\/media?parent=26275"}],"wp:term":[{"taxonomy":"product_brand","embeddable":true,"href":"https:\/\/arturosanchez.com\/fr\/wp-json\/wp\/v2\/product_brand?post=26275"},{"taxonomy":"product_cat","embeddable":true,"href":"https:\/\/arturosanchez.com\/fr\/wp-json\/wp\/v2\/product_cat?post=26275"},{"taxonomy":"product_tag","embeddable":true,"href":"https:\/\/arturosanchez.com\/fr\/wp-json\/wp\/v2\/product_tag?post=26275"}],"curies":[{"name":"wp","href":"https:\/\/api.w.org\/{rel}","templated":true}]}}