{"id":26292,"date":"2022-07-20T11:06:57","date_gmt":"2022-07-20T09:06:57","guid":{"rendered":"https:\/\/arturosanchez.com\/?post_type=product&#038;p=26292"},"modified":"2022-10-27T07:43:25","modified_gmt":"2022-10-27T07:43:25","slug":"epaule-desossee-100-iberique-nourrie-au-gland","status":"publish","type":"product","link":"https:\/\/arturosanchez.com\/fr\/acheter\/epaule-desossee-100-iberique-nourrie-au-gland\/","title":{"rendered":"\u00c9paule d\u00e9soss\u00e9e de jambon 100% ib\u00e9rique nourri aux glands"},"content":{"rendered":"<p>Provenant des pattes avant de nos porcs 100% ib\u00e9riques nourris aux glands, ayant deux ans de vie et un double m\u00e2t de glands, la Paleta de Bellota Arturo S\u00e1nchez ib\u00e9rique nourrie aux glands est un produit unique.<\/p>\n<p>Un point de salinit\u00e9 parfait combin\u00e9 \u00e0 notre s\u00e9chage enti\u00e8rement naturel pendant plus de 36 mois donne un produit excellent, avec une infiltration parfaite de la graisse. Un ar\u00f4me et une saveur qui surprennent toujours.<\/p>\n<ul>\n<li>D\u00e9soss\u00e9 1,6-2,1 kg.<\/li>\n<li>Minimum 36 mois de maturation naturelle.<\/li>\n<li>Certifi\u00e9 100% nourri aux glands ib\u00e9riques<\/li>\n<li>Viande de porc ib\u00e9rique avec double alimentation de glands<\/li>\n<\/ul>\n<p>&nbsp;<\/p>\n<p><img decoding=\"async\" src=\"https:\/\/arturosanchez.com\/tienda\/img\/cms\/Sin-gluten-AS.png\" alt=\"-\" width=\"60\" height=\"60\" title=\"-\"><img decoding=\"async\" src=\"https:\/\/arturosanchez.com\/tienda\/img\/cms\/Sin-lactosa-AS.png\" alt=\"-\" width=\"60\" height=\"60\" title=\"-\"><\/p>\n","protected":false},"excerpt":{"rendered":"<p>Provenant des pattes avant de nos porcs 100% ib\u00e9riques nourris aux glands, ayant deux ans de vie et un double m\u00e2t de glands, la Paleta de Bellota Arturo S\u00e1nchez ib\u00e9rique nourrie aux glands est un produit unique. Un point de salinit\u00e9 parfait combin\u00e9 \u00e0 notre s\u00e9chage enti\u00e8rement naturel pendant plus de 36 mois donne un [&hellip;]<\/p>\n","protected":false},"featured_media":25452,"comment_status":"open","ping_status":"closed","template":"","meta":{"wprm-recipe-roundup-name":"","wprm-recipe-roundup-description":""},"product_brand":[],"product_cat":[878],"product_tag":[],"class_list":{"0":"post-26292","1":"product","2":"type-product","3":"status-publish","4":"has-post-thumbnail","6":"product_cat-jambon-iberique-depaule-nourri-aux-glands","8":"first","9":"instock","10":"taxable","11":"shipping-taxable","12":"purchasable","13":"product-type-simple"},"_links":{"self":[{"href":"https:\/\/arturosanchez.com\/fr\/wp-json\/wp\/v2\/product\/26292","targetHints":{"allow":["GET"]}}],"collection":[{"href":"https:\/\/arturosanchez.com\/fr\/wp-json\/wp\/v2\/product"}],"about":[{"href":"https:\/\/arturosanchez.com\/fr\/wp-json\/wp\/v2\/types\/product"}],"replies":[{"embeddable":true,"href":"https:\/\/arturosanchez.com\/fr\/wp-json\/wp\/v2\/comments?post=26292"}],"wp:featuredmedia":[{"embeddable":true,"href":"https:\/\/arturosanchez.com\/fr\/wp-json\/wp\/v2\/media\/25452"}],"wp:attachment":[{"href":"https:\/\/arturosanchez.com\/fr\/wp-json\/wp\/v2\/media?parent=26292"}],"wp:term":[{"taxonomy":"product_brand","embeddable":true,"href":"https:\/\/arturosanchez.com\/fr\/wp-json\/wp\/v2\/product_brand?post=26292"},{"taxonomy":"product_cat","embeddable":true,"href":"https:\/\/arturosanchez.com\/fr\/wp-json\/wp\/v2\/product_cat?post=26292"},{"taxonomy":"product_tag","embeddable":true,"href":"https:\/\/arturosanchez.com\/fr\/wp-json\/wp\/v2\/product_tag?post=26292"}],"curies":[{"name":"wp","href":"https:\/\/api.w.org\/{rel}","templated":true}]}}