{"id":26300,"date":"2022-07-19T12:12:27","date_gmt":"2022-07-19T10:12:27","guid":{"rendered":"https:\/\/arturosanchez.com\/?post_type=product&#038;p=26300"},"modified":"2025-05-27T16:19:39","modified_gmt":"2025-05-27T14:19:39","slug":"100-depaule-de-g-gland-diber-iber-en-tranche-80g","status":"publish","type":"product","link":"https:\/\/arturosanchez.com\/fr\/acheter\/100-depaule-de-g-gland-diber-iber-en-tranche-80g\/","title":{"rendered":"Emballage-coque 100% \u00e9paule de bellota ib\u00e9rique 80gr"},"content":{"rendered":"<p>Issue des pattes ant\u00e9rieures de nos cochons de bellota 100% ib\u00e9riques avec deux ans de vie et double saison de glands, l\u2019\u00c9paule de Bellota ib\u00e9rique Arturo S\u00e1nchez est un produit unique. Une teneur en sel parfaite combin\u00e9e avec notre affinage compl\u00e8tement naturel pendant plus de 36 mois se traduit par un excellent produit, avec une infiltration parfaite de graisse. Un ar\u00f4me et un go\u00fbt qui surprennent toujours.<\/p>\n<ul>\n<li>Blister de 80gr coup\u00e9 au couteau<\/li>\n<li>Minimum de 36 mois d\u2019affinage naturel<\/li>\n<li>Certifi\u00e9 de bellota 100% ib\u00e9rique<\/li>\n<li>Viande de porc ib\u00e9rique avec double alimentation de glands<\/li>\n<\/ul>\n<p>&nbsp;<\/p>\n<p><img decoding=\"async\" src=\"https:\/\/arturosanchez.com\/tienda\/img\/cms\/Sin-gluten-AS.png\" alt=\"-\" width=\"60\" height=\"60\" title=\"-\"><img decoding=\"async\" src=\"https:\/\/arturosanchez.com\/tienda\/img\/cms\/Sin-lactosa-AS.png\" alt=\"-\" width=\"60\" height=\"60\" title=\"-\"><img decoding=\"async\" src=\"https:\/\/arturosanchez.com\/tienda\/img\/cms\/Corte-cuchillo-Arturo.png\" alt=\"-\" width=\"68\" height=\"60\" title=\"-\"><\/p>\n","protected":false},"excerpt":{"rendered":"<p>Issue des pattes ant\u00e9rieures de nos cochons de bellota 100% ib\u00e9riques avec deux ans de vie et double saison de glands, l\u2019\u00c9paule de Bellota ib\u00e9rique Arturo S\u00e1nchez est un produit unique. Une teneur en sel parfaite combin\u00e9e avec notre affinage compl\u00e8tement naturel pendant plus de 36 mois se traduit par un excellent produit, avec une [&hellip;]<\/p>\n","protected":false},"featured_media":35653,"comment_status":"open","ping_status":"closed","template":"","meta":{"wprm-recipe-roundup-name":"","wprm-recipe-roundup-description":""},"product_brand":[],"product_cat":[878,885],"product_tag":[],"class_list":{"0":"post-26300","1":"product","2":"type-product","3":"status-publish","4":"has-post-thumbnail","6":"product_cat-jambon-iberique-depaule-nourri-aux-glands","7":"product_cat-tranches","9":"first","10":"instock","11":"taxable","12":"shipping-taxable","13":"purchasable","14":"product-type-simple"},"_links":{"self":[{"href":"https:\/\/arturosanchez.com\/fr\/wp-json\/wp\/v2\/product\/26300","targetHints":{"allow":["GET"]}}],"collection":[{"href":"https:\/\/arturosanchez.com\/fr\/wp-json\/wp\/v2\/product"}],"about":[{"href":"https:\/\/arturosanchez.com\/fr\/wp-json\/wp\/v2\/types\/product"}],"replies":[{"embeddable":true,"href":"https:\/\/arturosanchez.com\/fr\/wp-json\/wp\/v2\/comments?post=26300"}],"wp:featuredmedia":[{"embeddable":true,"href":"https:\/\/arturosanchez.com\/fr\/wp-json\/wp\/v2\/media\/35653"}],"wp:attachment":[{"href":"https:\/\/arturosanchez.com\/fr\/wp-json\/wp\/v2\/media?parent=26300"}],"wp:term":[{"taxonomy":"product_brand","embeddable":true,"href":"https:\/\/arturosanchez.com\/fr\/wp-json\/wp\/v2\/product_brand?post=26300"},{"taxonomy":"product_cat","embeddable":true,"href":"https:\/\/arturosanchez.com\/fr\/wp-json\/wp\/v2\/product_cat?post=26300"},{"taxonomy":"product_tag","embeddable":true,"href":"https:\/\/arturosanchez.com\/fr\/wp-json\/wp\/v2\/product_tag?post=26300"}],"curies":[{"name":"wp","href":"https:\/\/api.w.org\/{rel}","templated":true}]}}