{"id":26306,"date":"2022-07-18T10:49:57","date_gmt":"2022-07-18T08:49:57","guid":{"rendered":"https:\/\/arturosanchez.com\/?post_type=product&#038;p=26306"},"modified":"2022-10-27T08:27:30","modified_gmt":"2022-10-27T08:27:30","slug":"linge-dacorn-100-ib-roscal","status":"publish","type":"product","link":"https:\/\/arturosanchez.com\/fr\/acheter\/linge-dacorn-100-ib-roscal\/","title":{"rendered":"Longe de porc de gland 100% ib\u00e9rique Roscal"},"content":{"rendered":"<p>Le lomo de bellota ib\u00e9rique d\u2019Arturo S\u00e1nchez est un sortil\u00e8ge naturel : sortil\u00e8ge, parce qu\u2019il enchante instantan\u00e9ment, et naturel, parce qu\u2019il est captivant en soi, sans le vouloir. La condition propre de cette pi\u00e8ce lui fait avoir une grande infiltration de graisse qui lui donne cet aspect marbr\u00e9 particulier et incomparable.<\/p>\n<p>Le reste est d\u00fb \u00e0 l\u2019exquise marinade perfectionn\u00e9e pendant des g\u00e9n\u00e9rations avec des \u00e9pices naturelles et un extraordinaire paprika de La Vera.<\/p>\n<ul>\n<li>Pi\u00e8ce enti\u00e8re 1-1,3 kg.<\/li>\n<li>Minimum 6 mois d\u2019affinage naturel<\/li>\n<li>Certifi\u00e9 de bellota 100% ib\u00e9rique<\/li>\n<li>Viande de porc ib\u00e9rique avec double alimentation de glands<\/li>\n<\/ul>\n<p>&nbsp;<\/p>\n<p><img decoding=\"async\" src=\"https:\/\/arturosanchez.com\/tienda\/img\/cms\/Sin-gluten-AS.png\" alt=\"-\" width=\"60\" height=\"60\" title=\"-\"><img decoding=\"async\" src=\"https:\/\/arturosanchez.com\/tienda\/img\/cms\/Sin-lactosa-AS.png\" alt=\"-\" width=\"60\" height=\"60\" title=\"-\"><\/p>\n","protected":false},"excerpt":{"rendered":"<p>Le lomo de bellota ib\u00e9rique d\u2019Arturo S\u00e1nchez est un sortil\u00e8ge naturel : sortil\u00e8ge, parce qu\u2019il enchante instantan\u00e9ment, et naturel, parce qu\u2019il est captivant en soi, sans le vouloir. La condition propre de cette pi\u00e8ce lui fait avoir une grande infiltration de graisse qui lui donne cet aspect marbr\u00e9 particulier et incomparable. Le reste est d\u00fb [&hellip;]<\/p>\n","protected":false},"featured_media":25417,"comment_status":"open","ping_status":"closed","template":"","meta":{"wprm-recipe-roundup-name":"","wprm-recipe-roundup-description":""},"product_brand":[],"product_cat":[921,868],"product_tag":[],"class_list":{"0":"post-26306","1":"product","2":"type-product","3":"status-publish","4":"has-post-thumbnail","6":"product_cat-lomo-fr","7":"product_cat-charcuterie-produits-iberiques","9":"first","10":"instock","11":"taxable","12":"shipping-taxable","13":"purchasable","14":"product-type-simple"},"_links":{"self":[{"href":"https:\/\/arturosanchez.com\/fr\/wp-json\/wp\/v2\/product\/26306","targetHints":{"allow":["GET"]}}],"collection":[{"href":"https:\/\/arturosanchez.com\/fr\/wp-json\/wp\/v2\/product"}],"about":[{"href":"https:\/\/arturosanchez.com\/fr\/wp-json\/wp\/v2\/types\/product"}],"replies":[{"embeddable":true,"href":"https:\/\/arturosanchez.com\/fr\/wp-json\/wp\/v2\/comments?post=26306"}],"wp:featuredmedia":[{"embeddable":true,"href":"https:\/\/arturosanchez.com\/fr\/wp-json\/wp\/v2\/media\/25417"}],"wp:attachment":[{"href":"https:\/\/arturosanchez.com\/fr\/wp-json\/wp\/v2\/media?parent=26306"}],"wp:term":[{"taxonomy":"product_brand","embeddable":true,"href":"https:\/\/arturosanchez.com\/fr\/wp-json\/wp\/v2\/product_brand?post=26306"},{"taxonomy":"product_cat","embeddable":true,"href":"https:\/\/arturosanchez.com\/fr\/wp-json\/wp\/v2\/product_cat?post=26306"},{"taxonomy":"product_tag","embeddable":true,"href":"https:\/\/arturosanchez.com\/fr\/wp-json\/wp\/v2\/product_tag?post=26306"}],"curies":[{"name":"wp","href":"https:\/\/api.w.org\/{rel}","templated":true}]}}