{"id":26313,"date":"2022-07-17T11:51:31","date_gmt":"2022-07-17T09:51:31","guid":{"rendered":"https:\/\/arturosanchez.com\/?post_type=product&#038;p=26313"},"modified":"2022-10-27T09:04:47","modified_gmt":"2022-10-27T09:04:47","slug":"1-2-longe-de-porc-nourri-au-gland-100-iberique","status":"publish","type":"product","link":"https:\/\/arturosanchez.com\/fr\/acheter\/1-2-longe-de-porc-nourri-au-gland-100-iberique\/","title":{"rendered":"Demi-longe de porc 100% ib\u00e9rique nourri au gland"},"content":{"rendered":"<p>Le Lomo de bellota ib\u00e9rico de Arturo S\u00e1nchez est un enchantement naturel : enchanteur, car il est instantan\u00e9ment captivant, et naturel, car il est captivant en soi, sans chercher \u00e0 l&rsquo;\u00eatre. L&rsquo;\u00e9tat m\u00eame de cette pi\u00e8ce signifie qu&rsquo;elle a une grande infiltration de graisse qui lui donne ce marbrage particulier et incomparable.<\/p>\n<p>Seules les meilleures longes parviennent \u00e0 ce processus. Ce sont des pi\u00e8ces impeccables \u00e0 l&rsquo;\u00e9tat frais qui, apr\u00e8s avoir \u00e9t\u00e9 marin\u00e9es, sont empaill\u00e9es et s\u00e9ch\u00e9es dans une hotte \u00e0 la chaleur du bois de ch\u00eane vert.<\/p>\n<ul>\n<li>Pi\u00e8ce enti\u00e8re 1-1,3 kg.<\/li>\n<li>Minimum 6 mois d\u2019affinage naturel<\/li>\n<li>Certifi\u00e9 de bellota 100% ib\u00e9rique<\/li>\n<li>Viande de porc ib\u00e9rique avec double alimentation de glands<\/li>\n<\/ul>\n<p>&nbsp;<\/p>\n<p><img decoding=\"async\" src=\"https:\/\/arturosanchez.com\/tienda\/img\/cms\/Sin-gluten-AS.png\" alt=\"-\" width=\"60\" height=\"60\" title=\"-\"><img decoding=\"async\" src=\"https:\/\/arturosanchez.com\/tienda\/img\/cms\/Sin-lactosa-AS.png\" alt=\"-\" width=\"60\" height=\"60\" title=\"-\"><\/p>\n","protected":false},"excerpt":{"rendered":"<p>Le Lomo de bellota ib\u00e9rico de Arturo S\u00e1nchez est un enchantement naturel : enchanteur, car il est instantan\u00e9ment captivant, et naturel, car il est captivant en soi, sans chercher \u00e0 l&rsquo;\u00eatre. L&rsquo;\u00e9tat m\u00eame de cette pi\u00e8ce signifie qu&rsquo;elle a une grande infiltration de graisse qui lui donne ce marbrage particulier et incomparable. Seules les meilleures [&hellip;]<\/p>\n","protected":false},"featured_media":25412,"comment_status":"open","ping_status":"closed","template":"","meta":{"wprm-recipe-roundup-name":"","wprm-recipe-roundup-description":""},"product_brand":[],"product_cat":[886,921,868],"product_tag":[],"class_list":{"0":"post-26313","1":"product","2":"type-product","3":"status-publish","4":"has-post-thumbnail","6":"product_cat-cadeaux-speciaux","7":"product_cat-lomo-fr","8":"product_cat-charcuterie-produits-iberiques","10":"first","11":"instock","12":"taxable","13":"shipping-taxable","14":"purchasable","15":"product-type-simple"},"_links":{"self":[{"href":"https:\/\/arturosanchez.com\/fr\/wp-json\/wp\/v2\/product\/26313","targetHints":{"allow":["GET"]}}],"collection":[{"href":"https:\/\/arturosanchez.com\/fr\/wp-json\/wp\/v2\/product"}],"about":[{"href":"https:\/\/arturosanchez.com\/fr\/wp-json\/wp\/v2\/types\/product"}],"replies":[{"embeddable":true,"href":"https:\/\/arturosanchez.com\/fr\/wp-json\/wp\/v2\/comments?post=26313"}],"wp:featuredmedia":[{"embeddable":true,"href":"https:\/\/arturosanchez.com\/fr\/wp-json\/wp\/v2\/media\/25412"}],"wp:attachment":[{"href":"https:\/\/arturosanchez.com\/fr\/wp-json\/wp\/v2\/media?parent=26313"}],"wp:term":[{"taxonomy":"product_brand","embeddable":true,"href":"https:\/\/arturosanchez.com\/fr\/wp-json\/wp\/v2\/product_brand?post=26313"},{"taxonomy":"product_cat","embeddable":true,"href":"https:\/\/arturosanchez.com\/fr\/wp-json\/wp\/v2\/product_cat?post=26313"},{"taxonomy":"product_tag","embeddable":true,"href":"https:\/\/arturosanchez.com\/fr\/wp-json\/wp\/v2\/product_tag?post=26313"}],"curies":[{"name":"wp","href":"https:\/\/api.w.org\/{rel}","templated":true}]}}