{"id":26318,"date":"2022-07-16T08:52:47","date_gmt":"2022-07-16T08:52:47","guid":{"rendered":"https:\/\/arturosanchez.com\/?post_type=product&#038;p=26318"},"modified":"2022-10-27T09:20:16","modified_gmt":"2022-10-27T09:20:16","slug":"echine-de-porc-nourri-au-gland-100-iberique-en-tranches-80gr","status":"publish","type":"product","link":"https:\/\/arturosanchez.com\/fr\/acheter\/echine-de-porc-nourri-au-gland-100-iberique-en-tranches-80gr\/","title":{"rendered":"Longe de Bellota 100% Ib\u00e9rique Tranch\u00e9e 80Gr"},"content":{"rendered":"<p>Le lomo de bellota ib\u00e9rique Roscal d\u2019Arturo S\u00e1nchez est un sortil\u00e8ge naturel : sortil\u00e8ge, parce qu\u2019il enchante instantan\u00e9ment, et naturel, parce qu\u2019il est captivant en soi, sans le vouloir. La condition propre de cette pi\u00e8ce lui fait avoir une grande infiltration de graisse qui lui donne cet aspect marbr\u00e9 particulier et incomparable.<\/p>\n<ul>\n<li>Blister de 80gr<\/li>\n<li>Minimum 6 mois d\u2019affinage naturel<\/li>\n<li>Certifi\u00e9 bellota 100% ib\u00e9rique<\/li>\n<li>Viande de porc ib\u00e9rique avec double alimentation de glands<\/li>\n<\/ul>\n<p>&nbsp;<\/p>\n<p><img decoding=\"async\" src=\"https:\/\/arturosanchez.com\/tienda\/img\/cms\/Sin-gluten-AS.png\" alt=\"-\" width=\"60\" height=\"60\" title=\"-\"><img decoding=\"async\" src=\"https:\/\/arturosanchez.com\/tienda\/img\/cms\/Sin-lactosa-AS.png\" alt=\"-\" width=\"60\" height=\"60\" title=\"-\"><\/p>\n","protected":false},"excerpt":{"rendered":"<p>Le lomo de bellota ib\u00e9rique Roscal d\u2019Arturo S\u00e1nchez est un sortil\u00e8ge naturel : sortil\u00e8ge, parce qu\u2019il enchante instantan\u00e9ment, et naturel, parce qu\u2019il est captivant en soi, sans le vouloir. La condition propre de cette pi\u00e8ce lui fait avoir une grande infiltration de graisse qui lui donne cet aspect marbr\u00e9 particulier et incomparable. Blister de 80gr [&hellip;]<\/p>\n","protected":false},"featured_media":25402,"comment_status":"open","ping_status":"closed","template":"","meta":{"wprm-recipe-roundup-name":"","wprm-recipe-roundup-description":""},"product_brand":[],"product_cat":[921,868,885],"product_tag":[],"class_list":{"0":"post-26318","1":"product","2":"type-product","3":"status-publish","4":"has-post-thumbnail","6":"product_cat-lomo-fr","7":"product_cat-charcuterie-produits-iberiques","8":"product_cat-tranches","10":"first","11":"instock","12":"taxable","13":"shipping-taxable","14":"purchasable","15":"product-type-simple"},"_links":{"self":[{"href":"https:\/\/arturosanchez.com\/fr\/wp-json\/wp\/v2\/product\/26318","targetHints":{"allow":["GET"]}}],"collection":[{"href":"https:\/\/arturosanchez.com\/fr\/wp-json\/wp\/v2\/product"}],"about":[{"href":"https:\/\/arturosanchez.com\/fr\/wp-json\/wp\/v2\/types\/product"}],"replies":[{"embeddable":true,"href":"https:\/\/arturosanchez.com\/fr\/wp-json\/wp\/v2\/comments?post=26318"}],"wp:featuredmedia":[{"embeddable":true,"href":"https:\/\/arturosanchez.com\/fr\/wp-json\/wp\/v2\/media\/25402"}],"wp:attachment":[{"href":"https:\/\/arturosanchez.com\/fr\/wp-json\/wp\/v2\/media?parent=26318"}],"wp:term":[{"taxonomy":"product_brand","embeddable":true,"href":"https:\/\/arturosanchez.com\/fr\/wp-json\/wp\/v2\/product_brand?post=26318"},{"taxonomy":"product_cat","embeddable":true,"href":"https:\/\/arturosanchez.com\/fr\/wp-json\/wp\/v2\/product_cat?post=26318"},{"taxonomy":"product_tag","embeddable":true,"href":"https:\/\/arturosanchez.com\/fr\/wp-json\/wp\/v2\/product_tag?post=26318"}],"curies":[{"name":"wp","href":"https:\/\/api.w.org\/{rel}","templated":true}]}}