{"id":26358,"date":"2022-07-14T07:31:13","date_gmt":"2022-07-14T05:31:13","guid":{"rendered":"https:\/\/arturosanchez.com\/?post_type=product&#038;p=26358"},"modified":"2022-10-27T09:39:10","modified_gmt":"2022-10-27T09:39:10","slug":"chorizo-de-bellota-grande-reserve-en-tranches","status":"publish","type":"product","link":"https:\/\/arturosanchez.com\/fr\/acheter\/chorizo-de-bellota-grande-reserve-en-tranches\/","title":{"rendered":"Chorizo de Bellota Gran Reserva en tranches 80Gr"},"content":{"rendered":"<p>Le Chorizo ib\u00e9rique de bellota est attrayant et vivant, \u00e0 l\u2019ext\u00e9rieur et \u00e0 l\u2019int\u00e9rieur. Atteindre son \u00e9quilibre parfait est un d\u00e9fi qui est surmont\u00e9 avec dext\u00e9rit\u00e9 gr\u00e2ce \u00e0 la sage combinaison d\u2019\u00e9pices et la meilleure mati\u00e8re premi\u00e8re.<\/p>\n<p>La pluma ib\u00e9rique, le secreto et la presa sont sa base fondamentale. Son assaisonnement, une marinade fruit de l\u2019ing\u00e9niosit\u00e9 et du savoir-faire de notre famille.<\/p>\n<ul>\n<li>Blister de 80gr<\/li>\n<li>Minimum 6 mois d\u2019affinage naturel<\/li>\n<li>Elabor\u00e9 avec Presa, Pluma et Secreto<\/li>\n<li>100% porc ib\u00e9rique avec des porcs doublement nourris aux glands<\/li>\n<\/ul>\n<p>&nbsp;<\/p>\n<p><img decoding=\"async\" src=\"https:\/\/arturosanchez.com\/tienda\/img\/cms\/Sin-gluten-AS.png\" alt=\"-\" width=\"60\" height=\"60\" title=\"-\"><img decoding=\"async\" src=\"https:\/\/arturosanchez.com\/tienda\/img\/cms\/Sin-lactosa-AS.png\" alt=\"-\" width=\"60\" height=\"60\" title=\"-\"><\/p>\n","protected":false},"excerpt":{"rendered":"<p>Le Chorizo ib\u00e9rique de bellota est attrayant et vivant, \u00e0 l\u2019ext\u00e9rieur et \u00e0 l\u2019int\u00e9rieur. Atteindre son \u00e9quilibre parfait est un d\u00e9fi qui est surmont\u00e9 avec dext\u00e9rit\u00e9 gr\u00e2ce \u00e0 la sage combinaison d\u2019\u00e9pices et la meilleure mati\u00e8re premi\u00e8re. La pluma ib\u00e9rique, le secreto et la presa sont sa base fondamentale. Son assaisonnement, une marinade fruit de [&hellip;]<\/p>\n","protected":false},"featured_media":25372,"comment_status":"open","ping_status":"closed","template":"","meta":{"wprm-recipe-roundup-name":"","wprm-recipe-roundup-description":""},"product_brand":[],"product_cat":[885,915,868],"product_tag":[],"class_list":{"0":"post-26358","1":"product","2":"type-product","3":"status-publish","4":"has-post-thumbnail","6":"product_cat-tranches","7":"product_cat-chorizo-fr","8":"product_cat-charcuterie-produits-iberiques","10":"first","11":"instock","12":"taxable","13":"shipping-taxable","14":"purchasable","15":"product-type-simple"},"_links":{"self":[{"href":"https:\/\/arturosanchez.com\/fr\/wp-json\/wp\/v2\/product\/26358","targetHints":{"allow":["GET"]}}],"collection":[{"href":"https:\/\/arturosanchez.com\/fr\/wp-json\/wp\/v2\/product"}],"about":[{"href":"https:\/\/arturosanchez.com\/fr\/wp-json\/wp\/v2\/types\/product"}],"replies":[{"embeddable":true,"href":"https:\/\/arturosanchez.com\/fr\/wp-json\/wp\/v2\/comments?post=26358"}],"wp:featuredmedia":[{"embeddable":true,"href":"https:\/\/arturosanchez.com\/fr\/wp-json\/wp\/v2\/media\/25372"}],"wp:attachment":[{"href":"https:\/\/arturosanchez.com\/fr\/wp-json\/wp\/v2\/media?parent=26358"}],"wp:term":[{"taxonomy":"product_brand","embeddable":true,"href":"https:\/\/arturosanchez.com\/fr\/wp-json\/wp\/v2\/product_brand?post=26358"},{"taxonomy":"product_cat","embeddable":true,"href":"https:\/\/arturosanchez.com\/fr\/wp-json\/wp\/v2\/product_cat?post=26358"},{"taxonomy":"product_tag","embeddable":true,"href":"https:\/\/arturosanchez.com\/fr\/wp-json\/wp\/v2\/product_tag?post=26358"}],"curies":[{"name":"wp","href":"https:\/\/api.w.org\/{rel}","templated":true}]}}