{"id":26516,"date":"2022-07-07T09:33:52","date_gmt":"2022-07-07T09:33:52","guid":{"rendered":"https:\/\/arturosanchez.com\/?post_type=product&#038;p=26516"},"modified":"2023-01-13T08:54:43","modified_gmt":"2023-01-13T08:54:43","slug":"heritage","status":"publish","type":"product","link":"https:\/\/arturosanchez.com\/fr\/acheter\/heritage\/","title":{"rendered":"H\u00e9ritage"},"content":{"rendered":"<p>Chaque ann\u00e9e est diff\u00e9rente : nous vivons \u00e0 la merci des al\u00e9as de la nature. Il y a des ann\u00e9es charg\u00e9es de jours secs et froids. D\u2019autres, avec plus de vents chauds du sud. Il y a des ann\u00e9es qui suivent la logique du calendrier et d\u2019autres qui r\u00e9volutionnent les param\u00e8tres des saisons. Le myst\u00e8re et l\u2019art du jambon ib\u00e9rique recueillis dans un pack de trois mill\u00e9simes pour d\u00e9guster avec perspective.<\/p>\n<p>\u00c0 l\u2019int\u00e9rieur, l\u2019h\u00e9donisme pur sous la forme de six sachets de 80g. Une d\u00e9gustation verticale des saveurs du produit roi que la famille a produite dans les mill\u00e9simes 2015, 2016 et 2017.<\/p>\n<ul>\n<li>6 blisters de 80 grammes, coup\u00e9s au couteau<\/li>\n<li>Certifi\u00e9 de bellota 100% ib\u00e9rique<\/li>\n<li>Cochons ib\u00e9riques de double saison de glands<\/li>\n<\/ul>\n<p>&nbsp;<\/p>\n<p><img decoding=\"async\" src=\"https:\/\/arturosanchez.com\/tienda\/img\/cms\/Sin-gluten-AS.png\" alt=\"-\" width=\"60\" height=\"60\" title=\"-\"><img decoding=\"async\" src=\"https:\/\/arturosanchez.com\/tienda\/img\/cms\/Sin-lactosa-AS.png\" alt=\"-\" width=\"60\" height=\"60\" title=\"-\"><img decoding=\"async\" src=\"https:\/\/arturosanchez.com\/tienda\/img\/cms\/Corte-cuchillo-Arturo.png\" alt=\"-\" width=\"68\" height=\"60\" title=\"-\"><\/p>\n","protected":false},"excerpt":{"rendered":"<p>Chaque ann\u00e9e est diff\u00e9rente : nous vivons \u00e0 la merci des al\u00e9as de la nature. Il y a des ann\u00e9es charg\u00e9es de jours secs et froids. D\u2019autres, avec plus de vents chauds du sud. Il y a des ann\u00e9es qui suivent la logique du calendrier et d\u2019autres qui r\u00e9volutionnent les param\u00e8tres des saisons. Le myst\u00e8re [&hellip;]<\/p>\n","protected":false},"featured_media":36516,"comment_status":"open","ping_status":"closed","template":"","meta":{"wprm-recipe-roundup-name":"","wprm-recipe-roundup-description":""},"product_brand":[],"product_cat":[886,873,885],"product_tag":[],"class_list":{"0":"post-26516","1":"product","2":"type-product","3":"status-publish","4":"has-post-thumbnail","6":"product_cat-cadeaux-speciaux","7":"product_cat-jambon-iberique-nourri-aux-glands","8":"product_cat-tranches","10":"first","11":"instock","12":"taxable","13":"shipping-taxable","14":"purchasable","15":"product-type-simple"},"_links":{"self":[{"href":"https:\/\/arturosanchez.com\/fr\/wp-json\/wp\/v2\/product\/26516","targetHints":{"allow":["GET"]}}],"collection":[{"href":"https:\/\/arturosanchez.com\/fr\/wp-json\/wp\/v2\/product"}],"about":[{"href":"https:\/\/arturosanchez.com\/fr\/wp-json\/wp\/v2\/types\/product"}],"replies":[{"embeddable":true,"href":"https:\/\/arturosanchez.com\/fr\/wp-json\/wp\/v2\/comments?post=26516"}],"wp:featuredmedia":[{"embeddable":true,"href":"https:\/\/arturosanchez.com\/fr\/wp-json\/wp\/v2\/media\/36516"}],"wp:attachment":[{"href":"https:\/\/arturosanchez.com\/fr\/wp-json\/wp\/v2\/media?parent=26516"}],"wp:term":[{"taxonomy":"product_brand","embeddable":true,"href":"https:\/\/arturosanchez.com\/fr\/wp-json\/wp\/v2\/product_brand?post=26516"},{"taxonomy":"product_cat","embeddable":true,"href":"https:\/\/arturosanchez.com\/fr\/wp-json\/wp\/v2\/product_cat?post=26516"},{"taxonomy":"product_tag","embeddable":true,"href":"https:\/\/arturosanchez.com\/fr\/wp-json\/wp\/v2\/product_tag?post=26516"}],"curies":[{"name":"wp","href":"https:\/\/api.w.org\/{rel}","templated":true}]}}