{"id":26523,"date":"2022-07-06T09:33:00","date_gmt":"2022-07-06T07:33:00","guid":{"rendered":"https:\/\/arturosanchez.com\/?post_type=product&#038;p=26523"},"modified":"2022-10-27T11:59:45","modified_gmt":"2022-10-27T11:59:45","slug":"boite-de-degustation-gran-reserva","status":"publish","type":"product","link":"https:\/\/arturosanchez.com\/fr\/acheter\/boite-de-degustation-gran-reserva\/","title":{"rendered":"Bo\u00eete de d\u00e9gustation Gran Reserva"},"content":{"rendered":"<p>Un cadeau pour les sens.\u00a0 La mani\u00e8re id\u00e9ale de faire un tour complet des saveurs d&rsquo;Arturo S\u00e1nchez : jambon, \u00e9paule, longe, chorizo et saucisson de gland Gran Reserva dans une bo\u00eete pratique et \u00e9l\u00e9gante de 5 sachets de 80 grammes.<\/p>\n<p>Un cadeau qui fait la diff\u00e9rence.<\/p>\n<p>Contient 1 blister de 80 grammes de chaque.<\/p>\n<ul>\n<li>100% jambon ib\u00e9rique nourri au gland de ch\u00eane<\/li>\n<li>\u00c9paule Paleta 100% ib\u00e9rique nourrie au gland<\/li>\n<li>Longe de porc nourri au gland 100% ib\u00e9rique<\/li>\n<li>Chorizo Gran Reserva nourri aux glands<\/li>\n<li>Saucisse de gland Gran Reserva<\/li>\n<\/ul>\n<p>&nbsp;<\/p>\n<p><img decoding=\"async\" src=\"https:\/\/arturosanchez.com\/tienda\/img\/cms\/Sin-gluten-AS.png\" alt=\"-\" width=\"60\" height=\"60\" title=\"-\"><img decoding=\"async\" src=\"https:\/\/arturosanchez.com\/tienda\/img\/cms\/Sin-lactosa-AS.png\" alt=\"-\" width=\"60\" height=\"60\" title=\"-\"><\/p>\n","protected":false},"excerpt":{"rendered":"<p>Un cadeau pour les sens.\u00a0 La mani\u00e8re id\u00e9ale de faire un tour complet des saveurs d&rsquo;Arturo S\u00e1nchez : jambon, \u00e9paule, longe, chorizo et saucisson de gland Gran Reserva dans une bo\u00eete pratique et \u00e9l\u00e9gante de 5 sachets de 80 grammes. Un cadeau qui fait la diff\u00e9rence. Contient 1 blister de 80 grammes de chaque. 100% [&hellip;]<\/p>\n","protected":false},"featured_media":25232,"comment_status":"open","ping_status":"closed","template":"","meta":{"wprm-recipe-roundup-name":"","wprm-recipe-roundup-description":""},"product_brand":[],"product_cat":[886,885],"product_tag":[],"class_list":{"0":"post-26523","1":"product","2":"type-product","3":"status-publish","4":"has-post-thumbnail","6":"product_cat-cadeaux-speciaux","7":"product_cat-tranches","9":"first","10":"instock","11":"taxable","12":"shipping-taxable","13":"purchasable","14":"product-type-simple"},"_links":{"self":[{"href":"https:\/\/arturosanchez.com\/fr\/wp-json\/wp\/v2\/product\/26523","targetHints":{"allow":["GET"]}}],"collection":[{"href":"https:\/\/arturosanchez.com\/fr\/wp-json\/wp\/v2\/product"}],"about":[{"href":"https:\/\/arturosanchez.com\/fr\/wp-json\/wp\/v2\/types\/product"}],"replies":[{"embeddable":true,"href":"https:\/\/arturosanchez.com\/fr\/wp-json\/wp\/v2\/comments?post=26523"}],"wp:featuredmedia":[{"embeddable":true,"href":"https:\/\/arturosanchez.com\/fr\/wp-json\/wp\/v2\/media\/25232"}],"wp:attachment":[{"href":"https:\/\/arturosanchez.com\/fr\/wp-json\/wp\/v2\/media?parent=26523"}],"wp:term":[{"taxonomy":"product_brand","embeddable":true,"href":"https:\/\/arturosanchez.com\/fr\/wp-json\/wp\/v2\/product_brand?post=26523"},{"taxonomy":"product_cat","embeddable":true,"href":"https:\/\/arturosanchez.com\/fr\/wp-json\/wp\/v2\/product_cat?post=26523"},{"taxonomy":"product_tag","embeddable":true,"href":"https:\/\/arturosanchez.com\/fr\/wp-json\/wp\/v2\/product_tag?post=26523"}],"curies":[{"name":"wp","href":"https:\/\/api.w.org\/{rel}","templated":true}]}}