{"id":26532,"date":"2022-07-04T08:10:03","date_gmt":"2022-07-04T06:10:03","guid":{"rendered":"https:\/\/arturosanchez.com\/?post_type=product&#038;p=26532"},"modified":"2025-11-14T23:52:18","modified_gmt":"2025-11-14T22:52:18","slug":"boite-de-20-blisters-de-paleta-de-bellota-100-iberique-nourrie-au-gland","status":"publish","type":"product","link":"https:\/\/arturosanchez.com\/fr\/acheter\/boite-de-20-blisters-de-paleta-de-bellota-100-iberique-nourrie-au-gland\/","title":{"rendered":"Caisse 20 Blister \u00c9paule de bellota 100% ib\u00e9rique"},"content":{"rendered":"<p>Banni\u00e8re du joyau de la gastronomie, car chaque morceau de Jambon Ib\u00e9rique de bellota est unique : le summum de la rencontre entre la meilleure mati\u00e8re premi\u00e8re, de la race pure et \u00e9lev\u00e9e dans les meilleurs p\u00e2turages, et l\u2019affinage naturel dans nos caves de Guijuelo.<\/p>\n<ul>\n<li>Bo\u00eete Premium avec 20 blisters avec 80gr de viande en tranches<\/li>\n<li>Minimum 48 mois d\u2019affinage naturel<\/li>\n<li>Certifi\u00e9 de bellota 100% ib\u00e9rique<\/li>\n<li>Viande de porc ib\u00e9rique avec double alimentation de glands<\/li>\n<\/ul>\n<p>&nbsp;<\/p>\n<p><img decoding=\"async\" src=\"https:\/\/arturosanchez.com\/tienda\/img\/cms\/Sin-gluten-AS.png\" alt=\"-\" width=\"60\" height=\"60\" title=\"-\"><img decoding=\"async\" src=\"https:\/\/arturosanchez.com\/tienda\/img\/cms\/Sin-lactosa-AS.png\" alt=\"-\" width=\"60\" height=\"60\" title=\"-\"><img decoding=\"async\" src=\"https:\/\/arturosanchez.com\/tienda\/img\/cms\/Corte-cuchillo-Arturo.png\" alt=\"-\" width=\"68\" height=\"60\" title=\"-\"><\/p>\n","protected":false},"excerpt":{"rendered":"<p>Banni\u00e8re du joyau de la gastronomie, car chaque morceau de Jambon Ib\u00e9rique de bellota est unique : le summum de la rencontre entre la meilleure mati\u00e8re premi\u00e8re, de la race pure et \u00e9lev\u00e9e dans les meilleurs p\u00e2turages, et l\u2019affinage naturel dans nos caves de Guijuelo. Bo\u00eete Premium avec 20 blisters avec 80gr de viande en [&hellip;]<\/p>\n","protected":false},"featured_media":30145,"comment_status":"open","ping_status":"closed","template":"","meta":{"wprm-recipe-roundup-name":"","wprm-recipe-roundup-description":""},"product_brand":[],"product_cat":[886,878,885],"product_tag":[],"class_list":{"0":"post-26532","1":"product","2":"type-product","3":"status-publish","4":"has-post-thumbnail","6":"product_cat-cadeaux-speciaux","7":"product_cat-jambon-iberique-depaule-nourri-aux-glands","8":"product_cat-tranches","10":"first","11":"instock","12":"taxable","13":"shipping-taxable","14":"purchasable","15":"product-type-simple"},"_links":{"self":[{"href":"https:\/\/arturosanchez.com\/fr\/wp-json\/wp\/v2\/product\/26532","targetHints":{"allow":["GET"]}}],"collection":[{"href":"https:\/\/arturosanchez.com\/fr\/wp-json\/wp\/v2\/product"}],"about":[{"href":"https:\/\/arturosanchez.com\/fr\/wp-json\/wp\/v2\/types\/product"}],"replies":[{"embeddable":true,"href":"https:\/\/arturosanchez.com\/fr\/wp-json\/wp\/v2\/comments?post=26532"}],"wp:featuredmedia":[{"embeddable":true,"href":"https:\/\/arturosanchez.com\/fr\/wp-json\/wp\/v2\/media\/30145"}],"wp:attachment":[{"href":"https:\/\/arturosanchez.com\/fr\/wp-json\/wp\/v2\/media?parent=26532"}],"wp:term":[{"taxonomy":"product_brand","embeddable":true,"href":"https:\/\/arturosanchez.com\/fr\/wp-json\/wp\/v2\/product_brand?post=26532"},{"taxonomy":"product_cat","embeddable":true,"href":"https:\/\/arturosanchez.com\/fr\/wp-json\/wp\/v2\/product_cat?post=26532"},{"taxonomy":"product_tag","embeddable":true,"href":"https:\/\/arturosanchez.com\/fr\/wp-json\/wp\/v2\/product_tag?post=26532"}],"curies":[{"name":"wp","href":"https:\/\/api.w.org\/{rel}","templated":true}]}}