{"id":26548,"date":"2022-07-05T08:08:05","date_gmt":"2022-07-05T08:08:05","guid":{"rendered":"https:\/\/arturosanchez.com\/?post_type=product&#038;p=26548"},"modified":"2022-10-27T06:48:50","modified_gmt":"2022-10-27T06:48:50","slug":"boite-de-20-blisters-de-jambon-de-gland-100-iberique","status":"publish","type":"product","link":"https:\/\/arturosanchez.com\/fr\/acheter\/boite-de-20-blisters-de-jambon-de-gland-100-iberique\/","title":{"rendered":"Caisse 20 Blister 100% jambon ib\u00e9rique de bellota"},"content":{"rendered":"<p>Banni\u00e8re du joyau de la gastronomie, car chaque morceau de Jambon Ib\u00e9rique de bellota est unique : le summum de la rencontre entre la meilleure mati\u00e8re premi\u00e8re, de la race pure et \u00e9lev\u00e9e dans les meilleurs p\u00e2turages, et l\u2019affinage naturel dans nos caves de Guijuelo.<\/p>\n<ul>\n<li>Bo\u00eete Premium avec 20 blisters de 80 g coup\u00e9s au couteau<\/li>\n<li>Minimum 48 mois d\u2019affinage naturel<\/li>\n<li>Certifi\u00e9 de bellota 100% ib\u00e9rique<\/li>\n<li>Cochon ib\u00e9rique de double saison de glands<\/li>\n<\/ul>\n<p>&nbsp;<\/p>\n<p><img decoding=\"async\" src=\"https:\/\/arturosanchez.com\/tienda\/img\/cms\/Sin-gluten-AS.png\" alt=\"-\" width=\"60\" height=\"60\" title=\"-\"><img decoding=\"async\" src=\"https:\/\/arturosanchez.com\/tienda\/img\/cms\/Sin-lactosa-AS.png\" alt=\"-\" width=\"60\" height=\"60\" title=\"-\"><img decoding=\"async\" src=\"https:\/\/arturosanchez.com\/tienda\/img\/cms\/Corte-cuchillo-Arturo.png\" alt=\"-\" width=\"68\" height=\"60\" title=\"-\"><\/p>\n","protected":false},"excerpt":{"rendered":"<p>Banni\u00e8re du joyau de la gastronomie, car chaque morceau de Jambon Ib\u00e9rique de bellota est unique : le summum de la rencontre entre la meilleure mati\u00e8re premi\u00e8re, de la race pure et \u00e9lev\u00e9e dans les meilleurs p\u00e2turages, et l\u2019affinage naturel dans nos caves de Guijuelo. Bo\u00eete Premium avec 20 blisters de 80 g coup\u00e9s au [&hellip;]<\/p>\n","protected":false},"featured_media":30145,"comment_status":"open","ping_status":"closed","template":"","meta":{"wprm-recipe-roundup-name":"","wprm-recipe-roundup-description":""},"product_brand":[],"product_cat":[886,873,885],"product_tag":[],"class_list":{"0":"post-26548","1":"product","2":"type-product","3":"status-publish","4":"has-post-thumbnail","6":"product_cat-cadeaux-speciaux","7":"product_cat-jambon-iberique-nourri-aux-glands","8":"product_cat-tranches","10":"first","11":"instock","12":"taxable","13":"shipping-taxable","14":"purchasable","15":"product-type-simple"},"_links":{"self":[{"href":"https:\/\/arturosanchez.com\/fr\/wp-json\/wp\/v2\/product\/26548","targetHints":{"allow":["GET"]}}],"collection":[{"href":"https:\/\/arturosanchez.com\/fr\/wp-json\/wp\/v2\/product"}],"about":[{"href":"https:\/\/arturosanchez.com\/fr\/wp-json\/wp\/v2\/types\/product"}],"replies":[{"embeddable":true,"href":"https:\/\/arturosanchez.com\/fr\/wp-json\/wp\/v2\/comments?post=26548"}],"wp:featuredmedia":[{"embeddable":true,"href":"https:\/\/arturosanchez.com\/fr\/wp-json\/wp\/v2\/media\/30145"}],"wp:attachment":[{"href":"https:\/\/arturosanchez.com\/fr\/wp-json\/wp\/v2\/media?parent=26548"}],"wp:term":[{"taxonomy":"product_brand","embeddable":true,"href":"https:\/\/arturosanchez.com\/fr\/wp-json\/wp\/v2\/product_brand?post=26548"},{"taxonomy":"product_cat","embeddable":true,"href":"https:\/\/arturosanchez.com\/fr\/wp-json\/wp\/v2\/product_cat?post=26548"},{"taxonomy":"product_tag","embeddable":true,"href":"https:\/\/arturosanchez.com\/fr\/wp-json\/wp\/v2\/product_tag?post=26548"}],"curies":[{"name":"wp","href":"https:\/\/api.w.org\/{rel}","templated":true}]}}