{"id":27240,"date":"2022-09-13T09:56:15","date_gmt":"2022-09-13T07:56:15","guid":{"rendered":"https:\/\/arturosanchez.com\/?post_type=product&#038;p=27240"},"modified":"2025-05-27T16:08:51","modified_gmt":"2025-05-27T14:08:51","slug":"jambon-iberique-de-bellota-100-tranche","status":"publish","type":"product","link":"https:\/\/arturosanchez.com\/fr\/acheter\/jambon-iberique-de-bellota-100-tranche\/","title":{"rendered":"Jambon Ib\u00e9rique de Bellota 100% Tranch\u00e9"},"content":{"rendered":"<p>Porte-drapeau du joyau de la gastronomie, car chaque pi\u00e8ce de jambon de gland 100% ib\u00e9rique est unique : l&rsquo;aboutissement de la confluence de la meilleure mati\u00e8re premi\u00e8re, \u00e9lev\u00e9e en race pure dans les meilleurs p\u00e2turages, et du processus naturel de maturation dans nos caves de Guijuelo.<\/p>\n<ul>\n<li>Tranch\u00e9 au couteau 30 blisters<\/li>\n<li>Minimum 40 mois de maturation naturelle<\/li>\n<li>Porc nourri aux glands certifi\u00e9 100% ib\u00e9rique<\/li>\n<li>Viande de porc ib\u00e9rique avec double alimentation de glands<\/li>\n<\/ul>\n<p>&nbsp;<\/p>\n<p><img decoding=\"async\" src=\"https:\/\/arturosanchez.com\/tienda\/img\/cms\/Sin-gluten-AS.png\" alt=\"-\" width=\"60\" height=\"60\" title=\"-\"><img decoding=\"async\" src=\"https:\/\/arturosanchez.com\/tienda\/img\/cms\/Sin-lactosa-AS.png\" alt=\"-\" width=\"60\" height=\"60\" title=\"-\"><img decoding=\"async\" src=\"https:\/\/arturosanchez.com\/tienda\/img\/cms\/Corte-cuchillo-Arturo.png\" alt=\"-\" width=\"68\" height=\"60\" title=\"-\"><\/p>\n","protected":false},"excerpt":{"rendered":"<p>Porte-drapeau du joyau de la gastronomie, car chaque pi\u00e8ce de jambon de gland 100% ib\u00e9rique est unique : l&rsquo;aboutissement de la confluence de la meilleure mati\u00e8re premi\u00e8re, \u00e9lev\u00e9e en race pure dans les meilleurs p\u00e2turages, et du processus naturel de maturation dans nos caves de Guijuelo. Tranch\u00e9 au couteau 30 blisters Minimum 40 mois de [&hellip;]<\/p>\n","protected":false},"featured_media":35296,"comment_status":"open","ping_status":"closed","template":"","meta":{"wprm-recipe-roundup-name":"","wprm-recipe-roundup-description":""},"product_brand":[],"product_cat":[873,885],"product_tag":[],"class_list":{"0":"post-27240","1":"product","2":"type-product","3":"status-publish","4":"has-post-thumbnail","6":"product_cat-jambon-iberique-nourri-aux-glands","7":"product_cat-tranches","9":"first","10":"instock","11":"taxable","12":"shipping-taxable","13":"purchasable","14":"product-type-simple"},"_links":{"self":[{"href":"https:\/\/arturosanchez.com\/fr\/wp-json\/wp\/v2\/product\/27240","targetHints":{"allow":["GET"]}}],"collection":[{"href":"https:\/\/arturosanchez.com\/fr\/wp-json\/wp\/v2\/product"}],"about":[{"href":"https:\/\/arturosanchez.com\/fr\/wp-json\/wp\/v2\/types\/product"}],"replies":[{"embeddable":true,"href":"https:\/\/arturosanchez.com\/fr\/wp-json\/wp\/v2\/comments?post=27240"}],"wp:featuredmedia":[{"embeddable":true,"href":"https:\/\/arturosanchez.com\/fr\/wp-json\/wp\/v2\/media\/35296"}],"wp:attachment":[{"href":"https:\/\/arturosanchez.com\/fr\/wp-json\/wp\/v2\/media?parent=27240"}],"wp:term":[{"taxonomy":"product_brand","embeddable":true,"href":"https:\/\/arturosanchez.com\/fr\/wp-json\/wp\/v2\/product_brand?post=27240"},{"taxonomy":"product_cat","embeddable":true,"href":"https:\/\/arturosanchez.com\/fr\/wp-json\/wp\/v2\/product_cat?post=27240"},{"taxonomy":"product_tag","embeddable":true,"href":"https:\/\/arturosanchez.com\/fr\/wp-json\/wp\/v2\/product_tag?post=27240"}],"curies":[{"name":"wp","href":"https:\/\/api.w.org\/{rel}","templated":true}]}}