{"id":30548,"date":"2022-07-08T09:27:34","date_gmt":"2022-07-08T09:27:34","guid":{"rendered":"https:\/\/arturosanchez.com\/?post_type=product&#038;p=30548"},"modified":"2025-05-30T13:10:33","modified_gmt":"2025-05-30T11:10:33","slug":"tete-de-lit-iberique","status":"publish","type":"product","link":"https:\/\/arturosanchez.com\/fr\/acheter\/tete-de-lit-iberique\/","title":{"rendered":"T\u00eate de lit ib\u00e9rique"},"content":{"rendered":"<div class=\"page\" title=\"Page 3\">\n<div class=\"section\">\n<div class=\"layoutArea\">\n<div class=\"column\">\n<p>Cr\u00e9\u00e9 \u00e0 partir du morceau de porc \u00e9ponyme, comme toutes nos saucisses, la production se fait pi\u00e8ce par pi\u00e8ce et une marinade artisanale, ainsi que le ficelage par des mains expertes et notre s\u00e9chage dans la salle de vieillissement, rendent ce produit unique.<br \/>\nUn processus de maturation de plus de 7 mois dans nos s\u00e9choirs naturels avec le seul apport du vent, modulant son intensit\u00e9 pour sa cr\u00e9ation en symbiose avec la nature, profitant de ses cycles.<\/p>\n<\/div>\n<\/div>\n<\/div>\n<\/div>\n","protected":false},"excerpt":{"rendered":"<p>Cr\u00e9\u00e9 \u00e0 partir du morceau de porc \u00e9ponyme, comme toutes nos saucisses, la production se fait pi\u00e8ce par pi\u00e8ce et une marinade artisanale, ainsi que le ficelage par des mains expertes et notre s\u00e9chage dans la salle de vieillissement, rendent ce produit unique. Un processus de maturation de plus de 7 mois dans nos s\u00e9choirs [&hellip;]<\/p>\n","protected":false},"featured_media":35659,"comment_status":"open","ping_status":"closed","template":"","meta":{"wprm-recipe-roundup-name":"","wprm-recipe-roundup-description":""},"product_brand":[],"product_cat":[868],"product_tag":[],"class_list":{"0":"post-30548","1":"product","2":"type-product","3":"status-publish","4":"has-post-thumbnail","6":"product_cat-charcuterie-produits-iberiques","8":"first","9":"instock","10":"taxable","11":"shipping-taxable","12":"purchasable","13":"product-type-simple"},"_links":{"self":[{"href":"https:\/\/arturosanchez.com\/fr\/wp-json\/wp\/v2\/product\/30548","targetHints":{"allow":["GET"]}}],"collection":[{"href":"https:\/\/arturosanchez.com\/fr\/wp-json\/wp\/v2\/product"}],"about":[{"href":"https:\/\/arturosanchez.com\/fr\/wp-json\/wp\/v2\/types\/product"}],"replies":[{"embeddable":true,"href":"https:\/\/arturosanchez.com\/fr\/wp-json\/wp\/v2\/comments?post=30548"}],"wp:featuredmedia":[{"embeddable":true,"href":"https:\/\/arturosanchez.com\/fr\/wp-json\/wp\/v2\/media\/35659"}],"wp:attachment":[{"href":"https:\/\/arturosanchez.com\/fr\/wp-json\/wp\/v2\/media?parent=30548"}],"wp:term":[{"taxonomy":"product_brand","embeddable":true,"href":"https:\/\/arturosanchez.com\/fr\/wp-json\/wp\/v2\/product_brand?post=30548"},{"taxonomy":"product_cat","embeddable":true,"href":"https:\/\/arturosanchez.com\/fr\/wp-json\/wp\/v2\/product_cat?post=30548"},{"taxonomy":"product_tag","embeddable":true,"href":"https:\/\/arturosanchez.com\/fr\/wp-json\/wp\/v2\/product_tag?post=30548"}],"curies":[{"name":"wp","href":"https:\/\/api.w.org\/{rel}","templated":true}]}}