{"id":30559,"date":"2022-07-09T09:12:43","date_gmt":"2022-07-09T07:12:43","guid":{"rendered":"https:\/\/arturosanchez.com\/?post_type=product&#038;p=30559"},"modified":"2022-11-29T15:15:20","modified_gmt":"2022-11-29T15:15:20","slug":"presa-iberique","status":"publish","type":"product","link":"https:\/\/arturosanchez.com\/fr\/acheter\/presa-iberique\/","title":{"rendered":"Pr\u00e9sa Ib\u00e9rique"},"content":{"rendered":"<p>\u00c0 partir de l&rsquo;un des morceaux les plus nobles et les plus exquis du porc ib\u00e9rique, la proie, nous \u00e9laborons notre Lomito Ib\u00e9rico. Nous l&rsquo;assaisonnons soigneusement \u00e0 la main en utilisant uniquement des \u00e9pices naturelles, nous le fourrons dans un double boyau (dont un roscal) et nous le ficelons \u00e9galement \u00e0 la main. Comme toutes nos saucisses, le lomito est s\u00e9ch\u00e9 dans une cloche \u00e0 la chaleur du feu de bois de ch\u00eane vert vieilli et ensuite affin\u00e9 pendant plus de 5 mois dans nos s\u00e9choirs naturels. Sa saveur douce et profonde \u00e9tonne le palais et sera sans aucun doute appr\u00e9ci\u00e9e encore et encore.<\/p>\n","protected":false},"excerpt":{"rendered":"<p>\u00c0 partir de l&rsquo;un des morceaux les plus nobles et les plus exquis du porc ib\u00e9rique, la proie, nous \u00e9laborons notre Lomito Ib\u00e9rico. Nous l&rsquo;assaisonnons soigneusement \u00e0 la main en utilisant uniquement des \u00e9pices naturelles, nous le fourrons dans un double boyau (dont un roscal) et nous le ficelons \u00e9galement \u00e0 la main. Comme toutes [&hellip;]<\/p>\n","protected":false},"featured_media":27185,"comment_status":"open","ping_status":"closed","template":"","meta":{"wprm-recipe-roundup-name":"","wprm-recipe-roundup-description":""},"product_brand":[],"product_cat":[868,925],"product_tag":[],"class_list":{"0":"post-30559","1":"product","2":"type-product","3":"status-publish","4":"has-post-thumbnail","6":"product_cat-charcuterie-produits-iberiques","7":"product_cat-barrage","9":"first","10":"instock","11":"taxable","12":"shipping-taxable","13":"purchasable","14":"product-type-simple"},"_links":{"self":[{"href":"https:\/\/arturosanchez.com\/fr\/wp-json\/wp\/v2\/product\/30559","targetHints":{"allow":["GET"]}}],"collection":[{"href":"https:\/\/arturosanchez.com\/fr\/wp-json\/wp\/v2\/product"}],"about":[{"href":"https:\/\/arturosanchez.com\/fr\/wp-json\/wp\/v2\/types\/product"}],"replies":[{"embeddable":true,"href":"https:\/\/arturosanchez.com\/fr\/wp-json\/wp\/v2\/comments?post=30559"}],"wp:featuredmedia":[{"embeddable":true,"href":"https:\/\/arturosanchez.com\/fr\/wp-json\/wp\/v2\/media\/27185"}],"wp:attachment":[{"href":"https:\/\/arturosanchez.com\/fr\/wp-json\/wp\/v2\/media?parent=30559"}],"wp:term":[{"taxonomy":"product_brand","embeddable":true,"href":"https:\/\/arturosanchez.com\/fr\/wp-json\/wp\/v2\/product_brand?post=30559"},{"taxonomy":"product_cat","embeddable":true,"href":"https:\/\/arturosanchez.com\/fr\/wp-json\/wp\/v2\/product_cat?post=30559"},{"taxonomy":"product_tag","embeddable":true,"href":"https:\/\/arturosanchez.com\/fr\/wp-json\/wp\/v2\/product_tag?post=30559"}],"curies":[{"name":"wp","href":"https:\/\/api.w.org\/{rel}","templated":true}]}}