{"id":25564,"date":"2022-07-06T11:10:42","date_gmt":"2022-07-06T09:10:42","guid":{"rendered":"https:\/\/arturosanchez.com\/?page_id=25564"},"modified":"2022-10-17T13:14:03","modified_gmt":"2022-10-17T13:14:03","slug":"maiale-singolo","status":"publish","type":"page","link":"https:\/\/arturosanchez.com\/it\/maiale-singolo\/","title":{"rendered":"Maiale singolo"},"content":{"rendered":"\t\t<div data-elementor-type=\"wp-page\" data-elementor-id=\"25564\" class=\"elementor elementor-25564 elementor-25\" data-elementor-post-type=\"page\">\n\t\t\t\t\t\t<section class=\"elementor-section elementor-top-section elementor-element elementor-element-273196e elementor-section-height-min-height elementor-section-boxed elementor-section-height-default elementor-section-items-middle\" data-id=\"273196e\" data-element_type=\"section\" data-settings=\"{&quot;background_background&quot;:&quot;classic&quot;}\">\n\t\t\t\t\t\t\t<div class=\"elementor-background-overlay\"><\/div>\n\t\t\t\t\t\t\t<div class=\"elementor-container elementor-column-gap-wider\">\n\t\t\t\t\t<div class=\"elementor-column elementor-col-50 elementor-top-column elementor-element elementor-element-353d46e\" data-id=\"353d46e\" data-element_type=\"column\">\n\t\t\t<div class=\"elementor-widget-wrap elementor-element-populated\">\n\t\t\t\t\t\t<div class=\"elementor-element elementor-element-fa6e3dd elementor-hidden-mobile elementor-widget elementor-widget-heading\" data-id=\"fa6e3dd\" data-element_type=\"widget\" data-widget_type=\"heading.default\">\n\t\t\t\t<div class=\"elementor-widget-container\">\n\t\t\t<h2 class=\"elementor-heading-title elementor-size-default\">Doppia montanera <span class=\"dorado\">  di Bellota  <\/span><\/h2>\t\t<\/div>\n\t\t\t\t<\/div>\n\t\t\t\t<div class=\"elementor-element elementor-element-9fa932a elementor-hidden-desktop elementor-hidden-tablet elementor-widget elementor-widget-heading\" data-id=\"9fa932a\" data-element_type=\"widget\" data-widget_type=\"heading.default\">\n\t\t\t\t<div class=\"elementor-widget-container\">\n\t\t\t<h2 class=\"elementor-heading-title elementor-size-default\">Doppia montanera di Bellota<\/h2>\t\t<\/div>\n\t\t\t\t<\/div>\n\t\t\t\t<div class=\"elementor-element elementor-element-50fdbc6 pp-dual-heading-inline elementor-widget elementor-widget-pp-dual-heading\" data-id=\"50fdbc6\" data-element_type=\"widget\" data-widget_type=\"pp-dual-heading.default\">\n\t\t\t\t<div class=\"elementor-widget-container\">\n\t\t\t<h2 class=\"pp-dual-heading\"><span class=\"pp-first-text\">La base <\/span><span class=\"pp-second-text\">per la produzione di prodotti unici tra quelli iberici.<\/span><\/h2>\t\t<\/div>\n\t\t\t\t<\/div>\n\t\t\t\t<div class=\"elementor-element elementor-element-e4beec5 elementor-hidden-mobile elementor-widget-divider--view-line elementor-widget elementor-widget-divider\" data-id=\"e4beec5\" data-element_type=\"widget\" data-widget_type=\"divider.default\">\n\t\t\t\t<div class=\"elementor-widget-container\">\n\t\t\t\t\t<div class=\"elementor-divider\">\n\t\t\t<span class=\"elementor-divider-separator\">\n\t\t\t\t\t\t<\/span>\n\t\t<\/div>\n\t\t\t\t<\/div>\n\t\t\t\t<\/div>\n\t\t\t\t\t<\/div>\n\t\t<\/div>\n\t\t\t\t<div class=\"elementor-column elementor-col-50 elementor-top-column elementor-element elementor-element-bc58da1\" data-id=\"bc58da1\" data-element_type=\"column\">\n\t\t\t<div class=\"elementor-widget-wrap\">\n\t\t\t\t\t\t\t<\/div>\n\t\t<\/div>\n\t\t\t\t\t<\/div>\n\t\t<\/section>\n\t\t\t\t<section class=\"elementor-section elementor-top-section elementor-element elementor-element-be8677c elementor-section-boxed elementor-section-height-default elementor-section-height-default\" data-id=\"be8677c\" data-element_type=\"section\">\n\t\t\t\t\t\t<div class=\"elementor-container elementor-column-gap-wider\">\n\t\t\t\t\t<div class=\"elementor-column elementor-col-50 elementor-top-column elementor-element elementor-element-4de8d57\" data-id=\"4de8d57\" data-element_type=\"column\">\n\t\t\t<div class=\"elementor-widget-wrap elementor-element-populated\">\n\t\t\t\t\t\t<div class=\"elementor-element elementor-element-0b9433f elementor-widget elementor-widget-heading\" data-id=\"0b9433f\" data-element_type=\"widget\" data-widget_type=\"heading.default\">\n\t\t\t\t<div class=\"elementor-widget-container\">\n\t\t\t<h2 class=\"elementor-heading-title elementor-size-default\">Un maiale unico<\/h2>\t\t<\/div>\n\t\t\t\t<\/div>\n\t\t\t\t<div class=\"elementor-element elementor-element-fae9dd7 elementor-widget elementor-widget-heading\" data-id=\"fae9dd7\" data-element_type=\"widget\" data-widget_type=\"heading.default\">\n\t\t\t\t<div class=\"elementor-widget-container\">\n\t\t\t<h2 class=\"elementor-heading-title elementor-size-default\">Solo i migliori iberici\nI maiali iberici sono allevati nella\ni migliori pascoli<\/h2>\t\t<\/div>\n\t\t\t\t<\/div>\n\t\t\t\t<div class=\"elementor-element elementor-element-6b40777 elementor-hidden-tablet elementor-widget elementor-widget-spacer\" data-id=\"6b40777\" data-element_type=\"widget\" data-widget_type=\"spacer.default\">\n\t\t\t\t<div class=\"elementor-widget-container\">\n\t\t\t\t\t<div class=\"elementor-spacer\">\n\t\t\t<div class=\"elementor-spacer-inner\"><\/div>\n\t\t<\/div>\n\t\t\t\t<\/div>\n\t\t\t\t<\/div>\n\t\t\t\t<div class=\"elementor-element elementor-element-cb1555f elementor-hidden-tablet elementor-widget elementor-widget-image\" data-id=\"cb1555f\" data-element_type=\"widget\" data-widget_type=\"image.default\">\n\t\t\t\t<div class=\"elementor-widget-container\">\n\t\t\t\t\t\t\t\t\t\t\t\t\t<img fetchpriority=\"high\" decoding=\"async\" width=\"393\" height=\"283\" src=\"https:\/\/arturosanchez.com\/wp-content\/uploads\/2022\/07\/unnamed.jpg\" class=\"attachment-large size-large wp-image-20407\" alt=\"-\" srcset=\"https:\/\/arturosanchez.com\/wp-content\/uploads\/2022\/07\/unnamed.jpg 393w, https:\/\/arturosanchez.com\/wp-content\/uploads\/2022\/07\/unnamed-300x216.jpg 300w\" sizes=\"(max-width: 393px) 100vw, 393px\" title=\"-\">\t\t\t\t\t\t\t\t\t\t\t\t\t<\/div>\n\t\t\t\t<\/div>\n\t\t\t\t<div class=\"elementor-element elementor-element-4f89d6c elementor-absolute elementor-hidden-mobile elementor-widget-divider--view-line elementor-widget elementor-widget-divider\" data-id=\"4f89d6c\" data-element_type=\"widget\" data-settings=\"{&quot;_position&quot;:&quot;absolute&quot;}\" data-widget_type=\"divider.default\">\n\t\t\t\t<div class=\"elementor-widget-container\">\n\t\t\t\t\t<div class=\"elementor-divider\">\n\t\t\t<span class=\"elementor-divider-separator\">\n\t\t\t\t\t\t<\/span>\n\t\t<\/div>\n\t\t\t\t<\/div>\n\t\t\t\t<\/div>\n\t\t\t\t\t<\/div>\n\t\t<\/div>\n\t\t\t\t<div class=\"elementor-column elementor-col-50 elementor-top-column elementor-element elementor-element-25635fa\" data-id=\"25635fa\" data-element_type=\"column\">\n\t\t\t<div class=\"elementor-widget-wrap elementor-element-populated\">\n\t\t\t\t\t\t<div class=\"elementor-element elementor-element-25cc774 elementor-hidden-mobile elementor-widget elementor-widget-image\" data-id=\"25cc774\" data-element_type=\"widget\" data-widget_type=\"image.default\">\n\t\t\t\t<div class=\"elementor-widget-container\">\n\t\t\t\t\t\t\t\t\t\t\t\t\t<img decoding=\"async\" width=\"706\" height=\"469\" src=\"https:\/\/arturosanchez.com\/wp-content\/uploads\/2022\/07\/unnamed2.jpg\" class=\"attachment-large size-large wp-image-20412\" alt=\"-\" srcset=\"https:\/\/arturosanchez.com\/wp-content\/uploads\/2022\/07\/unnamed2.jpg 706w, https:\/\/arturosanchez.com\/wp-content\/uploads\/2022\/07\/unnamed2-300x199.jpg 300w, https:\/\/arturosanchez.com\/wp-content\/uploads\/2022\/07\/unnamed2-600x399.jpg 600w\" sizes=\"(max-width: 706px) 100vw, 706px\" title=\"-\">\t\t\t\t\t\t\t\t\t\t\t\t\t<\/div>\n\t\t\t\t<\/div>\n\t\t\t\t<div class=\"elementor-element elementor-element-22dded5 elementor-widget elementor-widget-heading\" data-id=\"22dded5\" data-element_type=\"widget\" data-widget_type=\"heading.default\">\n\t\t\t\t<div class=\"elementor-widget-container\">\n\t\t\t<p class=\"elementor-heading-title elementor-size-default\">Partiamo da una materia prima unica, allevata in esclusiva per Arturo S\u00e1nchez da veri esperti del settore esperti.<\/p>\t\t<\/div>\n\t\t\t\t<\/div>\n\t\t\t\t<div class=\"elementor-element elementor-element-ac75c05 elementor-widget elementor-widget-spacer\" data-id=\"ac75c05\" data-element_type=\"widget\" data-widget_type=\"spacer.default\">\n\t\t\t\t<div class=\"elementor-widget-container\">\n\t\t\t\t\t<div class=\"elementor-spacer\">\n\t\t\t<div class=\"elementor-spacer-inner\"><\/div>\n\t\t<\/div>\n\t\t\t\t<\/div>\n\t\t\t\t<\/div>\n\t\t\t\t<section class=\"elementor-section elementor-inner-section elementor-element elementor-element-f72542f elementor-section-boxed elementor-section-height-default elementor-section-height-default\" data-id=\"f72542f\" data-element_type=\"section\">\n\t\t\t\t\t\t<div class=\"elementor-container elementor-column-gap-default\">\n\t\t\t\t\t<div class=\"elementor-column elementor-col-50 elementor-inner-column elementor-element elementor-element-fa1e68b\" data-id=\"fa1e68b\" data-element_type=\"column\">\n\t\t\t<div class=\"elementor-widget-wrap elementor-element-populated\">\n\t\t\t\t\t\t<div class=\"elementor-element elementor-element-9f83f75 elementor-widget elementor-widget-text-editor\" data-id=\"9f83f75\" data-element_type=\"widget\" data-widget_type=\"text-editor.default\">\n\t\t\t\t<div class=\"elementor-widget-container\">\n\t\t\t\t\t\t\t<p>Selezioniamo i suini in base alle nostre esigenze in termini di razza, et\u00e0 e alimentazione. Sappiamo cosa vogliamo e lavoriamo esclusivamente con agricoltori di assoluta fiducia nei migliori pascoli del nord di Siviglia e del sud dell&#8217;Estremadura. Sono veri esperti nell&#8217;allevamento di suini iberici e, come noi, sono appassionati del loro lavoro: vedono l&#8217;alba e il tramonto nei pascoli, controllando che i nostri animali siano nutriti correttamente e si sviluppino in libert\u00e0.<\/p>\t\t\t\t\t\t<\/div>\n\t\t\t\t<\/div>\n\t\t\t\t\t<\/div>\n\t\t<\/div>\n\t\t\t\t<div class=\"elementor-column elementor-col-50 elementor-inner-column elementor-element elementor-element-7c438b2\" data-id=\"7c438b2\" data-element_type=\"column\">\n\t\t\t<div class=\"elementor-widget-wrap elementor-element-populated\">\n\t\t\t\t\t\t<div class=\"elementor-element elementor-element-05c0574 elementor-widget elementor-widget-text-editor\" data-id=\"05c0574\" data-element_type=\"widget\" data-widget_type=\"text-editor.default\">\n\t\t\t\t<div class=\"elementor-widget-container\">\n\t\t\t\t\t\t\t<p>Siamo gli unici ad aspettare, stagione dopo stagione, che i nostri maiali 100% iberici alimentati a ghiande raggiungano i due anni di et\u00e0 e, quindi, possano nutrirsi di ghiande per due montanere.<\/p><p>In questo modo, assicuriamo che il loro sviluppo muscolare e osseo sia completo, con un&#8217;infiltrazione di grassi salutari per il cuore, il cui contenuto di acido oleico \u00e8 superato solo dall&#8217;olio d&#8217;oliva.<\/p>\t\t\t\t\t\t<\/div>\n\t\t\t\t<\/div>\n\t\t\t\t\t<\/div>\n\t\t<\/div>\n\t\t\t\t\t<\/div>\n\t\t<\/section>\n\t\t\t\t\t<\/div>\n\t\t<\/div>\n\t\t\t\t\t<\/div>\n\t\t<\/section>\n\t\t\t\t<section class=\"elementor-section elementor-top-section elementor-element elementor-element-bf8568a elementor-reverse-tablet elementor-section-boxed elementor-section-height-default elementor-section-height-default\" data-id=\"bf8568a\" data-element_type=\"section\" data-settings=\"{&quot;background_background&quot;:&quot;classic&quot;}\">\n\t\t\t\t\t\t<div class=\"elementor-container elementor-column-gap-wider\">\n\t\t\t\t\t<div class=\"elementor-column elementor-col-50 elementor-top-column elementor-element elementor-element-986357f elementor-hidden-mobile\" data-id=\"986357f\" data-element_type=\"column\">\n\t\t\t<div class=\"elementor-widget-wrap elementor-element-populated\">\n\t\t\t\t\t\t<div class=\"elementor-element elementor-element-0787b13 elementor-widget elementor-widget-image\" data-id=\"0787b13\" data-element_type=\"widget\" data-widget_type=\"image.default\">\n\t\t\t\t<div class=\"elementor-widget-container\">\n\t\t\t\t\t\t\t\t\t\t\t\t\t<img decoding=\"async\" width=\"480\" height=\"682\" src=\"https:\/\/arturosanchez.com\/wp-content\/uploads\/2022\/07\/004.jpg\" class=\"attachment-large size-large wp-image-20417\" alt=\"-\" srcset=\"https:\/\/arturosanchez.com\/wp-content\/uploads\/2022\/07\/004.jpg 480w, https:\/\/arturosanchez.com\/wp-content\/uploads\/2022\/07\/004-211x300.jpg 211w\" sizes=\"(max-width: 480px) 100vw, 480px\" title=\"-\">\t\t\t\t\t\t\t\t\t\t\t\t\t<\/div>\n\t\t\t\t<\/div>\n\t\t\t\t<div class=\"elementor-element elementor-element-a2e1115 elementor-widget elementor-widget-spacer\" data-id=\"a2e1115\" data-element_type=\"widget\" data-widget_type=\"spacer.default\">\n\t\t\t\t<div class=\"elementor-widget-container\">\n\t\t\t\t\t<div class=\"elementor-spacer\">\n\t\t\t<div class=\"elementor-spacer-inner\"><\/div>\n\t\t<\/div>\n\t\t\t\t<\/div>\n\t\t\t\t<\/div>\n\t\t\t\t\t<\/div>\n\t\t<\/div>\n\t\t\t\t<div class=\"elementor-column elementor-col-50 elementor-top-column elementor-element elementor-element-045b22c\" data-id=\"045b22c\" data-element_type=\"column\">\n\t\t\t<div class=\"elementor-widget-wrap elementor-element-populated\">\n\t\t\t\t\t\t<div class=\"elementor-element elementor-element-b94e2cc elementor-widget elementor-widget-heading\" data-id=\"b94e2cc\" data-element_type=\"widget\" data-widget_type=\"heading.default\">\n\t\t\t\t<div class=\"elementor-widget-container\">\n\t\t\t<h5 class=\"elementor-heading-title elementor-size-default\">Siamo ci\u00f2 che cosa mangiamo<\/h5>\t\t<\/div>\n\t\t\t\t<\/div>\n\t\t\t\t<div class=\"elementor-element elementor-element-7bed1bc elementor-hidden-desktop elementor-hidden-tablet elementor-widget elementor-widget-image\" data-id=\"7bed1bc\" data-element_type=\"widget\" data-widget_type=\"image.default\">\n\t\t\t\t<div class=\"elementor-widget-container\">\n\t\t\t\t\t\t\t\t\t\t\t\t\t<img loading=\"lazy\" decoding=\"async\" width=\"426\" height=\"258\" src=\"https:\/\/arturosanchez.com\/wp-content\/uploads\/2022\/07\/004-2.jpg\" class=\"attachment-large size-large wp-image-25218\" alt=\"-\" srcset=\"https:\/\/arturosanchez.com\/wp-content\/uploads\/2022\/07\/004-2.jpg 426w, https:\/\/arturosanchez.com\/wp-content\/uploads\/2022\/07\/004-2-300x182.jpg 300w\" sizes=\"(max-width: 426px) 100vw, 426px\" title=\"-\">\t\t\t\t\t\t\t\t\t\t\t\t\t<\/div>\n\t\t\t\t<\/div>\n\t\t\t\t<div class=\"elementor-element elementor-element-bb6410c elementor-widget elementor-widget-text-editor\" data-id=\"bb6410c\" data-element_type=\"widget\" data-widget_type=\"text-editor.default\">\n\t\t\t\t<div class=\"elementor-widget-container\">\n\t\t\t\t\t\t\t<p>Noi e loro. Per questo motivo, dopo aver scelto gli animali migliori, teniamo sotto controllo ci\u00f2 che mangiano. La loro alimentazione, con le ghiande appena cadute dai lecci e dalle sughere durante due lunghi periodi di agricoltura di montagna, ci garantisce una qualit\u00e0 molto pi\u00f9 elevata in tutti i nostri prodotti.<\/p>\t\t\t\t\t\t<\/div>\n\t\t\t\t<\/div>\n\t\t\t\t<div class=\"elementor-element elementor-element-4ff7885 elementor-widget elementor-widget-text-editor\" data-id=\"4ff7885\" data-element_type=\"widget\" data-widget_type=\"text-editor.default\">\n\t\t\t\t<div class=\"elementor-widget-container\">\n\t\t\t\t\t\t\t<p>Noi e loro. Per questo motivo, dopo aver scelto gli animali migliori, teniamo sotto controllo ci\u00f2 che mangiano. La loro alimentazione, con le ghiande appena cadute dai lecci e dalle sughere durante due lunghi periodi di agricoltura di montagna, ci garantisce una qualit\u00e0 molto pi\u00f9 elevata in tutti i nostri prodotti.<\/p>\t\t\t\t\t\t<\/div>\n\t\t\t\t<\/div>\n\t\t\t\t<div class=\"elementor-element elementor-element-9cf423e elementor-widget elementor-widget-text-editor\" data-id=\"9cf423e\" data-element_type=\"widget\" data-widget_type=\"text-editor.default\">\n\t\t\t\t<div class=\"elementor-widget-container\">\n\t\t\t\t\t\t\t<p>Questa \u00e8 la base per la produzione dei nostri prosciutti iberici, unici tra i prosciutti iberici, perch\u00e9 siamo diversi fin dall&#8217;inizio.<\/p>\t\t\t\t\t\t<\/div>\n\t\t\t\t<\/div>\n\t\t\t\t\t<\/div>\n\t\t<\/div>\n\t\t\t\t\t<\/div>\n\t\t<\/section>\n\t\t\t\t<section class=\"elementor-section elementor-top-section elementor-element elementor-element-ca45f62 elementor-section-boxed elementor-section-height-default elementor-section-height-default\" data-id=\"ca45f62\" data-element_type=\"section\">\n\t\t\t\t\t\t<div class=\"elementor-container elementor-column-gap-wider\">\n\t\t\t\t\t<div class=\"elementor-column elementor-col-50 elementor-top-column elementor-element elementor-element-4679fd1\" data-id=\"4679fd1\" data-element_type=\"column\">\n\t\t\t<div class=\"elementor-widget-wrap elementor-element-populated\">\n\t\t\t\t\t\t<div class=\"elementor-element elementor-element-447d959 elementor-widget elementor-widget-heading\" data-id=\"447d959\" data-element_type=\"widget\" data-widget_type=\"heading.default\">\n\t\t\t\t<div class=\"elementor-widget-container\">\n\t\t\t<h3 class=\"elementor-heading-title elementor-size-default\">Articoli\narticoli in evidenza su\nnutrizione e salute<\/h3>\t\t<\/div>\n\t\t\t\t<\/div>\n\t\t\t\t<div class=\"elementor-element elementor-element-451a348 elementor-widget elementor-widget-spacer\" data-id=\"451a348\" data-element_type=\"widget\" data-widget_type=\"spacer.default\">\n\t\t\t\t<div class=\"elementor-widget-container\">\n\t\t\t\t\t<div class=\"elementor-spacer\">\n\t\t\t<div class=\"elementor-spacer-inner\"><\/div>\n\t\t<\/div>\n\t\t\t\t<\/div>\n\t\t\t\t<\/div>\n\t\t\t\t<div class=\"elementor-element elementor-element-ce7a4d9 elementor-align-right elementor-widget elementor-widget-button\" data-id=\"ce7a4d9\" data-element_type=\"widget\" data-widget_type=\"button.default\">\n\t\t\t\t<div class=\"elementor-widget-container\">\n\t\t\t\t\t\t\t<div class=\"elementor-button-wrapper\">\n\t\t\t\t\t<a class=\"elementor-button elementor-button-link elementor-size-sm\" href=\"https:\/\/arturosanchez.com\/comunidad-arturo-sanchez\/\">\n\t\t\t\t\t\t<span class=\"elementor-button-content-wrapper\">\n\t\t\t\t\t\t\t\t\t<span class=\"elementor-button-text\">Per saperne di pi\u00f9<\/span>\n\t\t\t\t\t<\/span>\n\t\t\t\t\t<\/a>\n\t\t\t\t<\/div>\n\t\t\t\t\t\t<\/div>\n\t\t\t\t<\/div>\n\t\t\t\t\t<\/div>\n\t\t<\/div>\n\t\t\t\t<div class=\"elementor-column elementor-col-50 elementor-top-column elementor-element elementor-element-f028e0f\" data-id=\"f028e0f\" data-element_type=\"column\">\n\t\t\t<div class=\"elementor-widget-wrap elementor-element-populated\">\n\t\t\t\t\t\t<div class=\"elementor-element elementor-element-9841d8e elementor-grid-3 elementor-grid-tablet-2 elementor-grid-mobile-1 pp-equal-height-yes elementor-widget elementor-widget-pp-posts\" data-id=\"9841d8e\" data-element_type=\"widget\" data-widget_type=\"pp-posts.portfolio\">\n\t\t\t\t<div class=\"elementor-widget-container\">\n\t\t\t\t\t<div class=\"pp-posts-container swiper-container-wrap swiper-container-wrap-dots-outside\">\n\t\t\t\n\t\t\t\n\t\t\t<div class=\"pp-posts pp-posts-skin-portfolio pp-posts-carousel pp-swiper-slider swiper\" data-equal-height=\"yes\" data-query-type=\"custom\" data-layout=\"carousel\" data-page=\"25564\" data-skin=\"portfolio\" data-slider-settings=\"{&quot;direction&quot;:&quot;horizontal&quot;,&quot;effect&quot;:&quot;slide&quot;,&quot;speed&quot;:1200,&quot;slides_per_view&quot;:3,&quot;slides_to_scroll&quot;:1,&quot;centered_slides&quot;:false,&quot;loop&quot;:true,&quot;autoplay&quot;:&quot;yes&quot;,&quot;autoplay_speed&quot;:3600,&quot;pause_on_hover&quot;:&quot;yes&quot;,&quot;show_arrows&quot;:true,&quot;slides_per_view_mobile&quot;:1,&quot;slides_to_scroll_mobile&quot;:1,&quot;slides_per_view_tablet&quot;:2,&quot;slides_to_scroll_tablet&quot;:1}\">\n\t\t\t\t<div class=\"swiper-wrapper\">\t\t\t\t\t\t\t<div class=\"pp-post-wrap pp-carousel-item-wrap swiper-slide post-7707 post type-post status-publish format-standard has-post-thumbnail hentry category-non-categorizzato\">\n\t\t\t\t\t\t<div class=\"pp-post pp-carousel-item\">\n\t\t\t\t<div class=\"pp-post-content pp-content-always\">\n\t\t\t\t\t\t\t\t\t\t<div class=\"pp-image-overlay\">\n\t\t\t\t\t<\/div>\n\t\t\t\t\t<div class=\"pp-post-thumb-content-wrap\">\n\t\t\t\t\t\t<div class=\"pp-post-thumb-content\">\n\t\t\t\t\t\t\t\t\t\t\t<div class=\"pp-post-terms-wrap\">\n\t\t\t<span class=\"pp-post-terms\">\n\t\t\t\t<span class=\"pp-post-term\"><a href=\"https:\/\/arturosanchez.com\/it\/blog\/non-categorizzato\/\">Non categorizzato<\/a><\/span>\t\t\t<\/span>\n\t\t<\/div>\n\t\t\t\t\t\t\t\t\t\t<h3 class=\"pp-post-title\">\n\t\t\t\t<a href=\"https:\/\/arturosanchez.com\/it\/nem-todos-os-presuntos-ibericos-sao-iguais-somos-o-que-comemos\/\">Nem todos os presuntos ib\u00e9ricos s\u00e3o iguais &#8211; Somos o que comemos<\/a>\t\t\t<\/h3>\n\t\t\t\t\t\t\t\t\t<div class=\"pp-post-meta\">\n\t\t\t\t\t\t\t\t<span class=\"pp-post-date\">\n\t\t\t\t\t\t<span class=\"pp-meta-text\">\n\t\t\t\t16 de Luglio de 2020\t\t\t<\/span>\n\t\t<\/span>\n\t\t<span class=\"pp-meta-separator\"><\/span>\n\t\t\t\t\t\t\t<\/div>\n\t\t\t\t\t\t\t<div class=\"pp-post-excerpt\">\n\t\t\t<p>A nossa empresa familiar est\u00e1 a 100 anos elaborando produtos ib\u00e9ricos em Guijuelo, com uns princ\u00edpios fundamentais: uma elabora\u00e7\u00e3o artesanal ...<\/p>\n\t\t<\/div>\n\t\t\t\t\t\t\t\t\t\t<\/div>\n\t\t\t\t\t<\/div>\n\t\t\t\t<\/div>\n\t\t\t<\/div>\n\t\t\t\t\t<\/div>\n\t\t\t\t<div class=\"pp-post-wrap pp-carousel-item-wrap swiper-slide post-7701 post type-post status-publish format-standard has-post-thumbnail hentry category-non-categorizzato\">\n\t\t\t\t\t\t<div class=\"pp-post pp-carousel-item\">\n\t\t\t\t<div class=\"pp-post-content pp-content-always\">\n\t\t\t\t\t\t\t\t\t\t<div class=\"pp-image-overlay\">\n\t\t\t\t\t<\/div>\n\t\t\t\t\t<div class=\"pp-post-thumb-content-wrap\">\n\t\t\t\t\t\t<div class=\"pp-post-thumb-content\">\n\t\t\t\t\t\t\t\t\t\t\t<div class=\"pp-post-terms-wrap\">\n\t\t\t<span class=\"pp-post-terms\">\n\t\t\t\t<span class=\"pp-post-term\"><a href=\"https:\/\/arturosanchez.com\/it\/blog\/non-categorizzato\/\">Non categorizzato<\/a><\/span>\t\t\t<\/span>\n\t\t<\/div>\n\t\t\t\t\t\t\t\t\t\t<h3 class=\"pp-post-title\">\n\t\t\t\t<a href=\"https:\/\/arturosanchez.com\/it\/prosciutto-iberico-ricerca-scientifica\/\">Non tutti i Prosciuti iberici sono uguali Siamo quello che mangiamo<\/a>\t\t\t<\/h3>\n\t\t\t\t\t\t\t\t\t<div class=\"pp-post-meta\">\n\t\t\t\t\t\t\t\t<span class=\"pp-post-date\">\n\t\t\t\t\t\t<span class=\"pp-meta-text\">\n\t\t\t\t16 de Luglio de 2020\t\t\t<\/span>\n\t\t<\/span>\n\t\t<span class=\"pp-meta-separator\"><\/span>\n\t\t\t\t\t\t\t<\/div>\n\t\t\t\t\t\t\t<div class=\"pp-post-excerpt\">\n\t\t\t<p>La nostra azienda familiare elabora prodotti iberici a Guijuelo da 100 anni con dei principi fondamentali: l&#8217;elaborazione artigianale con la ...<\/p>\n\t\t<\/div>\n\t\t\t\t\t\t\t\t\t\t<\/div>\n\t\t\t\t\t<\/div>\n\t\t\t\t<\/div>\n\t\t\t<\/div>\n\t\t\t\t\t<\/div>\n\t\t\t\t\t\t<\/div>\t\t\t<\/div>\n\t\t\t\n\t\t\t\n\t\t\t\n\t\t\t\n\t\t\t\t\t<\/div>\n\n\t\t\n\t\t\t\t<\/div>\n\t\t\t\t<\/div>\n\t\t\t\t\t<\/div>\n\t\t<\/div>\n\t\t\t\t\t<\/div>\n\t\t<\/section>\n\t\t\t\t<\/div>\n\t\t","protected":false},"excerpt":{"rendered":"<p>Doppia montanera di Bellota Doppia montanera di Bellota La base per la produzione di prodotti unici tra quelli iberici. Un maiale unico Solo i migliori iberici I maiali iberici sono allevati nella i migliori pascoli Partiamo da una materia prima unica, allevata in esclusiva per Arturo S\u00e1nchez da veri esperti del settore esperti. Selezioniamo i [&hellip;]<\/p>\n","protected":false},"author":3,"featured_media":0,"parent":0,"menu_order":0,"comment_status":"closed","ping_status":"closed","template":"","meta":{"wprm-recipe-roundup-name":"","wprm-recipe-roundup-description":"","footnotes":""},"class_list":["post-25564","page","type-page","status-publish","hentry"],"_links":{"self":[{"href":"https:\/\/arturosanchez.com\/it\/wp-json\/wp\/v2\/pages\/25564","targetHints":{"allow":["GET"]}}],"collection":[{"href":"https:\/\/arturosanchez.com\/it\/wp-json\/wp\/v2\/pages"}],"about":[{"href":"https:\/\/arturosanchez.com\/it\/wp-json\/wp\/v2\/types\/page"}],"author":[{"embeddable":true,"href":"https:\/\/arturosanchez.com\/it\/wp-json\/wp\/v2\/users\/3"}],"replies":[{"embeddable":true,"href":"https:\/\/arturosanchez.com\/it\/wp-json\/wp\/v2\/comments?post=25564"}],"version-history":[{"count":0,"href":"https:\/\/arturosanchez.com\/it\/wp-json\/wp\/v2\/pages\/25564\/revisions"}],"wp:attachment":[{"href":"https:\/\/arturosanchez.com\/it\/wp-json\/wp\/v2\/media?parent=25564"}],"curies":[{"name":"wp","href":"https:\/\/api.w.org\/{rel}","templated":true}]}}