{"id":26276,"date":"2022-08-22T08:24:59","date_gmt":"2022-08-22T06:24:59","guid":{"rendered":"https:\/\/arturosanchez.com\/?post_type=product&#038;p=26276"},"modified":"2022-10-26T14:43:20","modified_gmt":"2022-10-26T14:43:20","slug":"100-prosciutto-iberico-di-ghianda-affettato-80gr","status":"publish","type":"product","link":"https:\/\/arturosanchez.com\/it\/comprare\/100-prosciutto-iberico-di-ghianda-affettato-80gr\/","title":{"rendered":"Prosciutto Iberico 100% di Ghianda Affettato 80Gr"},"content":{"rendered":"<p>L&#8217;anima di Arturo S\u00e0nchez. Il marchio distintivo dei pilastri che sostengono la nostra casa dal 1917: eccellenza, artigianalit\u00e0, onest\u00e0, tradizione.<\/p>\n<p>Stendardo del gioiello della gastronomia, perch\u00e9 ogni pezzo di prosciutto iberico \u00e8 unico: l&#8217;apice della confluenza tra le migliori materie prime, razza e allevamento nei migliori pascoli e stagionatura naturale nelle nostre cantine Guijuelo.<\/p>\n<ul>\n<li>Blister di 80gr tagliati a coltello<\/li>\n<li>48 mesi minimo di stagionatura naturale<\/li>\n<li>Certificato prosciutto \u201cde bellota\u201d 100% iberico<\/li>\n<li>Suini iberici doppia montanera (pascolo)<\/li>\n<\/ul>\n<p>&nbsp;<\/p>\n<p><img decoding=\"async\" src=\"https:\/\/arturosanchez.com\/tienda\/img\/cms\/Sin-gluten-AS.png\" alt=\"-\" width=\"60\" height=\"60\" title=\"-\"><img decoding=\"async\" src=\"https:\/\/arturosanchez.com\/tienda\/img\/cms\/Sin-lactosa-AS.png\" alt=\"-\" width=\"60\" height=\"60\" title=\"-\"><img decoding=\"async\" src=\"https:\/\/arturosanchez.com\/tienda\/img\/cms\/Corte-cuchillo-Arturo.png\" alt=\"-\" width=\"68\" height=\"60\" title=\"-\"><\/p>\n","protected":false},"excerpt":{"rendered":"<p>L&#8217;anima di Arturo S\u00e0nchez. Il marchio distintivo dei pilastri che sostengono la nostra casa dal 1917: eccellenza, artigianalit\u00e0, onest\u00e0, tradizione. Stendardo del gioiello della gastronomia, perch\u00e9 ogni pezzo di prosciutto iberico \u00e8 unico: l&#8217;apice della confluenza tra le migliori materie prime, razza e allevamento nei migliori pascoli e stagionatura naturale nelle nostre cantine Guijuelo. Blister [&hellip;]<\/p>\n","protected":false},"featured_media":25463,"comment_status":"open","ping_status":"closed","template":"","meta":{"wprm-recipe-roundup-name":"","wprm-recipe-roundup-description":""},"product_brand":[],"product_cat":[884,874],"product_tag":[],"class_list":{"0":"post-26276","1":"product","2":"type-product","3":"status-publish","4":"has-post-thumbnail","6":"product_cat-a-fette","7":"product_cat-prosciutto-iberico-alimentato-a-ghiande","9":"first","10":"instock","11":"taxable","12":"shipping-taxable","13":"purchasable","14":"product-type-simple"},"_links":{"self":[{"href":"https:\/\/arturosanchez.com\/it\/wp-json\/wp\/v2\/product\/26276","targetHints":{"allow":["GET"]}}],"collection":[{"href":"https:\/\/arturosanchez.com\/it\/wp-json\/wp\/v2\/product"}],"about":[{"href":"https:\/\/arturosanchez.com\/it\/wp-json\/wp\/v2\/types\/product"}],"replies":[{"embeddable":true,"href":"https:\/\/arturosanchez.com\/it\/wp-json\/wp\/v2\/comments?post=26276"}],"wp:featuredmedia":[{"embeddable":true,"href":"https:\/\/arturosanchez.com\/it\/wp-json\/wp\/v2\/media\/25463"}],"wp:attachment":[{"href":"https:\/\/arturosanchez.com\/it\/wp-json\/wp\/v2\/media?parent=26276"}],"wp:term":[{"taxonomy":"product_brand","embeddable":true,"href":"https:\/\/arturosanchez.com\/it\/wp-json\/wp\/v2\/product_brand?post=26276"},{"taxonomy":"product_cat","embeddable":true,"href":"https:\/\/arturosanchez.com\/it\/wp-json\/wp\/v2\/product_cat?post=26276"},{"taxonomy":"product_tag","embeddable":true,"href":"https:\/\/arturosanchez.com\/it\/wp-json\/wp\/v2\/product_tag?post=26276"}],"curies":[{"name":"wp","href":"https:\/\/api.w.org\/{rel}","templated":true}]}}