{"id":26289,"date":"2022-07-21T10:39:18","date_gmt":"2022-07-21T08:39:18","guid":{"rendered":"https:\/\/arturosanchez.com\/?post_type=product&#038;p=26289"},"modified":"2022-10-27T07:31:13","modified_gmt":"2022-10-27T07:31:13","slug":"spalla-iberica-100-di-ghianda-arturo-sanchez","status":"publish","type":"product","link":"https:\/\/arturosanchez.com\/it\/comprare\/spalla-iberica-100-di-ghianda-arturo-sanchez\/","title":{"rendered":"Spalla iberica 100% di ghianda Arturo S\u00e1nchez"},"content":{"rendered":"<p>Proveniente dalle zampe anteriori dei nostri maiali 100% iberici alimentati a ghiande con due anni di vita e doppio albero di ghiande, la Paleta de Bellota di Arturo S\u00e1nchez alimentata a ghiande iberiche \u00e8 un prodotto unico.<\/p>\n<p>Un perfetto punto di salinit\u00e0 unito alla nostra stagionatura completamente naturale per oltre 36 mesi si traduce in un prodotto eccellente, con una perfetta infiltrazione di grasso. Un aroma e un sapore che sorprendono sempre.<\/p>\n<ul>\n<li>Pezzo intero 4-5 kg.<\/li>\n<li>Minimo 36 mesi di stagionatura naturale<\/li>\n<li>Maiale certificato 100% iberico alimentato a ghiande<\/li>\n<li>Maiale iberico con doppia montanera alle ghiande<\/li>\n<\/ul>\n<p>&nbsp;<\/p>\n<p><img decoding=\"async\" src=\"https:\/\/arturosanchez.com\/tienda\/img\/cms\/Sin-gluten-AS.png\" alt=\"-\" width=\"60\" height=\"60\" title=\"-\"><img decoding=\"async\" src=\"https:\/\/arturosanchez.com\/tienda\/img\/cms\/Sin-lactosa-AS.png\" alt=\"-\" width=\"60\" height=\"60\" title=\"-\"><\/p>\n","protected":false},"excerpt":{"rendered":"<p>Proveniente dalle zampe anteriori dei nostri maiali 100% iberici alimentati a ghiande con due anni di vita e doppio albero di ghiande, la Paleta de Bellota di Arturo S\u00e1nchez alimentata a ghiande iberiche \u00e8 un prodotto unico. Un perfetto punto di salinit\u00e0 unito alla nostra stagionatura completamente naturale per oltre 36 mesi si traduce in [&hellip;]<\/p>\n","protected":false},"featured_media":25438,"comment_status":"open","ping_status":"closed","template":"","meta":{"wprm-recipe-roundup-name":"","wprm-recipe-roundup-description":""},"product_brand":[],"product_cat":[879],"product_tag":[],"class_list":{"0":"post-26289","1":"product","2":"type-product","3":"status-publish","4":"has-post-thumbnail","6":"product_cat-spalla-iberica-alimentata-a-ghiande","8":"first","9":"instock","10":"taxable","11":"shipping-taxable","12":"purchasable","13":"product-type-simple"},"_links":{"self":[{"href":"https:\/\/arturosanchez.com\/it\/wp-json\/wp\/v2\/product\/26289","targetHints":{"allow":["GET"]}}],"collection":[{"href":"https:\/\/arturosanchez.com\/it\/wp-json\/wp\/v2\/product"}],"about":[{"href":"https:\/\/arturosanchez.com\/it\/wp-json\/wp\/v2\/types\/product"}],"replies":[{"embeddable":true,"href":"https:\/\/arturosanchez.com\/it\/wp-json\/wp\/v2\/comments?post=26289"}],"wp:featuredmedia":[{"embeddable":true,"href":"https:\/\/arturosanchez.com\/it\/wp-json\/wp\/v2\/media\/25438"}],"wp:attachment":[{"href":"https:\/\/arturosanchez.com\/it\/wp-json\/wp\/v2\/media?parent=26289"}],"wp:term":[{"taxonomy":"product_brand","embeddable":true,"href":"https:\/\/arturosanchez.com\/it\/wp-json\/wp\/v2\/product_brand?post=26289"},{"taxonomy":"product_cat","embeddable":true,"href":"https:\/\/arturosanchez.com\/it\/wp-json\/wp\/v2\/product_cat?post=26289"},{"taxonomy":"product_tag","embeddable":true,"href":"https:\/\/arturosanchez.com\/it\/wp-json\/wp\/v2\/product_tag?post=26289"}],"curies":[{"name":"wp","href":"https:\/\/api.w.org\/{rel}","templated":true}]}}