{"id":26302,"date":"2022-07-19T12:12:27","date_gmt":"2022-07-19T10:12:27","guid":{"rendered":"https:\/\/arturosanchez.com\/?post_type=product&#038;p=26302"},"modified":"2022-10-27T08:18:20","modified_gmt":"2022-10-27T08:18:20","slug":"paleta-de-bellota-100-iberica-loncheada-80gr","status":"publish","type":"product","link":"https:\/\/arturosanchez.com\/it\/comprare\/paleta-de-bellota-100-iberica-loncheada-80gr\/","title":{"rendered":"Spalla iberica 100% di ghianda affettata 80Gr"},"content":{"rendered":"<p>Proveniente dalle zampe anteriori dei nostri maiali iberici al 100% alimentati naturalmente a ghianda con due anni di vita e doppio periodo di pascolo, la spalla iberica \u201cde bellota\u201d Arturo S\u00e0nchez \u00e8 un prodotto realmente unico.<\/p>\n<p>Un punto di sapidit\u00e0 perfetto combinato con la nostra stagionatura completamente naturale per oltre 30 mesi si traduce in un prodotto eccellente, con una perfetta infiltrazione di grasso. Un aroma e un sapore che sorprendono sempre.<\/p>\n<ul>\n<li>Blister di 80gr tagliato a coltello<\/li>\n<li>Minimo 36 mesi di stagionatura naturale<\/li>\n<li>Certificato 100% iberico \u201cde bellota\u201d<\/li>\n<li>Maiale iberico con doppia alimentazione a base di ghiande<\/li>\n<\/ul>\n<p>&nbsp;<\/p>\n<p><img decoding=\"async\" src=\"https:\/\/arturosanchez.com\/tienda\/img\/cms\/Sin-gluten-AS.png\" alt=\"-\" width=\"60\" height=\"60\" title=\"-\"><img decoding=\"async\" src=\"https:\/\/arturosanchez.com\/tienda\/img\/cms\/Sin-lactosa-AS.png\" alt=\"-\" width=\"60\" height=\"60\" title=\"-\"><img decoding=\"async\" src=\"https:\/\/arturosanchez.com\/tienda\/img\/cms\/Corte-cuchillo-Arturo.png\" alt=\"-\" width=\"68\" height=\"60\" title=\"-\"><\/p>\n","protected":false},"excerpt":{"rendered":"<p>Proveniente dalle zampe anteriori dei nostri maiali iberici al 100% alimentati naturalmente a ghianda con due anni di vita e doppio periodo di pascolo, la spalla iberica \u201cde bellota\u201d Arturo S\u00e0nchez \u00e8 un prodotto realmente unico. Un punto di sapidit\u00e0 perfetto combinato con la nostra stagionatura completamente naturale per oltre 30 mesi si traduce in [&hellip;]<\/p>\n","protected":false},"featured_media":35654,"comment_status":"open","ping_status":"closed","template":"","meta":{"wprm-recipe-roundup-name":"","wprm-recipe-roundup-description":""},"product_brand":[],"product_cat":[884,879],"product_tag":[],"class_list":{"0":"post-26302","1":"product","2":"type-product","3":"status-publish","4":"has-post-thumbnail","6":"product_cat-a-fette","7":"product_cat-spalla-iberica-alimentata-a-ghiande","9":"first","10":"instock","11":"taxable","12":"shipping-taxable","13":"purchasable","14":"product-type-simple"},"_links":{"self":[{"href":"https:\/\/arturosanchez.com\/it\/wp-json\/wp\/v2\/product\/26302","targetHints":{"allow":["GET"]}}],"collection":[{"href":"https:\/\/arturosanchez.com\/it\/wp-json\/wp\/v2\/product"}],"about":[{"href":"https:\/\/arturosanchez.com\/it\/wp-json\/wp\/v2\/types\/product"}],"replies":[{"embeddable":true,"href":"https:\/\/arturosanchez.com\/it\/wp-json\/wp\/v2\/comments?post=26302"}],"wp:featuredmedia":[{"embeddable":true,"href":"https:\/\/arturosanchez.com\/it\/wp-json\/wp\/v2\/media\/35654"}],"wp:attachment":[{"href":"https:\/\/arturosanchez.com\/it\/wp-json\/wp\/v2\/media?parent=26302"}],"wp:term":[{"taxonomy":"product_brand","embeddable":true,"href":"https:\/\/arturosanchez.com\/it\/wp-json\/wp\/v2\/product_brand?post=26302"},{"taxonomy":"product_cat","embeddable":true,"href":"https:\/\/arturosanchez.com\/it\/wp-json\/wp\/v2\/product_cat?post=26302"},{"taxonomy":"product_tag","embeddable":true,"href":"https:\/\/arturosanchez.com\/it\/wp-json\/wp\/v2\/product_tag?post=26302"}],"curies":[{"name":"wp","href":"https:\/\/api.w.org\/{rel}","templated":true}]}}