{"id":26307,"date":"2022-07-18T10:49:57","date_gmt":"2022-07-18T08:49:57","guid":{"rendered":"https:\/\/arturosanchez.com\/?post_type=product&#038;p=26307"},"modified":"2022-10-27T08:28:14","modified_gmt":"2022-10-27T08:28:14","slug":"lino-di-ranocchia-ib-roscal-100","status":"publish","type":"product","link":"https:\/\/arturosanchez.com\/it\/comprare\/lino-di-ranocchia-ib-roscal-100\/","title":{"rendered":"Lombo di maiale 100% iberico alimentato a ghiande Roscal"},"content":{"rendered":"<p>Il Lomo de bellota ib\u00e9rico de Arturo S\u00e1nchez \u00e8 un incanto naturale: incanto, perch\u00e9 \u00e8 immediatamente accattivante, e naturale, perch\u00e9 \u00e8 accattivante di per s\u00e9, senza cercare di esserlo. La condizione stessa di questo pezzo significa che ha una grande infiltrazione di grasso che gli conferisce quella particolare e inconfondibile marezzatura.<\/p>\n<p>Solo i lombi migliori raggiungono questo processo. Devono essere pezzi impeccabili da freschi che, dopo la marinatura, vengono insaccati in budelli naturali per essere essiccati in una cappa al calore del legno di leccio.<\/p>\n<ul>\n<li>Pezzo intero 1-1,3 kg.<\/li>\n<li>Almeno 6 mesi di stagionatura naturale.<\/li>\n<li>Maiale certificato 100% iberico alimentato a ghiande<\/li>\n<li>Maiale iberico con doppia alimentazione a base di ghiande<\/li>\n<\/ul>\n<p>&nbsp;<\/p>\n<p><img decoding=\"async\" src=\"https:\/\/arturosanchez.com\/tienda\/img\/cms\/Sin-gluten-AS.png\" alt=\"-\" width=\"60\" height=\"60\" title=\"-\"><img decoding=\"async\" src=\"https:\/\/arturosanchez.com\/tienda\/img\/cms\/Sin-lactosa-AS.png\" alt=\"-\" width=\"60\" height=\"60\" title=\"-\"><\/p>\n","protected":false},"excerpt":{"rendered":"<p>Il Lomo de bellota ib\u00e9rico de Arturo S\u00e1nchez \u00e8 un incanto naturale: incanto, perch\u00e9 \u00e8 immediatamente accattivante, e naturale, perch\u00e9 \u00e8 accattivante di per s\u00e9, senza cercare di esserlo. La condizione stessa di questo pezzo significa che ha una grande infiltrazione di grasso che gli conferisce quella particolare e inconfondibile marezzatura. Solo i lombi migliori [&hellip;]<\/p>\n","protected":false},"featured_media":25418,"comment_status":"open","ping_status":"closed","template":"","meta":{"wprm-recipe-roundup-name":"","wprm-recipe-roundup-description":""},"product_brand":[],"product_cat":[920,869],"product_tag":[],"class_list":{"0":"post-26307","1":"product","2":"type-product","3":"status-publish","4":"has-post-thumbnail","6":"product_cat-lombo","7":"product_cat-salumi-prodotti-iberici","9":"first","10":"instock","11":"taxable","12":"shipping-taxable","13":"purchasable","14":"product-type-simple"},"_links":{"self":[{"href":"https:\/\/arturosanchez.com\/it\/wp-json\/wp\/v2\/product\/26307","targetHints":{"allow":["GET"]}}],"collection":[{"href":"https:\/\/arturosanchez.com\/it\/wp-json\/wp\/v2\/product"}],"about":[{"href":"https:\/\/arturosanchez.com\/it\/wp-json\/wp\/v2\/types\/product"}],"replies":[{"embeddable":true,"href":"https:\/\/arturosanchez.com\/it\/wp-json\/wp\/v2\/comments?post=26307"}],"wp:featuredmedia":[{"embeddable":true,"href":"https:\/\/arturosanchez.com\/it\/wp-json\/wp\/v2\/media\/25418"}],"wp:attachment":[{"href":"https:\/\/arturosanchez.com\/it\/wp-json\/wp\/v2\/media?parent=26307"}],"wp:term":[{"taxonomy":"product_brand","embeddable":true,"href":"https:\/\/arturosanchez.com\/it\/wp-json\/wp\/v2\/product_brand?post=26307"},{"taxonomy":"product_cat","embeddable":true,"href":"https:\/\/arturosanchez.com\/it\/wp-json\/wp\/v2\/product_cat?post=26307"},{"taxonomy":"product_tag","embeddable":true,"href":"https:\/\/arturosanchez.com\/it\/wp-json\/wp\/v2\/product_tag?post=26307"}],"curies":[{"name":"wp","href":"https:\/\/api.w.org\/{rel}","templated":true}]}}