{"id":26314,"date":"2022-07-17T11:51:31","date_gmt":"2022-07-17T09:51:31","guid":{"rendered":"https:\/\/arturosanchez.com\/?post_type=product&#038;p=26314"},"modified":"2022-10-27T09:06:12","modified_gmt":"2022-10-27T09:06:12","slug":"1-2-lombo-di-maiale-100-iberico-alimentato-a-ghiande","status":"publish","type":"product","link":"https:\/\/arturosanchez.com\/it\/comprare\/1-2-lombo-di-maiale-100-iberico-alimentato-a-ghiande\/","title":{"rendered":"Mezzo Lombo Di Bellota 100% Iberico"},"content":{"rendered":"<p>Il Lomo de bellota ib\u00e9rico de Arturo S\u00e1nchez \u00e8 un incanto naturale: incantevole, perch\u00e9 \u00e8 immediatamente accattivante, e naturale, perch\u00e9 \u00e8 accattivante di per s\u00e9, senza cercare di esserlo. La condizione stessa di questo pezzo significa che ha una grande infiltrazione di grasso che gli conferisce quella particolare e inconfondibile marezzatura.<\/p>\n<p>Solo i lombi migliori raggiungono questo processo. Devono essere pezzi impeccabili da freschi che, dopo la marinatura, vengono insaccati ed essiccati in una cappa al calore del legno di leccio.<\/p>\n<ul>\n<li>Pezzo intero 550-650gr.<\/li>\n<li>Almeno 6 mesi di stagionatura naturale<\/li>\n<li>Maiale certificato 100% iberico alimentato a ghiande<\/li>\n<li>Cerdo ib\u00e9rico con doble montanera de bellota<\/li>\n<\/ul>\n<p>&nbsp;<\/p>\n<p><img decoding=\"async\" src=\"https:\/\/arturosanchez.com\/tienda\/img\/cms\/Sin-gluten-AS.png\" alt=\"-\" width=\"60\" height=\"60\" title=\"-\"><img decoding=\"async\" src=\"https:\/\/arturosanchez.com\/tienda\/img\/cms\/Sin-lactosa-AS.png\" alt=\"-\" width=\"60\" height=\"60\" title=\"-\"><\/p>\n","protected":false},"excerpt":{"rendered":"<p>Il Lomo de bellota ib\u00e9rico de Arturo S\u00e1nchez \u00e8 un incanto naturale: incantevole, perch\u00e9 \u00e8 immediatamente accattivante, e naturale, perch\u00e9 \u00e8 accattivante di per s\u00e9, senza cercare di esserlo. La condizione stessa di questo pezzo significa che ha una grande infiltrazione di grasso che gli conferisce quella particolare e inconfondibile marezzatura. Solo i lombi migliori [&hellip;]<\/p>\n","protected":false},"featured_media":25413,"comment_status":"open","ping_status":"closed","template":"","meta":{"wprm-recipe-roundup-name":"","wprm-recipe-roundup-description":""},"product_brand":[],"product_cat":[920,887,869],"product_tag":[],"class_list":{"0":"post-26314","1":"product","2":"type-product","3":"status-publish","4":"has-post-thumbnail","6":"product_cat-lombo","7":"product_cat-regali-speciali","8":"product_cat-salumi-prodotti-iberici","10":"first","11":"instock","12":"taxable","13":"shipping-taxable","14":"purchasable","15":"product-type-simple"},"_links":{"self":[{"href":"https:\/\/arturosanchez.com\/it\/wp-json\/wp\/v2\/product\/26314","targetHints":{"allow":["GET"]}}],"collection":[{"href":"https:\/\/arturosanchez.com\/it\/wp-json\/wp\/v2\/product"}],"about":[{"href":"https:\/\/arturosanchez.com\/it\/wp-json\/wp\/v2\/types\/product"}],"replies":[{"embeddable":true,"href":"https:\/\/arturosanchez.com\/it\/wp-json\/wp\/v2\/comments?post=26314"}],"wp:featuredmedia":[{"embeddable":true,"href":"https:\/\/arturosanchez.com\/it\/wp-json\/wp\/v2\/media\/25413"}],"wp:attachment":[{"href":"https:\/\/arturosanchez.com\/it\/wp-json\/wp\/v2\/media?parent=26314"}],"wp:term":[{"taxonomy":"product_brand","embeddable":true,"href":"https:\/\/arturosanchez.com\/it\/wp-json\/wp\/v2\/product_brand?post=26314"},{"taxonomy":"product_cat","embeddable":true,"href":"https:\/\/arturosanchez.com\/it\/wp-json\/wp\/v2\/product_cat?post=26314"},{"taxonomy":"product_tag","embeddable":true,"href":"https:\/\/arturosanchez.com\/it\/wp-json\/wp\/v2\/product_tag?post=26314"}],"curies":[{"name":"wp","href":"https:\/\/api.w.org\/{rel}","templated":true}]}}