{"id":26320,"date":"2022-07-16T08:52:47","date_gmt":"2022-07-16T06:52:47","guid":{"rendered":"https:\/\/arturosanchez.com\/?post_type=product&#038;p=26320"},"modified":"2022-10-27T09:20:41","modified_gmt":"2022-10-27T09:20:41","slug":"100-lombo-di-maiale-iberico-allevato-a-ghiande-affettato-80gr","status":"publish","type":"product","link":"https:\/\/arturosanchez.com\/it\/comprare\/100-lombo-di-maiale-iberico-allevato-a-ghiande-affettato-80gr\/","title":{"rendered":"Blister di Lonza di Ghianda 100% Ib\u00e9rico Roscal 80gr"},"content":{"rendered":"<p>La lonza di maiale iberica alle ghiande Roscal di Arturo S\u00e1nchez \u00e8 un incanto naturale: incanto, perch\u00e9 \u00e8 immediatamente accattivante, e naturale, perch\u00e9 \u00e8 accattivante di per s\u00e9, senza cercare di esserlo.<\/p>\n<p>La condizione stessa della lonza iberica fa s\u00ec che abbia una grande infiltrazione di grasso che le conferisce quella particolare e inconfondibile marezzatura.<\/p>\n<p>Solo i lombi migliori raggiungono questo processo. Devono essere pezzi impeccabili da freschi che, dopo la marinatura, vengono insaccati in budelli naturali per essere essiccati in una cappa al calore del legno di leccio.<\/p>\n<ul>\n<li>Blister da 80gr<\/li>\n<li>Almeno 6 mesi di stagionatura naturale<\/li>\n<li>Maiale certificato 100% iberico alimentato a ghiande<\/li>\n<li>Maiale iberico con doppia alimentazione a base di ghiande<\/li>\n<\/ul>\n<p>&nbsp;<\/p>\n<p><img decoding=\"async\" src=\"https:\/\/arturosanchez.com\/tienda\/img\/cms\/Sin-gluten-AS.png\" alt=\"-\" width=\"60\" height=\"60\" title=\"-\"><img decoding=\"async\" src=\"https:\/\/arturosanchez.com\/tienda\/img\/cms\/Sin-lactosa-AS.png\" alt=\"-\" width=\"60\" height=\"60\" title=\"-\"><\/p>\n","protected":false},"excerpt":{"rendered":"<p>La lonza di maiale iberica alle ghiande Roscal di Arturo S\u00e1nchez \u00e8 un incanto naturale: incanto, perch\u00e9 \u00e8 immediatamente accattivante, e naturale, perch\u00e9 \u00e8 accattivante di per s\u00e9, senza cercare di esserlo. La condizione stessa della lonza iberica fa s\u00ec che abbia una grande infiltrazione di grasso che le conferisce quella particolare e inconfondibile marezzatura. [&hellip;]<\/p>\n","protected":false},"featured_media":25403,"comment_status":"open","ping_status":"closed","template":"","meta":{"wprm-recipe-roundup-name":"","wprm-recipe-roundup-description":""},"product_brand":[],"product_cat":[884,920,869],"product_tag":[],"class_list":{"0":"post-26320","1":"product","2":"type-product","3":"status-publish","4":"has-post-thumbnail","6":"product_cat-a-fette","7":"product_cat-lombo","8":"product_cat-salumi-prodotti-iberici","10":"first","11":"instock","12":"taxable","13":"shipping-taxable","14":"purchasable","15":"product-type-simple"},"_links":{"self":[{"href":"https:\/\/arturosanchez.com\/it\/wp-json\/wp\/v2\/product\/26320","targetHints":{"allow":["GET"]}}],"collection":[{"href":"https:\/\/arturosanchez.com\/it\/wp-json\/wp\/v2\/product"}],"about":[{"href":"https:\/\/arturosanchez.com\/it\/wp-json\/wp\/v2\/types\/product"}],"replies":[{"embeddable":true,"href":"https:\/\/arturosanchez.com\/it\/wp-json\/wp\/v2\/comments?post=26320"}],"wp:featuredmedia":[{"embeddable":true,"href":"https:\/\/arturosanchez.com\/it\/wp-json\/wp\/v2\/media\/25403"}],"wp:attachment":[{"href":"https:\/\/arturosanchez.com\/it\/wp-json\/wp\/v2\/media?parent=26320"}],"wp:term":[{"taxonomy":"product_brand","embeddable":true,"href":"https:\/\/arturosanchez.com\/it\/wp-json\/wp\/v2\/product_brand?post=26320"},{"taxonomy":"product_cat","embeddable":true,"href":"https:\/\/arturosanchez.com\/it\/wp-json\/wp\/v2\/product_cat?post=26320"},{"taxonomy":"product_tag","embeddable":true,"href":"https:\/\/arturosanchez.com\/it\/wp-json\/wp\/v2\/product_tag?post=26320"}],"curies":[{"name":"wp","href":"https:\/\/api.w.org\/{rel}","templated":true}]}}