{"id":26324,"date":"2022-07-15T07:30:49","date_gmt":"2022-07-15T07:30:49","guid":{"rendered":"https:\/\/arturosanchez.com\/?post_type=product&#038;p=26324"},"modified":"2025-09-23T15:15:44","modified_gmt":"2025-09-23T13:15:44","slug":"chorizo-di-gran-reserva-allevato-a-ghiande","status":"publish","type":"product","link":"https:\/\/arturosanchez.com\/it\/comprare\/chorizo-di-gran-reserva-allevato-a-ghiande\/","title":{"rendered":"Chorizo di Bellota Gran Reserva"},"content":{"rendered":"<p>Il Chorizo Ib\u00e9rico de Bellota \u00e8 attraente e vivace, dentro e fuori. Raggiungere il suo perfetto equilibrio \u00e8 una sfida che si vince con l&#8217;abilit\u00e0 nella sapiente combinazione delle spezie e delle migliori materie prime.<\/p>\n<p>La pluma iberica, il secreto e la presa sono la sua base fondamentale. Il suo condimento, una marinata, \u00e8 il risultato dell&#8217;ingegno e del know-how della nostra famiglia.<\/p>\n<ul>\n<li>Pezzo intero di circa 500 g.<\/li>\n<li>Minimo 6 mesi di stagionatura naturale.<\/li>\n<li>Elaborato con Presa, Pluma e Secreto (lombo di maiale)<\/li>\n<li>100% carne di maiale iberico con suini alimentati a doppia ghianda<\/li>\n<\/ul>\n<p>&nbsp;<\/p>\n<p><img decoding=\"async\" src=\"https:\/\/arturosanchez.com\/tienda\/img\/cms\/Sin-gluten-AS.png\" alt=\"-\" width=\"60\" height=\"60\" title=\"-\"><img decoding=\"async\" src=\"https:\/\/arturosanchez.com\/tienda\/img\/cms\/Sin-lactosa-AS.png\" alt=\"-\" width=\"60\" height=\"60\" title=\"-\"><\/p>\n","protected":false},"excerpt":{"rendered":"<p>Il Chorizo Ib\u00e9rico de Bellota \u00e8 attraente e vivace, dentro e fuori. Raggiungere il suo perfetto equilibrio \u00e8 una sfida che si vince con l&#8217;abilit\u00e0 nella sapiente combinazione delle spezie e delle migliori materie prime. La pluma iberica, il secreto e la presa sono la sua base fondamentale. Il suo condimento, una marinata, \u00e8 il [&hellip;]<\/p>\n","protected":false},"featured_media":36115,"comment_status":"open","ping_status":"closed","template":"","meta":{"wprm-recipe-roundup-name":"","wprm-recipe-roundup-description":""},"product_brand":[],"product_cat":[869,916],"product_tag":[],"class_list":{"0":"post-26324","1":"product","2":"type-product","3":"status-publish","4":"has-post-thumbnail","6":"product_cat-salumi-prodotti-iberici","7":"product_cat-chorizo-it","9":"first","10":"instock","11":"taxable","12":"shipping-taxable","13":"purchasable","14":"product-type-simple"},"_links":{"self":[{"href":"https:\/\/arturosanchez.com\/it\/wp-json\/wp\/v2\/product\/26324","targetHints":{"allow":["GET"]}}],"collection":[{"href":"https:\/\/arturosanchez.com\/it\/wp-json\/wp\/v2\/product"}],"about":[{"href":"https:\/\/arturosanchez.com\/it\/wp-json\/wp\/v2\/types\/product"}],"replies":[{"embeddable":true,"href":"https:\/\/arturosanchez.com\/it\/wp-json\/wp\/v2\/comments?post=26324"}],"wp:featuredmedia":[{"embeddable":true,"href":"https:\/\/arturosanchez.com\/it\/wp-json\/wp\/v2\/media\/36115"}],"wp:attachment":[{"href":"https:\/\/arturosanchez.com\/it\/wp-json\/wp\/v2\/media?parent=26324"}],"wp:term":[{"taxonomy":"product_brand","embeddable":true,"href":"https:\/\/arturosanchez.com\/it\/wp-json\/wp\/v2\/product_brand?post=26324"},{"taxonomy":"product_cat","embeddable":true,"href":"https:\/\/arturosanchez.com\/it\/wp-json\/wp\/v2\/product_cat?post=26324"},{"taxonomy":"product_tag","embeddable":true,"href":"https:\/\/arturosanchez.com\/it\/wp-json\/wp\/v2\/product_tag?post=26324"}],"curies":[{"name":"wp","href":"https:\/\/api.w.org\/{rel}","templated":true}]}}