{"id":26362,"date":"2022-07-14T07:31:13","date_gmt":"2022-07-14T05:31:13","guid":{"rendered":"https:\/\/arturosanchez.com\/?post_type=product&#038;p=26362"},"modified":"2022-10-27T09:41:11","modified_gmt":"2022-10-27T09:41:11","slug":"salame-spagnolo-chorizo-de-bellota-gran-riserva-a-fette","status":"publish","type":"product","link":"https:\/\/arturosanchez.com\/it\/comprare\/salame-spagnolo-chorizo-de-bellota-gran-riserva-a-fette\/","title":{"rendered":"Blister di Chorizo \u200b\u200bGran Reserva di Ghianda 80gr"},"content":{"rendered":"<p>Il Chorizo Ib\u00e9rico de Bellota \u00e8 attraente e vivace, dentro e fuori. Raggiungere il suo perfetto equilibrio \u00e8 una sfida che si vince con l&#8217;abilit\u00e0 nella sapiente combinazione delle spezie e delle migliori materie prime.<\/p>\n<p>La pluma iberica, il secreto e la presa sono la sua base fondamentale. Il suo condimento, una marinata, \u00e8 il risultato dell&#8217;ingegno e del know-how della nostra famiglia.<\/p>\n<ul>\n<li>Blister da 80gr<\/li>\n<li>Minimo 6 mesi di stagionatura naturale<\/li>\n<li>Elaborato con Presa, Pluma e Secreto<\/li>\n<li>100% carne di maiale iberica con suini alimentati a doppia ghianda<\/li>\n<\/ul>\n<p>&nbsp;<\/p>\n<p><img decoding=\"async\" src=\"https:\/\/arturosanchez.com\/tienda\/img\/cms\/Sin-gluten-AS.png\" alt=\"-\" width=\"60\" height=\"60\" title=\"-\"><img decoding=\"async\" src=\"https:\/\/arturosanchez.com\/tienda\/img\/cms\/Sin-lactosa-AS.png\" alt=\"-\" width=\"60\" height=\"60\" title=\"-\"><\/p>\n","protected":false},"excerpt":{"rendered":"<p>Il Chorizo Ib\u00e9rico de Bellota \u00e8 attraente e vivace, dentro e fuori. Raggiungere il suo perfetto equilibrio \u00e8 una sfida che si vince con l&#8217;abilit\u00e0 nella sapiente combinazione delle spezie e delle migliori materie prime. La pluma iberica, il secreto e la presa sono la sua base fondamentale. Il suo condimento, una marinata, \u00e8 il [&hellip;]<\/p>\n","protected":false},"featured_media":25373,"comment_status":"open","ping_status":"closed","template":"","meta":{"wprm-recipe-roundup-name":"","wprm-recipe-roundup-description":""},"product_brand":[],"product_cat":[884,869],"product_tag":[],"class_list":{"0":"post-26362","1":"product","2":"type-product","3":"status-publish","4":"has-post-thumbnail","6":"product_cat-a-fette","7":"product_cat-salumi-prodotti-iberici","9":"first","10":"instock","11":"taxable","12":"shipping-taxable","13":"purchasable","14":"product-type-simple"},"_links":{"self":[{"href":"https:\/\/arturosanchez.com\/it\/wp-json\/wp\/v2\/product\/26362","targetHints":{"allow":["GET"]}}],"collection":[{"href":"https:\/\/arturosanchez.com\/it\/wp-json\/wp\/v2\/product"}],"about":[{"href":"https:\/\/arturosanchez.com\/it\/wp-json\/wp\/v2\/types\/product"}],"replies":[{"embeddable":true,"href":"https:\/\/arturosanchez.com\/it\/wp-json\/wp\/v2\/comments?post=26362"}],"wp:featuredmedia":[{"embeddable":true,"href":"https:\/\/arturosanchez.com\/it\/wp-json\/wp\/v2\/media\/25373"}],"wp:attachment":[{"href":"https:\/\/arturosanchez.com\/it\/wp-json\/wp\/v2\/media?parent=26362"}],"wp:term":[{"taxonomy":"product_brand","embeddable":true,"href":"https:\/\/arturosanchez.com\/it\/wp-json\/wp\/v2\/product_brand?post=26362"},{"taxonomy":"product_cat","embeddable":true,"href":"https:\/\/arturosanchez.com\/it\/wp-json\/wp\/v2\/product_cat?post=26362"},{"taxonomy":"product_tag","embeddable":true,"href":"https:\/\/arturosanchez.com\/it\/wp-json\/wp\/v2\/product_tag?post=26362"}],"curies":[{"name":"wp","href":"https:\/\/api.w.org\/{rel}","templated":true}]}}