{"id":26412,"date":"2022-07-11T07:39:43","date_gmt":"2022-07-11T05:39:43","guid":{"rendered":"https:\/\/arturosanchez.com\/?post_type=product&#038;p=26412"},"modified":"2022-10-27T10:02:47","modified_gmt":"2022-10-27T10:02:47","slug":"salame-spagnolo-chorizo-de-bellota-gran-riserva-a-fette-2","status":"publish","type":"product","link":"https:\/\/arturosanchez.com\/it\/comprare\/salame-spagnolo-chorizo-de-bellota-gran-riserva-a-fette-2\/","title":{"rendered":"Salchich\u00f3n Gran Reserva Affettato Di Ghianda 80Gr"},"content":{"rendered":"<p>Il salame spagnolo del tipo \u201cchorizo\u201d, con paprika dolce, elaborato con suini iberici alimentati a ghiande \u00e8 attraente e vivace, all&#8217;esterno e all&#8217;interno. Raggiungere il suo perfetto equilibrio \u00e8 una sfida che viene superata con abilit\u00e0 dalla sapiente combinazione di spezie e la migliore materia prima<\/p>\n<p>I tagli succosi della pluma, il secreto e la presa sono la base della sua elaborazione. Il suo condimento, un frutto dell&#8217;ingegno e del know-how della nostra famiglia.<\/p>\n<ul>\n<li>Blister da 80gr<\/li>\n<li>Minimo 6 mesi di stagionatura naturale<\/li>\n<li>Elaborato con Presa, Pluma e Secreto<\/li>\n<li>100% carne di maiale iberica con suini alimentati a doppia ghianda<\/li>\n<\/ul>\n<p>&nbsp;<\/p>\n<p><img decoding=\"async\" src=\"https:\/\/arturosanchez.com\/tienda\/img\/cms\/Sin-gluten-AS.png\" alt=\"-\" width=\"60\" height=\"60\" title=\"-\"><img decoding=\"async\" src=\"https:\/\/arturosanchez.com\/tienda\/img\/cms\/Sin-lactosa-AS.png\" alt=\"-\" width=\"60\" height=\"60\" title=\"-\"><\/p>\n","protected":false},"excerpt":{"rendered":"<p>Il salame spagnolo del tipo \u201cchorizo\u201d, con paprika dolce, elaborato con suini iberici alimentati a ghiande \u00e8 attraente e vivace, all&#8217;esterno e all&#8217;interno. Raggiungere il suo perfetto equilibrio \u00e8 una sfida che viene superata con abilit\u00e0 dalla sapiente combinazione di spezie e la migliore materia prima I tagli succosi della pluma, il secreto e la [&hellip;]<\/p>\n","protected":false},"featured_media":25343,"comment_status":"open","ping_status":"closed","template":"","meta":{"wprm-recipe-roundup-name":"","wprm-recipe-roundup-description":""},"product_brand":[],"product_cat":[884,931,869],"product_tag":[],"class_list":{"0":"post-26412","1":"product","2":"type-product","3":"status-publish","4":"has-post-thumbnail","6":"product_cat-a-fette","7":"product_cat-salame","8":"product_cat-salumi-prodotti-iberici","10":"first","11":"instock","12":"taxable","13":"shipping-taxable","14":"purchasable","15":"product-type-simple"},"_links":{"self":[{"href":"https:\/\/arturosanchez.com\/it\/wp-json\/wp\/v2\/product\/26412","targetHints":{"allow":["GET"]}}],"collection":[{"href":"https:\/\/arturosanchez.com\/it\/wp-json\/wp\/v2\/product"}],"about":[{"href":"https:\/\/arturosanchez.com\/it\/wp-json\/wp\/v2\/types\/product"}],"replies":[{"embeddable":true,"href":"https:\/\/arturosanchez.com\/it\/wp-json\/wp\/v2\/comments?post=26412"}],"wp:featuredmedia":[{"embeddable":true,"href":"https:\/\/arturosanchez.com\/it\/wp-json\/wp\/v2\/media\/25343"}],"wp:attachment":[{"href":"https:\/\/arturosanchez.com\/it\/wp-json\/wp\/v2\/media?parent=26412"}],"wp:term":[{"taxonomy":"product_brand","embeddable":true,"href":"https:\/\/arturosanchez.com\/it\/wp-json\/wp\/v2\/product_brand?post=26412"},{"taxonomy":"product_cat","embeddable":true,"href":"https:\/\/arturosanchez.com\/it\/wp-json\/wp\/v2\/product_cat?post=26412"},{"taxonomy":"product_tag","embeddable":true,"href":"https:\/\/arturosanchez.com\/it\/wp-json\/wp\/v2\/product_tag?post=26412"}],"curies":[{"name":"wp","href":"https:\/\/api.w.org\/{rel}","templated":true}]}}