{"id":27265,"date":"2022-07-20T10:31:00","date_gmt":"2022-07-20T08:31:00","guid":{"rendered":"https:\/\/arturosanchez.com\/?post_type=product&#038;p=27265"},"modified":"2022-09-13T10:43:29","modified_gmt":"2022-09-13T10:43:29","slug":"spalla-iberica-100-di-ghianda-affettata","status":"publish","type":"product","link":"https:\/\/arturosanchez.com\/it\/comprare\/spalla-iberica-100-di-ghianda-affettata\/","title":{"rendered":"Spalla iberica 100% di ghianda affettata"},"content":{"rendered":"<p>Proveniente dalle zampe anteriori dei nostri maiali iberici al 100% alimentati naturalmente a ghiande con due anni di vita e doppio perido di pascolo, la spalla iberica \u201cde bellota\u201d Arturo S\u00e1nchez \u00e8 un prodotto realmente unico.<\/p>\n<p>Un punto di sapidit\u00e0 perfetto combinato con la nostra stagionatura completamente naturale per oltre 30 mesi si traduce in un prodotto eccellente, con una perfetta infiltrazione di grasso. Un aroma e un sapore che sorprendono sempre.<\/p>\n<p><strong>Formati<\/strong><\/p>\n<ul>\n<li>Pezzo intero 4-5 kg.<\/li>\n<li>Disossato 2-2,5 kg.<\/li>\n<li>A fette in 18 Buste da 80 g., osso e cubetti di spalla<\/li>\n<\/ul>\n<ul>\n<li>Minimo 36 mesi di stagionatura naturale<\/li>\n<li>Certificato iberico al 100% \u201cde bellota\u201d alimentato a ghiande<\/li>\n<li>Maiale iberico con doppia montanera (pascolo)<\/li>\n<\/ul>\n<p>&nbsp;<\/p>\n<p><img decoding=\"async\" src=\"https:\/\/arturosanchez.com\/tienda\/img\/cms\/Sin-gluten-AS.png\" alt=\"-\" width=\"60\" height=\"60\" title=\"-\"><img decoding=\"async\" src=\"https:\/\/arturosanchez.com\/tienda\/img\/cms\/Sin-lactosa-AS.png\" alt=\"-\" width=\"60\" height=\"60\" title=\"-\"><img decoding=\"async\" src=\"https:\/\/arturosanchez.com\/tienda\/img\/cms\/Corte-cuchillo-Arturo.png\" alt=\"-\" width=\"68\" height=\"60\" title=\"-\"><\/p>\n","protected":false},"excerpt":{"rendered":"<p>Proveniente dalle zampe anteriori dei nostri maiali iberici al 100% alimentati naturalmente a ghiande con due anni di vita e doppio perido di pascolo, la spalla iberica \u201cde bellota\u201d Arturo S\u00e1nchez \u00e8 un prodotto realmente unico. Un punto di sapidit\u00e0 perfetto combinato con la nostra stagionatura completamente naturale per oltre 30 mesi si traduce in [&hellip;]<\/p>\n","protected":false},"featured_media":25433,"comment_status":"open","ping_status":"closed","template":"","meta":{"wprm-recipe-roundup-name":"","wprm-recipe-roundup-description":""},"product_brand":[],"product_cat":[884,879],"product_tag":[],"class_list":{"0":"post-27265","1":"product","2":"type-product","3":"status-publish","4":"has-post-thumbnail","6":"product_cat-a-fette","7":"product_cat-spalla-iberica-alimentata-a-ghiande","9":"first","10":"instock","11":"taxable","12":"shipping-taxable","13":"purchasable","14":"product-type-simple"},"_links":{"self":[{"href":"https:\/\/arturosanchez.com\/it\/wp-json\/wp\/v2\/product\/27265","targetHints":{"allow":["GET"]}}],"collection":[{"href":"https:\/\/arturosanchez.com\/it\/wp-json\/wp\/v2\/product"}],"about":[{"href":"https:\/\/arturosanchez.com\/it\/wp-json\/wp\/v2\/types\/product"}],"replies":[{"embeddable":true,"href":"https:\/\/arturosanchez.com\/it\/wp-json\/wp\/v2\/comments?post=27265"}],"wp:featuredmedia":[{"embeddable":true,"href":"https:\/\/arturosanchez.com\/it\/wp-json\/wp\/v2\/media\/25433"}],"wp:attachment":[{"href":"https:\/\/arturosanchez.com\/it\/wp-json\/wp\/v2\/media?parent=27265"}],"wp:term":[{"taxonomy":"product_brand","embeddable":true,"href":"https:\/\/arturosanchez.com\/it\/wp-json\/wp\/v2\/product_brand?post=27265"},{"taxonomy":"product_cat","embeddable":true,"href":"https:\/\/arturosanchez.com\/it\/wp-json\/wp\/v2\/product_cat?post=27265"},{"taxonomy":"product_tag","embeddable":true,"href":"https:\/\/arturosanchez.com\/it\/wp-json\/wp\/v2\/product_tag?post=27265"}],"curies":[{"name":"wp","href":"https:\/\/api.w.org\/{rel}","templated":true}]}}