{"id":26262,"date":"2022-07-06T11:19:43","date_gmt":"2022-07-06T11:19:43","guid":{"rendered":"https:\/\/arturosanchez.com\/%e7%a7%81%e3%81%ae%e3%82%a2%e3%82%ab%e3%82%a6%e3%83%b3%e3%83%88\/"},"modified":"2022-09-14T10:39:42","modified_gmt":"2022-09-14T10:39:42","slug":"my-account","status":"publish","type":"page","link":"https:\/\/arturosanchez.com\/ja\/my-account\/","title":{"rendered":"\u79c1\u306e\u30a2\u30ab\u30a6\u30f3\u30c8"},"content":{"rendered":"<div class=\"woocommerce\">\n<div class=\"jet-woo-builder-woocommerce-myaccount-login-page\">\n\n\t<div class=\"woocommerce-notices-wrapper\"><\/div>\n\t<div id=\"customer_login\">\n\t\t\t\t<div data-elementor-type=\"jet-woo-builder-myaccount\" data-elementor-id=\"27553\" class=\"elementor elementor-27553 elementor-27551\" data-elementor-post-type=\"jet-woo-builder\">\n\t\t\t\t\t\t<section class=\"elementor-section elementor-top-section elementor-element elementor-element-51a2a83a elementor-section-stretched elementor-section-boxed elementor-section-height-default elementor-section-height-default\" data-id=\"51a2a83a\" data-element_type=\"section\" data-settings=\"{&quot;stretch_section&quot;:&quot;section-stretched&quot;}\">\n\t\t\t\t\t\t<div class=\"elementor-container elementor-column-gap-no\">\n\t\t\t\t\t<div class=\"elementor-column elementor-col-100 elementor-top-column elementor-element elementor-element-5ab36884\" data-id=\"5ab36884\" data-element_type=\"column\">\n\t\t\t<div class=\"elementor-widget-wrap elementor-element-populated\">\n\t\t\t\t\t\t<div class=\"elementor-element elementor-element-5dfe78fc elementor-widget__width-initial elementor-widget-mobile__width-initial elementor-widget elementor-widget-heading\" data-id=\"5dfe78fc\" data-element_type=\"widget\" data-widget_type=\"heading.default\">\n\t\t\t\t<div class=\"elementor-widget-container\">\n\t\t\t<div class=\"elementor-heading-title elementor-size-medium\">My account<\/div>\t\t<\/div>\n\t\t\t\t<\/div>\n\t\t\t\t<div class=\"elementor-element elementor-element-62eef11b elementor-widget__width-initial elementor-absolute elementor-hidden-phone elementor-widget-divider--view-line elementor-widget elementor-widget-divider\" data-id=\"62eef11b\" data-element_type=\"widget\" data-settings=\"{&quot;_position&quot;:&quot;absolute&quot;}\" data-widget_type=\"divider.default\">\n\t\t\t\t<div class=\"elementor-widget-container\">\n\t\t\t\t\t<div class=\"elementor-divider\">\n\t\t\t<span class=\"elementor-divider-separator\">\n\t\t\t\t\t\t<\/span>\n\t\t<\/div>\n\t\t\t\t<\/div>\n\t\t\t\t<\/div>\n\t\t\t\t\t<\/div>\n\t\t<\/div>\n\t\t\t\t\t<\/div>\n\t\t<\/section>\n\t\t\t\t<section class=\"elementor-section elementor-top-section elementor-element elementor-element-43a229de elementor-section-boxed elementor-section-height-default elementor-section-height-default\" data-id=\"43a229de\" data-element_type=\"section\">\n\t\t\t\t\t\t<div class=\"elementor-container elementor-column-gap-wider\">\n\t\t\t\t\t<div class=\"elementor-column elementor-col-50 elementor-top-column elementor-element elementor-element-5b998ac0\" data-id=\"5b998ac0\" data-element_type=\"column\">\n\t\t\t<div class=\"elementor-widget-wrap elementor-element-populated\">\n\t\t\t\t\t\t<div class=\"elementor-element elementor-element-20fd3971 elementor-widget__width-initial elementor-widget elementor-widget-jet-myaccount-login-form\" data-id=\"20fd3971\" data-element_type=\"widget\" data-widget_type=\"jet-myaccount-login-form.default\">\n\t\t\t\t<div class=\"elementor-widget-container\">\n\t\t\t<div class=\"elementor-jet-myaccount-login-form jet-woo-builder\">\n<h2>\u30ed\u30b0\u30a4\u30f3<\/h2>\n\n<form class=\"woocommerce-form woocommerce-form-login login\" method=\"post\" novalidate>\n\n\t\n\t<p class=\"woocommerce-form-row woocommerce-form-row--wide form-row form-row-wide\">\n\t\t<label for=\"username\">\u30e6\u30fc\u30b6\u30fc\u540d\u307e\u305f\u306f\u30e1\u30fc\u30eb\u30a2\u30c9\u30ec\u30b9&nbsp;<span class=\"required\">*<\/span><\/label>\n\t\t<input type=\"text\" class=\"woocommerce-Input woocommerce-Input--text input-text\" name=\"username\" id=\"username\" autocomplete=\"username\" value=\"\" \/>\t<\/p>\n\t<p class=\"woocommerce-form-row woocommerce-form-row--wide form-row form-row-wide\">\n\t\t<label for=\"password\">\u30d1\u30b9\u30ef\u30fc\u30c9&nbsp;<span class=\"required\">*<\/span><\/label>\n\t\t<input class=\"woocommerce-Input woocommerce-Input--text input-text\" type=\"password\" name=\"password\" id=\"password\" autocomplete=\"current-password\" \/>\n\t<\/p>\n\n\t\n\t<p class=\"form-row\">\n\t\t<label class=\"woocommerce-form__label woocommerce-form__label-for-checkbox woocommerce-form-login__rememberme\">\n\t\t\t<input class=\"woocommerce-form__input woocommerce-form__input-checkbox\" name=\"rememberme\" type=\"checkbox\" id=\"rememberme\" value=\"forever\" \/> <span>\u30ed\u30b0\u30a4\u30f3\u72b6\u614b\u3092\u4fdd\u5b58<\/span>\n\t\t<\/label>\n\t\t<input type=\"hidden\" id=\"woocommerce-login-nonce\" name=\"woocommerce-login-nonce\" value=\"c1a8dd1047\" \/><input type=\"hidden\" name=\"_wp_http_referer\" value=\"\/ja\/wp-json\/wp\/v2\/pages\/26262\" \/>\t\t<button type=\"submit\" class=\"woocommerce-button button woocommerce-form-login__submit \" name=\"login\" value=\"\u30ed\u30b0\u30a4\u30f3\">\u30ed\u30b0\u30a4\u30f3<\/button>\n\t<\/p>\n\t<p class=\"woocommerce-LostPassword lost_password\">\n\t\t<a href=\"https:\/\/arturosanchez.com\/ja\/my-account\/lost-password\/\">\u30d1\u30b9\u30ef\u30fc\u30c9\u3092\u304a\u5fd8\u308c\u3067\u3059\u304b ?<\/a>\n\t<\/p>\n\n\t\n<\/form><\/div>\t\t<\/div>\n\t\t\t\t<\/div>\n\t\t\t\t\t<\/div>\n\t\t<\/div>\n\t\t\t\t<div class=\"elementor-column elementor-col-50 elementor-top-column elementor-element elementor-element-2112b7f\" data-id=\"2112b7f\" data-element_type=\"column\">\n\t\t\t<div class=\"elementor-widget-wrap elementor-element-populated\">\n\t\t\t\t\t\t<div class=\"elementor-element elementor-element-158ef660 elementor-widget__width-initial elementor-widget elementor-widget-jet-myaccount-registration-form\" data-id=\"158ef660\" data-element_type=\"widget\" data-widget_type=\"jet-myaccount-registration-form.default\">\n\t\t\t\t<div class=\"elementor-widget-container\">\n\t\t\t<div class=\"elementor-jet-myaccount-registration-form jet-woo-builder\">\n<h2>\u767b\u9332<\/h2>\n\n<form method=\"post\" class=\"woocommerce-form woocommerce-form-register register\"  >\n\n\t\n\t\n\t\t<p class=\"woocommerce-form-row woocommerce-form-row--wide form-row form-row-wide\">\n\t\t\t<label for=\"reg_username\">\u30e6\u30fc\u30b6\u30fc\u540d&nbsp;<span class=\"required\">*<\/span><\/label>\n\t\t\t<input type=\"text\" class=\"woocommerce-Input woocommerce-Input--text input-text\" name=\"username\" id=\"reg_username\" autocomplete=\"username\" value=\"\" \/>\t\t<\/p>\n\n\t\n\t<p class=\"woocommerce-form-row woocommerce-form-row--wide form-row form-row-wide\">\n\t\t<label for=\"reg_email\">\u30e1\u30fc\u30eb\u30a2\u30c9\u30ec\u30b9&nbsp;<span class=\"required\">*<\/span><\/label>\n\t\t<input type=\"email\" class=\"woocommerce-Input woocommerce-Input--text input-text\" name=\"email\" id=\"reg_email\" autocomplete=\"email\" value=\"\" \/>\t<\/p>\n\n\t\n\t\t<p class=\"woocommerce-form-row woocommerce-form-row--wide form-row form-row-wide\">\n\t\t\t<label for=\"reg_password\">\u30d1\u30b9\u30ef\u30fc\u30c9&nbsp;<span class=\"required\">*<\/span><\/label>\n\t\t\t<input type=\"password\" class=\"woocommerce-Input woocommerce-Input--text input-text\" name=\"password\" id=\"reg_password\" autocomplete=\"new-password\" \/>\n\t\t<\/p>\n\n\t\n\t<p class=\"form-row form-row-wide mailchimp-newsletter\"><label for=\"mailchimp_woocommerce_newsletter\" class=\"woocommerce-form__label woocommerce-form__label-for-checkbox inline\"><input class=\"woocommerce-form__input woocommerce-form__input-checkbox input-checkbox\" id=\"mailchimp_woocommerce_newsletter\" type=\"checkbox\" name=\"mailchimp_woocommerce_newsletter\" value=\"1\" checked=\"checked\"> <span>\u30cb\u30e5\u30fc\u30b9\u30ec\u30bf\u30fc\u3092\u8cfc\u8aad\u3059\u308b<\/span><\/label><\/p><div class=\"clear\"><\/div><div style='display: block'><div id='mailchimp-gdpr-fields'><p>\u79c1\u305f\u3061\u304b\u3089\u805e\u304d\u305f\u3044\u65b9\u6cd5\u3092\u3059\u3079\u3066\u9078\u629e\u3057\u3066\u304f\u3060\u3055\u3044<div class='clear' ><\/div><input type='hidden' value='0' name='mailchimp_woocommerce_gdpr[8b467f44ac]'><label for='mailchimp_woocommerce_gdpr[8b467f44ac]' class='woocommerce-form__label woocommerce-form__label-for-checkbox inline'><input class='woocommerce-form__input woocommerce-form__input-checkbox input-checkbox' id='mailchimp_woocommerce_gdpr[8b467f44ac]' type='checkbox' name='mailchimp_woocommerce_gdpr[8b467f44ac]' value='1'><span>Acepto la pol\u00edtica de privacidad<\/span><\/label><div class='clear'><\/div><\/p><\/div><\/div><p class=\"form-row form-row rgpd validate-required\" id=\"politica_privacidad_registro_field\" data-priority=\"\"><span class=\"woocommerce-input-wrapper\"><label class=\"checkbox woocommerce-form__label woocommerce-form__label-for-checkbox checkbox\" ><input type=\"checkbox\" name=\"politica_privacidad_registro\" id=\"politica_privacidad_registro\" value=\"1\" class=\"input-checkbox woocommerce-form__input woocommerce-form__input-checkbox input-checkbox\"  aria-required=\"true\" \/> He le\u00eddo y acepto la <a href=\"\/politica-privacidad\/\">Pol\u00edtica de Privacidad<\/a>&nbsp;<span class=\"required\" aria-hidden=\"true\">*<\/span><\/label><\/span><\/p><wc-order-attribution-inputs><\/wc-order-attribution-inputs><div class=\"woocommerce-privacy-policy-text\"><p>Responsable del tratamiento: ARTURO S\u00c1NCHEZ E HIJOS, S.L. Finalidad: Atender la solicitud de registro solicitada a trav\u00e9s del formulario. Legitimaci\u00f3n: Ejecuci\u00f3n de la relaci\u00f3n contractual establecida por las partes y consentimiento prestado por el afectado. Destinatarios: No se ceder\u00e1n datos a terceros, salvo obligaci\u00f3n legal o supuestos de inter\u00e9s leg\u00edtimo corporativo entre las empresas titularidad del responsable. No existen transferencias internacionales de datos. Derechos: Podr\u00e1 ejercer sus derechos de acceso, rectificaci\u00f3n, supresi\u00f3n, portabilidad, oposici\u00f3n y\/o limitaci\u00f3n al tratamiento y a no ser objeto de una decisi\u00f3n basada \u00fanicamente en el tratamiento de datos automatizado, incluida la elaboraci\u00f3n de perfiles, as\u00ed como revocar los consentimientos otorgados dirigiendo su solicitud ARTURO S\u00c1NCHEZ E HIJOS, S.L., C\/ Filiberto Villalobos, 73, de Guijuelo o a la direcci\u00f3n info@arturosanchez.com tal y como se indica en la <a href=\"https:\/\/arturosanchez.com\/politica-de-privacidad\/\" class=\"woocommerce-privacy-policy-link\" target=\"_blank\">\u30d7\u30e9\u30a4\u30d0\u30b7\u30fc\u30dd\u30ea\u30b7\u30fc<\/a>.<\/p>\n<\/div>\n\t<p class=\"woocommerce-form-row form-row\">\n\t\t<input type=\"hidden\" id=\"woocommerce-register-nonce\" name=\"woocommerce-register-nonce\" value=\"7241ffac52\" \/><input type=\"hidden\" name=\"_wp_http_referer\" value=\"\/ja\/wp-json\/wp\/v2\/pages\/26262\" \/>\t\t<button type=\"submit\" class=\"woocommerce-Button woocommerce-button button woocommerce-form-register__submit \" name=\"register\" value=\"\u767b\u9332\">\u767b\u9332<\/button>\n\t<\/p>\n\n\t\n<\/form><\/div>\t\t<\/div>\n\t\t\t\t<\/div>\n\t\t\t\t\t<\/div>\n\t\t<\/div>\n\t\t\t\t\t<\/div>\n\t\t<\/section>\n\t\t\t\t<\/div>\n\t\t\t<\/div>\n\n\t\n<\/div>\n\n<\/div>\n","protected":false},"excerpt":{"rendered":"","protected":false},"author":1353,"featured_media":0,"parent":0,"menu_order":0,"comment_status":"closed","ping_status":"closed","template":"","meta":{"wprm-recipe-roundup-name":"","wprm-recipe-roundup-description":"","footnotes":""},"class_list":["post-26262","page","type-page","status-publish","hentry"],"_links":{"self":[{"href":"https:\/\/arturosanchez.com\/ja\/wp-json\/wp\/v2\/pages\/26262","targetHints":{"allow":["GET"]}}],"collection":[{"href":"https:\/\/arturosanchez.com\/ja\/wp-json\/wp\/v2\/pages"}],"about":[{"href":"https:\/\/arturosanchez.com\/ja\/wp-json\/wp\/v2\/types\/page"}],"author":[{"embeddable":true,"href":"https:\/\/arturosanchez.com\/ja\/wp-json\/wp\/v2\/users\/1353"}],"replies":[{"embeddable":true,"href":"https:\/\/arturosanchez.com\/ja\/wp-json\/wp\/v2\/comments?post=26262"}],"version-history":[{"count":0,"href":"https:\/\/arturosanchez.com\/ja\/wp-json\/wp\/v2\/pages\/26262\/revisions"}],"wp:attachment":[{"href":"https:\/\/arturosanchez.com\/ja\/wp-json\/wp\/v2\/media?parent=26262"}],"curies":[{"name":"wp","href":"https:\/\/api.w.org\/{rel}","templated":true}]}}