{"id":26419,"date":"2022-07-11T07:39:43","date_gmt":"2022-07-11T05:39:43","guid":{"rendered":"https:\/\/arturosanchez.com\/?post_type=product&#038;p=26419"},"modified":"2022-10-27T09:58:02","modified_gmt":"2022-10-27T09:58:02","slug":"acorn-fed-chorizo-grand-reserve-sliced-80gr-2","status":"publish","type":"product","link":"https:\/\/arturosanchez.com\/zh-hans\/buy\/acorn-fed-chorizo-grand-reserve-sliced-80gr-2\/","title":{"rendered":"\u5438\u5851\u5305\u88c5\u7684Bellota Salchich\u00f3n Gran Reserva 80gr"},"content":{"rendered":"<p>Salchich\u00f3n Ib\u00e9rico de Bellota\u7684\u5185\u90e8\u548c\u5916\u90e8\u90fd\u5f88\u6709\u5438\u5f15\u529b\uff0c\u5f88\u6709\u6d3b\u529b\u3002\u5b9e\u73b0\u5176\u5b8c\u7f8e\u7684\u5e73\u8861\u662f\u4e00\u4e2a\u6311\u6218\uff0c\u8981\u901a\u8fc7\u9999\u6599\u548c\u6700\u4f73\u539f\u6750\u6599\u7684\u660e\u667a\u7ec4\u5408\u7684\u6280\u5de7\u6765\u514b\u670d\u3002<\/p>\n<p>\u4f0a\u6bd4\u5229\u4e9a\u4eba\u7684pluma\u3001secreto\u548cpresa\u662f\u5176\u57fa\u672c\u7684\u57fa\u7840\u3002\u5b83\u7684\u8c03\u6599\u662f\u4e00\u79cd\u814c\u5236\u6750\u6599\uff0c\u662f\u6211\u4eec\u5bb6\u65cf\u7684\u667a\u6167\u548c\u6280\u672f\u7684\u7ed3\u6676\u3002<\/p>\n<ul>\n<li>80\u514b\u6ce1\u88c5<\/li>\n<li>\u81f3\u5c116\u4e2a\u6708\u7684\u81ea\u7136\u814c\u5236<\/li>\n<li>\u7528Presa\u3001Pluma\u548cSecreto\u7cbe\u5fc3\u5236\u4f5c\u7684\u3002<\/li>\n<li>100%\u4f0a\u6bd4\u5229\u4e9a\u732a\u8089\uff0c\u7528\u53cc\u6a61\u5b50\u5582\u517b\u7684\u6a61\u5b50\u732a\u3002<\/li>\n<\/ul>\n","protected":false},"excerpt":{"rendered":"<p>Salchich\u00f3n Ib\u00e9rico de Bellota\u7684\u5185\u90e8\u548c\u5916\u90e8\u90fd\u5f88\u6709\u5438\u5f15\u529b\uff0c\u5f88\u6709\u6d3b\u529b\u3002\u5b9e\u73b0\u5176\u5b8c\u7f8e\u7684\u5e73\u8861 [&hellip;]<\/p>\n","protected":false},"featured_media":25340,"comment_status":"open","ping_status":"closed","template":"","meta":{"wprm-recipe-roundup-name":"","wprm-recipe-roundup-description":""},"product_brand":[],"product_cat":[881,929,866],"product_tag":[],"class_list":{"0":"post-26419","1":"product","2":"type-product","3":"status-publish","4":"has-post-thumbnail","6":"product_cat-sliced-meat","7":"product_cat-salami-zh-hans","8":"product_cat-cold-meats-iberian-products","10":"first","11":"instock","12":"taxable","13":"shipping-taxable","14":"purchasable","15":"product-type-simple"},"_links":{"self":[{"href":"https:\/\/arturosanchez.com\/zh-hans\/wp-json\/wp\/v2\/product\/26419","targetHints":{"allow":["GET"]}}],"collection":[{"href":"https:\/\/arturosanchez.com\/zh-hans\/wp-json\/wp\/v2\/product"}],"about":[{"href":"https:\/\/arturosanchez.com\/zh-hans\/wp-json\/wp\/v2\/types\/product"}],"replies":[{"embeddable":true,"href":"https:\/\/arturosanchez.com\/zh-hans\/wp-json\/wp\/v2\/comments?post=26419"}],"wp:featuredmedia":[{"embeddable":true,"href":"https:\/\/arturosanchez.com\/zh-hans\/wp-json\/wp\/v2\/media\/25340"}],"wp:attachment":[{"href":"https:\/\/arturosanchez.com\/zh-hans\/wp-json\/wp\/v2\/media?parent=26419"}],"wp:term":[{"taxonomy":"product_brand","embeddable":true,"href":"https:\/\/arturosanchez.com\/zh-hans\/wp-json\/wp\/v2\/product_brand?post=26419"},{"taxonomy":"product_cat","embeddable":true,"href":"https:\/\/arturosanchez.com\/zh-hans\/wp-json\/wp\/v2\/product_cat?post=26419"},{"taxonomy":"product_tag","embeddable":true,"href":"https:\/\/arturosanchez.com\/zh-hans\/wp-json\/wp\/v2\/product_tag?post=26419"}],"curies":[{"name":"wp","href":"https:\/\/api.w.org\/{rel}","templated":true}]}}